{"id":587819,"date":"2025-03-04T22:29:23","date_gmt":"2025-03-04T21:29:23","guid":{"rendered":"https:\/\/shop.kustom.ch\/?post_type=product&#038;p=587819"},"modified":"2026-03-31T08:50:10","modified_gmt":"2026-03-31T07:50:10","slug":"uv-polo-shirt-high-vis-klasse-1","status":"publish","type":"product","link":"https:\/\/shop.kustom.ch\/it\/prodotto\/uv-polo-shirt-high-vis-klasse-1\/","title":{"rendered":"Polo UV High Vis Classe 1"},"content":{"rendered":"<p>Polo morbida e confortevole in fibra di carbonio di bamb\u00f9 con strisce riflettenti interrotte per eccellenti propriet\u00e0 elastiche e di traspirazione. Questa polo offre protezione dai raggi UV e il tessuto ha un effetto antiodore per prevenire i cattivi odori. La polo ha un colletto a costine e una scollatura con bottoni. Certificata secondo la norma EN ISO 20471 classe 1, gruppo di certificazione D e EN 13758-2 UPF 40+.<\/p>\n<p>DETTAGLI: Stampa Bl\u00e5kl\u00e4der sulla spalla. Scollo con bottoni. Colletto a coste. Cuciture del collo rinforzate. FUNZIONALIT\u00c0: Tessuto ad alto trasporto di umidit\u00e0. PROPRIET\u00c0 PRINCIPALI: Lavoratori stradali ed edili. EN 13758-2. REFLEX: strisce riflettenti su corpo e maniche. TESSUTO: Uomo. blu. Protezione UV. Protezione ad alta visibilit\u00e0. ISTRUZIONI DI LAVAGGIO: Numero di lavaggi: 50, non centrifugare. CERTIFICAZIONE: EN 13758-2 UPF 40+. Gruppo di certificazione D<\/p>\n<p>100% poliestere, maglia polo, traspirabilit\u00e0, protezione UV, 155 g\/m\u00b2<\/p>","protected":false},"excerpt":{"rendered":"<p>Weiches und komfortables Polo Shirt aus Bambuskohlefaser mit unterbrochenen Reflexstreifen f\u00fcr exzellente Stretch Eigenschaften und Atmungsaktivit\u00e4t. Dieses Polo Shirt bietet UV-Schutz und der Stoff hat eine Anti-Geruch Wirkung, um unangenehme Ger\u00fcche zu vermeiden. Das Polo Shirt hat einen rib-gestrickten Kragen und einen Halsausschnitt mit Kn\u00f6pfen. Zertifiziert nach EN ISO 20471 Klasse 1, Zertifizierungsgruppe D und [&hellip;]<\/p>\n","protected":false},"featured_media":587848,"template":"","meta":[],"product_brand":[],"product_cat":[4193],"product_tag":[],"class_list":{"0":"post-587819","1":"product","2":"type-product","3":"status-publish","4":"has-post-thumbnail","6":"product_cat-polos","7":"pa_brand-blaklaeder","8":"pa_brand-type-workwear","9":"pa_filter-color-blau","10":"pa_filter-color-gelb","11":"pa_filter-color-orange","12":"pa_filter-color-rot","13":"pa_filter-color-schwarz","15":"first","16":"instock","17":"sale","18":"taxable","19":"shipping-taxable","20":"purchasable","21":"product-type-variable","22":"add-to-wishlist-before_image"},"exclude_global_add_ons":[],"addons":[],"acf":[],"_links":{"self":[{"href":"https:\/\/shop.kustom.ch\/it\/wp-json\/wp\/v2\/product\/587819"}],"collection":[{"href":"https:\/\/shop.kustom.ch\/it\/wp-json\/wp\/v2\/product"}],"about":[{"href":"https:\/\/shop.kustom.ch\/it\/wp-json\/wp\/v2\/types\/product"}],"wp:featuredmedia":[{"embeddable":true,"href":"https:\/\/shop.kustom.ch\/it\/wp-json\/wp\/v2\/media\/587848"}],"wp:attachment":[{"href":"https:\/\/shop.kustom.ch\/it\/wp-json\/wp\/v2\/media?parent=587819"}],"wp:term":[{"taxonomy":"product_brand","embeddable":true,"href":"https:\/\/shop.kustom.ch\/it\/wp-json\/wp\/v2\/product_brand?post=587819"},{"taxonomy":"product_cat","embeddable":true,"href":"https:\/\/shop.kustom.ch\/it\/wp-json\/wp\/v2\/product_cat?post=587819"},{"taxonomy":"product_tag","embeddable":true,"href":"https:\/\/shop.kustom.ch\/it\/wp-json\/wp\/v2\/product_tag?post=587819"}],"curies":[{"name":"wp","href":"https:\/\/api.w.org\/{rel}","templated":true}]}}