{"id":587757,"date":"2025-03-04T22:28:48","date_gmt":"2025-03-04T21:28:48","guid":{"rendered":"https:\/\/shop.kustom.ch\/?post_type=product&#038;p=587757"},"modified":"2026-03-31T08:50:04","modified_gmt":"2026-03-31T07:50:04","slug":"damen-high-vis-t-shirt","status":"publish","type":"product","link":"https:\/\/shop.kustom.ch\/it\/prodotto\/damen-high-vis-t-shirt\/","title":{"rendered":"Maglietta donna High Vis"},"content":{"rendered":"<p>T-shirt Hi-Vis con protezione UV in leggero tessuto a maglia con struttura di ventilazione. Il materiale ha propriet\u00e0 traspiranti per una sensazione piacevole e asciutta sul corpo. La T-shirt \u00e8 dotata di strisce diagonali riflettenti. Certificata secondo la norma EN ISO 20471 classe 2 e EN 13758-2 UPF 40+.<\/p>\n<p>DETTAGLI: Scollo a V. Spacchi laterali. FUNZIONALIT\u00c0: Materiale con protezione UV. Taglia da donna. PROPRIET\u00c0 PRINCIPALI: Lavoratori stradali ed edili. EN 13758-2. REFLEX: strisce riflettenti a trasferimento larghe 50 mm. TESSUTO: Disponibile per uomo e donna. Colore giallo alta visibilit\u00e0. Protezione UV. Alta visibilit\u00e0. ISTRUZIONI DI LAVAGGIO: Numero di lavaggi: 50. 60\u00b0 C. CERTIFICAZIONE: EN 13758-2 UPF 40 +. EN ISO 20471, classe 2<\/p>\n<p>100% poliestere, maglia birdseye, trasporto dell'umidit\u00e0, protezione UV, 130g\/m\u00b2<\/p>","protected":false},"excerpt":{"rendered":"<p>Hi-Vis-T-Shirt mit UV-Schutz aus leichtem Strickgewebe mit Struktur f\u00fcr die Bel\u00fcftung. Das Material hat feuchtigkeitstransportierende Eigenschaften f\u00fcr ein angenehmes und trockenes Gef\u00fchl am K\u00f6rper. Das T-Shirt hat diagonale Reflexstreifen. Zertifiziert nach EN ISO 20471 Klasse 2 und EN 13758-2 UPF 40+. DETAILS: V-Ausschnitt. Schlitze an den Seiten. FUNKTIONALIT\u00c4T: Material mit UV-Schutz. Damengr\u00f6sse. HAUPTEIGENSCHAFTEN: Strassen- und [&hellip;]<\/p>\n","protected":false},"featured_media":587820,"template":"","meta":[],"product_brand":[],"product_cat":[4201],"product_tag":[],"class_list":{"0":"post-587757","1":"product","2":"type-product","3":"status-publish","4":"has-post-thumbnail","6":"product_cat-t-shirts","7":"pa_brand-blaklaeder","8":"pa_brand-type-workwear","9":"pa_filter-color-gelb","10":"pa_filter-color-orange","11":"pa_filter-color-rot","13":"first","14":"instock","15":"sale","16":"taxable","17":"shipping-taxable","18":"purchasable","19":"product-type-variable","20":"add-to-wishlist-before_image"},"exclude_global_add_ons":[],"addons":[],"acf":[],"_links":{"self":[{"href":"https:\/\/shop.kustom.ch\/it\/wp-json\/wp\/v2\/product\/587757"}],"collection":[{"href":"https:\/\/shop.kustom.ch\/it\/wp-json\/wp\/v2\/product"}],"about":[{"href":"https:\/\/shop.kustom.ch\/it\/wp-json\/wp\/v2\/types\/product"}],"wp:featuredmedia":[{"embeddable":true,"href":"https:\/\/shop.kustom.ch\/it\/wp-json\/wp\/v2\/media\/587820"}],"wp:attachment":[{"href":"https:\/\/shop.kustom.ch\/it\/wp-json\/wp\/v2\/media?parent=587757"}],"wp:term":[{"taxonomy":"product_brand","embeddable":true,"href":"https:\/\/shop.kustom.ch\/it\/wp-json\/wp\/v2\/product_brand?post=587757"},{"taxonomy":"product_cat","embeddable":true,"href":"https:\/\/shop.kustom.ch\/it\/wp-json\/wp\/v2\/product_cat?post=587757"},{"taxonomy":"product_tag","embeddable":true,"href":"https:\/\/shop.kustom.ch\/it\/wp-json\/wp\/v2\/product_tag?post=587757"}],"curies":[{"name":"wp","href":"https:\/\/api.w.org\/{rel}","templated":true}]}}