{"id":587732,"date":"2025-03-04T22:28:14","date_gmt":"2025-03-04T21:28:14","guid":{"rendered":"https:\/\/shop.kustom.ch\/?post_type=product&#038;p=587732"},"modified":"2026-03-31T08:50:03","modified_gmt":"2026-03-31T07:50:03","slug":"sweatshirt-2","status":"publish","type":"product","link":"https:\/\/shop.kustom.ch\/it\/prodotto\/sweatshirt-2\/","title":{"rendered":"Felpa"},"content":{"rendered":"<p>CHIUSURA: Schiena allungata. Polsini con risvolto. DETTAGLI: Collo rotondo. Cuciture del collo rinforzate. CARATTERISTICHE PRINCIPALI: Autista. Uomo. TESSUTO: Uomo. blu. Profilo. TASCHE: Tasca portapenne sulla manica. ISTRUZIONI DI LAVAGGIO: Non centrifugare.<\/p>\n<p>55% cotone, 45% poliestere, maglia in spugna, spazzolato su un lato, 320 g\/m\u00b2<\/p>","protected":false},"excerpt":{"rendered":"<p>ABSCHLUSS: Verl\u00e4ngerter R\u00fccken. Armabschluss mit B\u00fcndchen. DETAILS: Rundhals. Verst\u00e4rkte Halsn\u00e4hte. HAUPTEIGENSCHAFTEN: Fahrer. Herren. STOFF: Herren. blau. Profil. TASCHEN: Stifttasche am \u00c4rmel. WASCHANLEITUNG: Nicht schleudern 55% Baumwolle, 45% Polyester, Frotteestrick, einseitig aufgeb\u00fcrstet, 320 g\/m\u00b2<\/p>","protected":false},"featured_media":587780,"template":"","meta":[],"product_brand":[],"product_cat":[4184],"product_tag":[],"class_list":{"0":"post-587732","1":"product","2":"type-product","3":"status-publish","4":"has-post-thumbnail","6":"product_cat-hoodies-pullover","7":"pa_brand-blaklaeder","8":"pa_brand-type-workwear","9":"pa_filter-color-blau","10":"pa_filter-color-grau","11":"pa_filter-color-schwarz","13":"first","14":"instock","15":"sale","16":"taxable","17":"shipping-taxable","18":"purchasable","19":"product-type-variable","20":"add-to-wishlist-before_image"},"exclude_global_add_ons":[],"addons":[],"acf":[],"_links":{"self":[{"href":"https:\/\/shop.kustom.ch\/it\/wp-json\/wp\/v2\/product\/587732"}],"collection":[{"href":"https:\/\/shop.kustom.ch\/it\/wp-json\/wp\/v2\/product"}],"about":[{"href":"https:\/\/shop.kustom.ch\/it\/wp-json\/wp\/v2\/types\/product"}],"wp:featuredmedia":[{"embeddable":true,"href":"https:\/\/shop.kustom.ch\/it\/wp-json\/wp\/v2\/media\/587780"}],"wp:attachment":[{"href":"https:\/\/shop.kustom.ch\/it\/wp-json\/wp\/v2\/media?parent=587732"}],"wp:term":[{"taxonomy":"product_brand","embeddable":true,"href":"https:\/\/shop.kustom.ch\/it\/wp-json\/wp\/v2\/product_brand?post=587732"},{"taxonomy":"product_cat","embeddable":true,"href":"https:\/\/shop.kustom.ch\/it\/wp-json\/wp\/v2\/product_cat?post=587732"},{"taxonomy":"product_tag","embeddable":true,"href":"https:\/\/shop.kustom.ch\/it\/wp-json\/wp\/v2\/product_tag?post=587732"}],"curies":[{"name":"wp","href":"https:\/\/api.w.org\/{rel}","templated":true}]}}