{"id":587646,"date":"2025-03-04T22:27:03","date_gmt":"2025-03-04T21:27:03","guid":{"rendered":"https:\/\/shop.kustom.ch\/?post_type=product&#038;p=587646"},"modified":"2026-03-31T08:49:57","modified_gmt":"2026-03-31T07:49:57","slug":"t-shirt-2","status":"publish","type":"product","link":"https:\/\/shop.kustom.ch\/it\/prodotto\/t-shirt-2\/","title":{"rendered":"Maglietta"},"content":{"rendered":"<p>T-shirt High Vis in cotone 100% per il massimo comfort. \u00c8 dotata di inserti ad alta visibilit\u00e0 per una maggiore visibilit\u00e0. Il colore di contrasto \u00e8 in cotone 100 % e l'area ad alta visibilit\u00e0 \u00e8 in poliestere 100 %.<\/p>\n<p>DETTAGLI: Collo rotondo. Inserti ad alta visibilit\u00e0 per una maggiore visibilit\u00e0. FUNZIONALIT\u00c0: vestibilit\u00e0 regolare. CARATTERISTICHE PRINCIPALI: Autista. REFLEX: strisce riflettenti a trasferimento larghe 50 mm. TESSUTO: Uomo. blu. Visibile. Materiale fluorescente in poliestere 100% ad alta visibilit\u00e0. ISTRUZIONI DI LAVAGGIO: Non centrifugare. CERTIFICAZIONE: Non certificato High Vis<\/p>\n<p>100% Cotone, jersey, 180 g\/m\u00b2<\/p>","protected":false},"excerpt":{"rendered":"<p>High Vis T-Shirt aus 100% Baumwolle f\u00fcr maximalen Komfort. Es hat High Vis Eins\u00e4tze f\u00fcr eine h\u00f6here Sichtbarkeit. Die Kontrastfarbe besteht aus 100 % Baumwolle und der Warnschutzbereich besteht aus 100 % Polyester. DETAILS: Rundhals. Eins\u00e4tze in High Vis, f\u00fcr h\u00f6here Sichtbarkeit. FUNKTIONALIT\u00c4T: Normale Passform. HAUPTEIGENSCHAFTEN: Fahrer. REFLEX: 50 mm breite Transferreflexstreifen. STOFF: Herren. blau. [&hellip;]<\/p>\n","protected":false},"featured_media":587685,"template":"","meta":[],"product_brand":[],"product_cat":[4201],"product_tag":[],"class_list":{"0":"post-587646","1":"product","2":"type-product","3":"status-publish","4":"has-post-thumbnail","6":"product_cat-t-shirts","7":"pa_brand-blaklaeder","8":"pa_brand-type-workwear","9":"pa_filter-color-blau","10":"pa_filter-color-gelb","11":"pa_filter-color-schwarz","13":"first","14":"instock","15":"sale","16":"taxable","17":"shipping-taxable","18":"purchasable","19":"product-type-variable","20":"add-to-wishlist-before_image"},"exclude_global_add_ons":[],"addons":[],"acf":[],"_links":{"self":[{"href":"https:\/\/shop.kustom.ch\/it\/wp-json\/wp\/v2\/product\/587646"}],"collection":[{"href":"https:\/\/shop.kustom.ch\/it\/wp-json\/wp\/v2\/product"}],"about":[{"href":"https:\/\/shop.kustom.ch\/it\/wp-json\/wp\/v2\/types\/product"}],"wp:featuredmedia":[{"embeddable":true,"href":"https:\/\/shop.kustom.ch\/it\/wp-json\/wp\/v2\/media\/587685"}],"wp:attachment":[{"href":"https:\/\/shop.kustom.ch\/it\/wp-json\/wp\/v2\/media?parent=587646"}],"wp:term":[{"taxonomy":"product_brand","embeddable":true,"href":"https:\/\/shop.kustom.ch\/it\/wp-json\/wp\/v2\/product_brand?post=587646"},{"taxonomy":"product_cat","embeddable":true,"href":"https:\/\/shop.kustom.ch\/it\/wp-json\/wp\/v2\/product_cat?post=587646"},{"taxonomy":"product_tag","embeddable":true,"href":"https:\/\/shop.kustom.ch\/it\/wp-json\/wp\/v2\/product_tag?post=587646"}],"curies":[{"name":"wp","href":"https:\/\/api.w.org\/{rel}","templated":true}]}}