{"id":587582,"date":"2025-03-04T22:26:25","date_gmt":"2025-03-04T21:26:25","guid":{"rendered":"https:\/\/shop.kustom.ch\/?post_type=product&#038;p=587582"},"modified":"2026-03-31T08:49:52","modified_gmt":"2026-03-31T07:49:52","slug":"polo-shirt-mit-uv-schutz","status":"publish","type":"product","link":"https:\/\/shop.kustom.ch\/it\/prodotto\/polo-shirt-mit-uv-schutz\/","title":{"rendered":"Polo con protezione UV"},"content":{"rendered":"<p>Le nostre polo non sono solo camicie da lavoro comode e fresche, ma anche eccellenti per allontanare l'umidit\u00e0 dal corpo. Il materiale \u00e8 certificato secondo le propriet\u00e0 di protezione solare UV UPF 40+. Il capo ha quindi un fattore di protezione solare di 40+.<\/p>\n<p>DETTAGLI: Scollo con bottoni. Bottoni in plastica. Colletto a coste. Cuciture del collo rinforzate. Spacchi laterali. CARATTERISTICHE PRINCIPALI: Roofer. TESSUTO: Uomo. verde. Protezione UV. Profilo. ISTRUZIONI DI LAVAGGIO: Non lavare a secco.<\/p>\n<p>100% poliestere, maglia polo, traspirabilit\u00e0, protezione UV, 155 g\/m\u00b2<\/p>","protected":false},"excerpt":{"rendered":"<p>Unsere Polohemden sind nicht nur k\u00fchle, bequeme Arbeitshemden, sondern k\u00f6nnen auch ausgezeichnet Feuchtigkeit vom K\u00f6rper ableiten. Das Material ist zertifiziert gem\u00e4ss UPF 40+ Solar UV-Schutzeigenschaften. Das Kleidungsst\u00fcck verf\u00fcgt somit \u00fcber einen Sonnenschutzfaktor von 40+. DETAILS: Halsausschnitt mit Kn\u00f6pfen. Kunststoff-Kn\u00f6pfe. Gerippter Kragen. Verst\u00e4rkte Halsn\u00e4hte. Schlitze an den Seiten. HAUPTEIGENSCHAFTEN: Dachdecker. STOFF: Herren. gr\u00fcn. UV-Schutz. Profil. WASCHANLEITUNG: [&hellip;]<\/p>\n","protected":false},"featured_media":587634,"template":"","meta":[],"product_brand":[],"product_cat":[4193],"product_tag":[],"class_list":{"0":"post-587582","1":"product","2":"type-product","3":"status-publish","4":"has-post-thumbnail","6":"product_cat-polos","7":"pa_brand-blaklaeder","8":"pa_brand-type-workwear","9":"pa_filter-color-blau","10":"pa_filter-color-grau","11":"pa_filter-color-gruen","12":"pa_filter-color-schwarz","14":"first","15":"instock","16":"sale","17":"taxable","18":"shipping-taxable","19":"purchasable","20":"product-type-variable","21":"add-to-wishlist-before_image"},"exclude_global_add_ons":[],"addons":[],"acf":[],"_links":{"self":[{"href":"https:\/\/shop.kustom.ch\/it\/wp-json\/wp\/v2\/product\/587582"}],"collection":[{"href":"https:\/\/shop.kustom.ch\/it\/wp-json\/wp\/v2\/product"}],"about":[{"href":"https:\/\/shop.kustom.ch\/it\/wp-json\/wp\/v2\/types\/product"}],"wp:featuredmedia":[{"embeddable":true,"href":"https:\/\/shop.kustom.ch\/it\/wp-json\/wp\/v2\/media\/587634"}],"wp:attachment":[{"href":"https:\/\/shop.kustom.ch\/it\/wp-json\/wp\/v2\/media?parent=587582"}],"wp:term":[{"taxonomy":"product_brand","embeddable":true,"href":"https:\/\/shop.kustom.ch\/it\/wp-json\/wp\/v2\/product_brand?post=587582"},{"taxonomy":"product_cat","embeddable":true,"href":"https:\/\/shop.kustom.ch\/it\/wp-json\/wp\/v2\/product_cat?post=587582"},{"taxonomy":"product_tag","embeddable":true,"href":"https:\/\/shop.kustom.ch\/it\/wp-json\/wp\/v2\/product_tag?post=587582"}],"curies":[{"name":"wp","href":"https:\/\/api.w.org\/{rel}","templated":true}]}}