{"id":587291,"date":"2025-03-04T22:22:28","date_gmt":"2025-03-04T21:22:28","guid":{"rendered":"https:\/\/shop.kustom.ch\/?post_type=product&#038;p=587291"},"modified":"2026-03-31T08:49:46","modified_gmt":"2026-03-31T07:49:46","slug":"polo-shirt-2","status":"publish","type":"product","link":"https:\/\/shop.kustom.ch\/it\/prodotto\/polo-shirt-2\/","title":{"rendered":"Polo"},"content":{"rendered":"<p>Abbiamo aiutato molti clienti a ottenere il massimo dal budget destinato al profilo aziendale. Investire in un abbigliamento da lavoro attraente e uniforme \u00e8 un modo economicamente vantaggioso per raggiungere questo obiettivo. Aggiungete una polo attraente al vostro guardaroba. Con colletto a costine, cuciture rinforzate su collo e spalle e spacchetti laterali. Disponibile in diversi colori e abbinabile alla maggior parte delle nostre collezioni.<\/p>\n<p>FINITURA: Vita a coste. Polsini a coste. DETTAGLI: Scollo con bottoni. Colletto a coste. Cuciture del collo rinforzate. Spacchi laterali. CARATTERISTICHE PRINCIPALI: Roofer. TESSUTO: Uomo. Profilo. ISTRUZIONI DI LAVAGGIO: Non lavare a secco.<\/p>\n<p>cotone 60%, poliestere 40%, 220 g\/m\u00b2<\/p>","protected":false},"excerpt":{"rendered":"<p>Wir haben vielen Kunden geholfen, das Maximum aus ihrem Budget f\u00fcr das Firmenprofil herauszuholen. Eine Investition in attraktive, einheitliche Arbeitskleidung ist ein kosteng\u00fcnstiger Weg, dies zu erreichen. Erg\u00e4nzen Sie Ihre Garderobe mit einem attraktiven Poloshirt. Mit einem Rippstrickkragen, verst\u00e4rkten Nacken- und Schultern\u00e4hten sowie seitlichen Schlitzen. Erh\u00e4ltlich in verschiedenen Farben und passend zu den meisten unserer [&hellip;]<\/p>\n","protected":false},"featured_media":587348,"template":"","meta":[],"product_brand":[],"product_cat":[4193],"product_tag":[],"class_list":{"0":"post-587291","1":"product","2":"type-product","3":"status-publish","4":"has-post-thumbnail","6":"product_cat-polos","7":"pa_brand-blaklaeder","8":"pa_brand-type-workwear","9":"pa_filter-color-blau","10":"pa_filter-color-gelb","12":"first","13":"instock","14":"sale","15":"taxable","16":"shipping-taxable","17":"purchasable","18":"product-type-variable","19":"add-to-wishlist-before_image"},"exclude_global_add_ons":[],"addons":[],"acf":[],"_links":{"self":[{"href":"https:\/\/shop.kustom.ch\/it\/wp-json\/wp\/v2\/product\/587291"}],"collection":[{"href":"https:\/\/shop.kustom.ch\/it\/wp-json\/wp\/v2\/product"}],"about":[{"href":"https:\/\/shop.kustom.ch\/it\/wp-json\/wp\/v2\/types\/product"}],"wp:featuredmedia":[{"embeddable":true,"href":"https:\/\/shop.kustom.ch\/it\/wp-json\/wp\/v2\/media\/587348"}],"wp:attachment":[{"href":"https:\/\/shop.kustom.ch\/it\/wp-json\/wp\/v2\/media?parent=587291"}],"wp:term":[{"taxonomy":"product_brand","embeddable":true,"href":"https:\/\/shop.kustom.ch\/it\/wp-json\/wp\/v2\/product_brand?post=587291"},{"taxonomy":"product_cat","embeddable":true,"href":"https:\/\/shop.kustom.ch\/it\/wp-json\/wp\/v2\/product_cat?post=587291"},{"taxonomy":"product_tag","embeddable":true,"href":"https:\/\/shop.kustom.ch\/it\/wp-json\/wp\/v2\/product_tag?post=587291"}],"curies":[{"name":"wp","href":"https:\/\/api.w.org\/{rel}","templated":true}]}}