{"id":587135,"date":"2025-03-04T22:20:05","date_gmt":"2025-03-04T21:20:05","guid":{"rendered":"https:\/\/shop.kustom.ch\/?post_type=product&#038;p=587135"},"modified":"2026-03-31T08:49:22","modified_gmt":"2026-03-31T07:49:22","slug":"damen-high-vis-sweatshirt","status":"publish","type":"product","link":"https:\/\/shop.kustom.ch\/it\/prodotto\/damen-high-vis-sweatshirt\/","title":{"rendered":"Felpa da donna ad alta visibilit\u00e0"},"content":{"rendered":"<p>Con questa felpa ad alta visibilit\u00e0 dal taglio femminile e con strisce riflettenti su tutti i lati, sarete visibili da tutte le direzioni. La felpa \u00e8 dotata di zip, due tasche anteriori e un taschino sul petto. Progettata per il massimo comfort sul lavoro e certificata secondo la norma EN ISO 20471, XS-M classe 2, L-&gt; classe 3, abbigliamento protettivo ad alta visibilit\u00e0.<\/p>\n<p>CHIUSURA: vita a coste. Polsini con risvolto. DETTAGLI: Collo alto. CHIUSURA ANTERIORE: Zip in plastica. FUNZIONALIT\u00c0: Taglia donna. CARATTERISTICHE PRINCIPALI: Autista. Donna. EN ISO 20471. REFLEX: Materiale riflettente su corpo, maniche e spalle. TESSUTO: Disponibile per uomo e donna. Giallo alta visibilit\u00e0. Protezione ad alta visibilit\u00e0. TASCHE: Tasca sul petto con zip. Tasche laterali con zip. ISTRUZIONI DI LAVAGGIO: Numero di lavaggi: 25, non candeggiare. CERTIFICAZIONE: Gruppo di certificazione C<\/p>\n<p>100% Poliestere, spazzolato su un lato, 240 g\/m\u00b2<\/p>","protected":false},"excerpt":{"rendered":"<p>Mit diesem High Vis Sweatshirt im Damenschnitt und Reflexstreifen an allen Seiten sind Sie aus allen Richtungen sichtbar. Das Sweatshirt hat einen Reissverschluss, zwei Taschen vorne und eine Brusttasche. Entwickelt f\u00fcr maximalen Komfort bei der Arbeit und zertifiziert nach EN ISO 20471, XS-M Klasse 2, L-&gt; Klasse 3. Hochsichtbare Schutzkleidung. ABSCHLUSS: Gerippter Bund. Armabschluss mit [&hellip;]<\/p>\n","protected":false},"featured_media":587201,"template":"","meta":[],"product_brand":[],"product_cat":[4184],"product_tag":[],"class_list":{"0":"post-587135","1":"product","2":"type-product","3":"status-publish","4":"has-post-thumbnail","6":"product_cat-hoodies-pullover","7":"pa_brand-blaklaeder","8":"pa_brand-type-workwear","9":"pa_filter-color-gelb","10":"pa_filter-color-orange","11":"pa_filter-color-rot","13":"first","14":"instock","15":"sale","16":"taxable","17":"shipping-taxable","18":"purchasable","19":"product-type-variable","20":"add-to-wishlist-before_image"},"exclude_global_add_ons":[],"addons":[],"acf":[],"_links":{"self":[{"href":"https:\/\/shop.kustom.ch\/it\/wp-json\/wp\/v2\/product\/587135"}],"collection":[{"href":"https:\/\/shop.kustom.ch\/it\/wp-json\/wp\/v2\/product"}],"about":[{"href":"https:\/\/shop.kustom.ch\/it\/wp-json\/wp\/v2\/types\/product"}],"wp:featuredmedia":[{"embeddable":true,"href":"https:\/\/shop.kustom.ch\/it\/wp-json\/wp\/v2\/media\/587201"}],"wp:attachment":[{"href":"https:\/\/shop.kustom.ch\/it\/wp-json\/wp\/v2\/media?parent=587135"}],"wp:term":[{"taxonomy":"product_brand","embeddable":true,"href":"https:\/\/shop.kustom.ch\/it\/wp-json\/wp\/v2\/product_brand?post=587135"},{"taxonomy":"product_cat","embeddable":true,"href":"https:\/\/shop.kustom.ch\/it\/wp-json\/wp\/v2\/product_cat?post=587135"},{"taxonomy":"product_tag","embeddable":true,"href":"https:\/\/shop.kustom.ch\/it\/wp-json\/wp\/v2\/product_tag?post=587135"}],"curies":[{"name":"wp","href":"https:\/\/api.w.org\/{rel}","templated":true}]}}