{"id":586747,"date":"2025-03-04T22:14:48","date_gmt":"2025-03-04T21:14:48","guid":{"rendered":"https:\/\/shop.kustom.ch\/?post_type=product&#038;p=586747"},"modified":"2026-03-31T08:48:59","modified_gmt":"2026-03-31T07:48:59","slug":"flanellhemd","status":"publish","type":"product","link":"https:\/\/shop.kustom.ch\/it\/prodotto\/flanellhemd\/","title":{"rendered":"Camicia di flanella"},"content":{"rendered":"<p>Camicia classica con motivo a scacchiera e taglio comodo. La camicia \u00e8 dotata di un passante per appendere il collo e di un passante con bottone sulle maniche, in modo da poterle arrotolare. Dotata di due tasche sul petto con patta, il taschino sinistro ha una soluzione intelligente per una penna. Comoda da indossare, sia al lavoro che nel tempo libero.<\/p>\n<p>CHIUSURA: cinturino con bottone per arrotolare le maniche. DETTAGLI: Bottoni in plastica. FUNZIONALIT\u00c0: vestibilit\u00e0 ampia. CARATTERISTICHE PRINCIPALI: Giardiniere. TESSUTO: Uomo. blu. Profilo. TASCHE: Tasca sul petto con patta e taschino portapenne. ISTRUZIONI DI LAVAGGIO: Stiratura - media.<\/p>\n<p>Cotone 74%, poliestere 26%, flanella, spazzolato su un lato, 130 g\/m\u00b2.<\/p>","protected":false},"excerpt":{"rendered":"<p>Klassisches Hemd mit Schachbrett-Muster und komfortablem Schnitt. Das Hemd hat eine Aufh\u00e4ngeschlaufe im Nacken und eine Schlaufe mit einem Knopf an den \u00c4rmeln um diese aufkrempeln zu k\u00f6nnen. Ausgestattet mit zwei Brusttaschen mit Patte, wobei die linke Tasche eine clevere L\u00f6sung f\u00fcr einen Stift hat. Angenehm zu tragen, ob bei der Arbeit oder in der [&hellip;]<\/p>\n","protected":false},"featured_media":586802,"template":"","meta":[],"product_brand":[],"product_cat":[9874],"product_tag":[],"class_list":{"0":"post-586747","1":"product","2":"type-product","3":"status-publish","4":"has-post-thumbnail","6":"product_cat-hemden","7":"pa_brand-blaklaeder","8":"pa_brand-type-workwear","9":"pa_filter-color-blau","10":"pa_filter-color-gelb","11":"pa_filter-color-gruen","12":"pa_filter-color-orange","13":"pa_filter-color-rot","14":"pa_filter-color-schwarz","16":"first","17":"instock","18":"sale","19":"taxable","20":"shipping-taxable","21":"purchasable","22":"product-type-variable","23":"add-to-wishlist-before_image"},"exclude_global_add_ons":[],"addons":[],"acf":[],"_links":{"self":[{"href":"https:\/\/shop.kustom.ch\/it\/wp-json\/wp\/v2\/product\/586747"}],"collection":[{"href":"https:\/\/shop.kustom.ch\/it\/wp-json\/wp\/v2\/product"}],"about":[{"href":"https:\/\/shop.kustom.ch\/it\/wp-json\/wp\/v2\/types\/product"}],"wp:featuredmedia":[{"embeddable":true,"href":"https:\/\/shop.kustom.ch\/it\/wp-json\/wp\/v2\/media\/586802"}],"wp:attachment":[{"href":"https:\/\/shop.kustom.ch\/it\/wp-json\/wp\/v2\/media?parent=586747"}],"wp:term":[{"taxonomy":"product_brand","embeddable":true,"href":"https:\/\/shop.kustom.ch\/it\/wp-json\/wp\/v2\/product_brand?post=586747"},{"taxonomy":"product_cat","embeddable":true,"href":"https:\/\/shop.kustom.ch\/it\/wp-json\/wp\/v2\/product_cat?post=586747"},{"taxonomy":"product_tag","embeddable":true,"href":"https:\/\/shop.kustom.ch\/it\/wp-json\/wp\/v2\/product_tag?post=586747"}],"curies":[{"name":"wp","href":"https:\/\/api.w.org\/{rel}","templated":true}]}}