{"id":586644,"date":"2025-03-04T22:12:26","date_gmt":"2025-03-04T21:12:26","guid":{"rendered":"https:\/\/shop.kustom.ch\/?post_type=product&#038;p=586644"},"modified":"2026-03-31T08:48:47","modified_gmt":"2026-03-31T07:48:47","slug":"high-vis-arbeitshemd","status":"publish","type":"product","link":"https:\/\/shop.kustom.ch\/it\/prodotto\/high-vis-arbeitshemd\/","title":{"rendered":"Camicia da lavoro High Vis"},"content":{"rendered":"<p>Camicia da lavoro in un colore altamente visibile con colori a contrasto su maniche, orlo e colletto per minimizzare lo sporco. Questa camicia casual \u00e8 dotata di morbide strisce riflettenti per una maggiore visibilit\u00e0 e di due tasche sul petto, una con zip e una con patta. \u00c8 inoltre dotata di un taschino portapenne con apertura a scomparsa e di una linguetta con anello a D.<\/p>\n<p>CHIUSURA: Polsini regolabili con bottoni a pressione. DETTAGLI: Etichetta esterna. Cucitura a sella sul retro. Bottoni in metallo rivestiti in gomma. Colletto. Spallacci in colore a contrasto. CHIUSURA ANTERIORE: Chiusura anteriore con bottone a pressione. FUNZIONALIT\u00c0: Vestibilit\u00e0 casual. CARATTERISTICHE PRINCIPALI: Artigianale. EN ISO 20471. REFLEX: strisce riflettenti su corpo e maniche. TESSUTO: Uomo. Giallo alta visibilit\u00e0. Alta visibilit\u00e0. TASCHE: Tasca sul petto con patta e tasca portapenne. ISTRUZIONI DI LAVAGGIO: Lavare in casa X 50, non candeggiare. CERTIFICAZIONE: EN ISO 20471, XS-L classe 2, XL-&gt; classe 3.<\/p>\n<p>50% cotone, 50% poliestere, twill incrociato, 180 g\/m\u00b2<\/p>","protected":false},"excerpt":{"rendered":"<p>Arbeitshemd in einer gut sichtbaren Farbe mit kontrastreichen Farben an den \u00c4rmeln, am Saum und am Kragen, um Schmutz zu minimieren. Dieses l\u00e4ssige Hemd verf\u00fcgt \u00fcber weiche Reflexstreifen f\u00fcr mehr Sichtbarkeit und zwei Brusttaschen, eine mit Reissverschluss und eine mit Patte. Ausserdem verf\u00fcgt es \u00fcber eine Stifttasche mit verdeckter \u00d6ffnung und eine D-Ring-Lasche. ABSCHLUSS: Verstellbare [&hellip;]<\/p>\n","protected":false},"featured_media":586711,"template":"","meta":[],"product_brand":[],"product_cat":[9874],"product_tag":[],"class_list":{"0":"post-586644","1":"product","2":"type-product","3":"status-publish","4":"has-post-thumbnail","6":"product_cat-hemden","7":"pa_brand-blaklaeder","8":"pa_brand-type-workwear","9":"pa_filter-color-blau","10":"pa_filter-color-gelb","11":"pa_filter-color-orange","12":"pa_filter-color-schwarz","14":"first","15":"instock","16":"sale","17":"taxable","18":"shipping-taxable","19":"purchasable","20":"product-type-variable","21":"add-to-wishlist-before_image"},"exclude_global_add_ons":[],"addons":[],"acf":[],"_links":{"self":[{"href":"https:\/\/shop.kustom.ch\/it\/wp-json\/wp\/v2\/product\/586644"}],"collection":[{"href":"https:\/\/shop.kustom.ch\/it\/wp-json\/wp\/v2\/product"}],"about":[{"href":"https:\/\/shop.kustom.ch\/it\/wp-json\/wp\/v2\/types\/product"}],"wp:featuredmedia":[{"embeddable":true,"href":"https:\/\/shop.kustom.ch\/it\/wp-json\/wp\/v2\/media\/586711"}],"wp:attachment":[{"href":"https:\/\/shop.kustom.ch\/it\/wp-json\/wp\/v2\/media?parent=586644"}],"wp:term":[{"taxonomy":"product_brand","embeddable":true,"href":"https:\/\/shop.kustom.ch\/it\/wp-json\/wp\/v2\/product_brand?post=586644"},{"taxonomy":"product_cat","embeddable":true,"href":"https:\/\/shop.kustom.ch\/it\/wp-json\/wp\/v2\/product_cat?post=586644"},{"taxonomy":"product_tag","embeddable":true,"href":"https:\/\/shop.kustom.ch\/it\/wp-json\/wp\/v2\/product_tag?post=586644"}],"curies":[{"name":"wp","href":"https:\/\/api.w.org\/{rel}","templated":true}]}}