{"id":586642,"date":"2025-03-04T22:12:25","date_gmt":"2025-03-04T21:12:25","guid":{"rendered":"https:\/\/shop.kustom.ch\/?post_type=product&#038;p=586642"},"modified":"2026-03-31T08:48:46","modified_gmt":"2026-03-31T07:48:46","slug":"multinorm-hemd-2","status":"publish","type":"product","link":"https:\/\/shop.kustom.ch\/it\/prodotto\/multinorm-hemd-2\/","title":{"rendered":"Camicia multinorm"},"content":{"rendered":"<p>Camicia multinormale ignifuga e non metallica. La camicia \u00e8 realizzata con un tessuto che garantisce un elevato livello di comfort e libert\u00e0 di movimento. Certificata secondo le norme EN 1149-5, EN ISO 20471, EN ISO 11612, IEC 61482-2, EN 13034, ATPV 8,5, cal\/ cm\u00b2.<\/p>\n<p>CHIUSURA: orlo della manica regolabile con bottoni a pressione in plastica nascosti. DETTAGLI: Etichette di certificazione esterne. Bottoni a pressione in plastica. Colletto. Passante sopra il taschino per le penne. CHIUSURA ANTERIORE: Chiusura anteriore con bottoni a pressione. FUNZIONALIT\u00c0: Senza metallo. CARATTERISTICHE PRINCIPALI: Artigianale. EN ISO 11612. REFLEX: Strisce riflettenti a trasferimento ritardato di fiamma interrotto. TESSUTO: Uomo. blu. Senza metallo. Ritardante di fiamma. TASCHE: Tasche sul petto con patta e bottoni a pressione. ISTRUZIONI DI LAVAGGIO: 60\u00b0 C. CERTIFICAZIONE: EN 1149-5. EN 13034 PB (6). ATPV - 8,1 cal\/cm\u00b2. EN ISO 11612 A1, A2, B1, C1. Gruppo di certificazione C -&gt;S<\/p>\n<p>50% modacrilico, 32% cotone, 10% aramide, 5% poliammide, 3% antistatico, ripstop, ritardante di fiamma, antistatico, 200 g\/cm\u00b2<\/p>","protected":false},"excerpt":{"rendered":"<p>Flammhemmendes und nichtmetallisches Multinorm Hemd. Das Hemd ist aus einem Gewebe gefertigt, das einen hohen Tragekomfort und eine gute Bewegungsfreiheit garantiert. Zertifiziert nach EN 1149-5, EN ISO 20471, EN ISO 11612, IEC 61482-2, EN 13034. ATPV 8,5, cal\/ cm\u00b2. ABSCHLUSS: Einstellbarer \u00c4rmelsaum mit verdeckten Kunststoff-Druckkn\u00f6pfen. DETAILS: Aussenliegende Zertifizierungsetiketten. Kunststoff-Druckkn\u00f6pfe. Kragen. Schlaufe \u00fcber der Brusttasche f\u00fcr [&hellip;]<\/p>\n","protected":false},"featured_media":586690,"template":"","meta":[],"product_brand":[],"product_cat":[9874],"product_tag":[],"class_list":{"0":"post-586642","1":"product","2":"type-product","3":"status-publish","4":"has-post-thumbnail","6":"product_cat-hemden","7":"pa_brand-blaklaeder","8":"pa_brand-type-workwear","9":"pa_filter-color-blau","10":"pa_filter-color-gelb","12":"first","13":"instock","14":"sale","15":"taxable","16":"shipping-taxable","17":"purchasable","18":"product-type-variable","19":"add-to-wishlist-before_image"},"exclude_global_add_ons":[],"addons":[],"acf":[],"_links":{"self":[{"href":"https:\/\/shop.kustom.ch\/it\/wp-json\/wp\/v2\/product\/586642"}],"collection":[{"href":"https:\/\/shop.kustom.ch\/it\/wp-json\/wp\/v2\/product"}],"about":[{"href":"https:\/\/shop.kustom.ch\/it\/wp-json\/wp\/v2\/types\/product"}],"wp:featuredmedia":[{"embeddable":true,"href":"https:\/\/shop.kustom.ch\/it\/wp-json\/wp\/v2\/media\/586690"}],"wp:attachment":[{"href":"https:\/\/shop.kustom.ch\/it\/wp-json\/wp\/v2\/media?parent=586642"}],"wp:term":[{"taxonomy":"product_brand","embeddable":true,"href":"https:\/\/shop.kustom.ch\/it\/wp-json\/wp\/v2\/product_brand?post=586642"},{"taxonomy":"product_cat","embeddable":true,"href":"https:\/\/shop.kustom.ch\/it\/wp-json\/wp\/v2\/product_cat?post=586642"},{"taxonomy":"product_tag","embeddable":true,"href":"https:\/\/shop.kustom.ch\/it\/wp-json\/wp\/v2\/product_tag?post=586642"}],"curies":[{"name":"wp","href":"https:\/\/api.w.org\/{rel}","templated":true}]}}