{"id":586601,"date":"2025-03-04T22:11:51","date_gmt":"2025-03-04T21:11:51","guid":{"rendered":"https:\/\/shop.kustom.ch\/?post_type=product&#038;p=586601"},"modified":"2026-03-31T08:48:45","modified_gmt":"2026-03-31T07:48:45","slug":"multinorm-hemd","status":"publish","type":"product","link":"https:\/\/shop.kustom.ch\/it\/prodotto\/multinorm-hemd\/","title":{"rendered":"Camicia multinorm"},"content":{"rendered":"<p>Camicia da lavoro di alta qualit\u00e0, ignifuga e non metallica, con eccellenti propriet\u00e0 protettive. La camicia \u00e8 realizzata in un tessuto che garantisce una vestibilit\u00e0 molto confortevole e libert\u00e0 di movimento. Le strisce riflettenti intermittenti assicurano la visibilit\u00e0 in caso di necessit\u00e0. Certificato secondo le norme EN 1149-5, EN ISO 20471, EN ISO 11612, IEC 61482-2, EN 13034. ATPV: 8,1cal\/cm\u00b2.<\/p>\n<p>CHIUSURA: orlo delle maniche regolabile con bottoni a pressione in plastica nascosti. DETTAGLI: Etichette di certificazione esterne. Bottoni a pressione in plastica. Colletto. CHIUSURA ANTERIORE: Chiusura anteriore con bottoni a pressione. FUNZIONALIT\u00c0: Senza metallo. CARATTERISTICHE PRINCIPALI: Artigianale. EN ISO 11612. REFLEX: strisce riflettenti a trasferimento ritardato di fiamma interrotto. TESSUTO: Uomo. blu. Senza metallo. Ritardante di fiamma. TASCHE: Tasche sul petto con patta e bottoni a pressione. ISTRUZIONI DI LAVAGGIO: 60\u00b0 C. CERTIFICAZIONE: EN 1149-5. EN 13034 PB (6). ATPV - 8,1 cal\/cm\u00b2. EN ISO 11612 A1, A2, B1, C1. Certificazione gruppo D<\/p>\n<p>50% modacrilico, 32% cotone, 10% aramide, 5% poliammide, 3% antistatico, ripstop, ritardante di fiamma, antistatico, 200 g\/cm\u00b2<\/p>","protected":false},"excerpt":{"rendered":"<p>Hochwertiges, flammhemmendes und nichtmetallisches Arbeitshemd mit hervorragenden Schutzeigenschaften. Das Hemd ist aus einem Stoff gefertigt, der eine sehr bequeme Passform und Bewegungsfreiheit garantiert. Die unterbrochenen Reflexstreifen stellen sicher, dass Sie bei Bedarf sichtbar sind. Zertifiziert nach EN 1149-5, EN ISO 20471, EN ISO 11612, IEC 61482-2, EN 13034. ATPV: 8,1cal\/cm\u00b2. ABSCHLUSS: Einstellbarer \u00c4rmelsaum mit verdeckten [&hellip;]<\/p>\n","protected":false},"featured_media":586657,"template":"","meta":[],"product_brand":[],"product_cat":[9874],"product_tag":[],"class_list":{"0":"post-586601","1":"product","2":"type-product","3":"status-publish","4":"has-post-thumbnail","6":"product_cat-hemden","7":"pa_brand-blaklaeder","8":"pa_brand-type-workwear","9":"pa_filter-color-blau","10":"pa_filter-color-gelb","12":"first","13":"instock","14":"sale","15":"taxable","16":"shipping-taxable","17":"purchasable","18":"product-type-variable","19":"add-to-wishlist-before_image"},"exclude_global_add_ons":[],"addons":[],"acf":[],"_links":{"self":[{"href":"https:\/\/shop.kustom.ch\/it\/wp-json\/wp\/v2\/product\/586601"}],"collection":[{"href":"https:\/\/shop.kustom.ch\/it\/wp-json\/wp\/v2\/product"}],"about":[{"href":"https:\/\/shop.kustom.ch\/it\/wp-json\/wp\/v2\/types\/product"}],"wp:featuredmedia":[{"embeddable":true,"href":"https:\/\/shop.kustom.ch\/it\/wp-json\/wp\/v2\/media\/586657"}],"wp:attachment":[{"href":"https:\/\/shop.kustom.ch\/it\/wp-json\/wp\/v2\/media?parent=586601"}],"wp:term":[{"taxonomy":"product_brand","embeddable":true,"href":"https:\/\/shop.kustom.ch\/it\/wp-json\/wp\/v2\/product_brand?post=586601"},{"taxonomy":"product_cat","embeddable":true,"href":"https:\/\/shop.kustom.ch\/it\/wp-json\/wp\/v2\/product_cat?post=586601"},{"taxonomy":"product_tag","embeddable":true,"href":"https:\/\/shop.kustom.ch\/it\/wp-json\/wp\/v2\/product_tag?post=586601"}],"curies":[{"name":"wp","href":"https:\/\/api.w.org\/{rel}","templated":true}]}}