{"id":586579,"date":"2025-03-04T22:11:21","date_gmt":"2025-03-04T21:11:21","guid":{"rendered":"https:\/\/shop.kustom.ch\/?post_type=product&#038;p=586579"},"modified":"2026-03-31T08:48:38","modified_gmt":"2026-03-31T07:48:38","slug":"flammschutz-hemd","status":"publish","type":"product","link":"https:\/\/shop.kustom.ch\/it\/prodotto\/flammschutz-hemd\/","title":{"rendered":"Camicia di protezione dalle fiamme"},"content":{"rendered":"<p>Camicia antifiamma da uomo funzionale per ambienti pericolosi. Questa camicia antifiamma \u00e8 particolarmente adatta agli ambienti di lavoro in cui \u00e8 richiesta la protezione dalle fiamme. Design elegante e funzionale con bottoni nascosti ad apertura rapida sul davanti. Il materiale \u00e8 confortevole, con una vestibilit\u00e0 pi\u00f9 ampia e una buona libert\u00e0 di movimento. Questa camicia \u00e8 dotata di due tasche sul petto con un pratico portapenne. Certificato secondo le norme EN 1149-5, EN ISO 11612, IEC 61482-2.<\/p>\n<p>CHIUSURA: Polsini regolabili con bottoni metallici nascosti. DETTAGLI: Etichette di certificazione esterne. Colletto. CHIUSURA ANTERIORE: Chiusura anteriore con bottoni a pressione metallici nascosti. TAGLIA: Il prodotto ha una gamma di taglie estesa. CARATTERISTICHE PRINCIPALI: Elettricista. EN ISO 11612. TASCHE: Tasca sul petto con patta e bottoni a pressione nascosti, una tasca con apertura per penna. ISTRUZIONI DI LAVAGGIO: Asciugare in asciugatrice - a bassa temperatura. LAVAGGIO: lavanderia industriale EN ISO 15797. CERTIFICAZIONE: EN 1149-5. EN ISO 11612 A1, A2, B1, C1, E1. IEC 61482-2, classe 1<\/p>\n<p>99% cotone, 1% antistatico, ritardante di fiamma, antistatico, 230g\/m\u00b2<\/p>","protected":false},"excerpt":{"rendered":"<p>Funktionelles Flammschutz Herren Hemd f\u00fcr gef\u00e4hrdete Umgebungen. Dieses Flammschutz Hemd ist speziell geeignet f\u00fcr Arbeitsumgebungen, wo Flammschutz gefordert wird. Intelligentes und funktionelles Design mit verdeckten, schnell zu \u00f6ffnenden Kn\u00f6pfen vorne. Das Material ist bequem mit einer weiteren Passform und guter Bewegungsfreiheit. Dieses Hemd hat zwei Brusttaschen mit einem praktischen Stifthalter. Zertifiziert nach EN 1149-5, EN [&hellip;]<\/p>\n","protected":false},"featured_media":586627,"template":"","meta":[],"product_brand":[],"product_cat":[9874],"product_tag":[],"class_list":{"0":"post-586579","1":"product","2":"type-product","3":"status-publish","4":"has-post-thumbnail","6":"product_cat-hemden","7":"pa_brand-blaklaeder","8":"pa_brand-type-workwear","9":"pa_filter-color-blau","10":"pa_filter-color-schwarz","12":"first","13":"instock","14":"sale","15":"taxable","16":"shipping-taxable","17":"purchasable","18":"product-type-variable","19":"add-to-wishlist-before_image"},"exclude_global_add_ons":[],"addons":[],"acf":[],"_links":{"self":[{"href":"https:\/\/shop.kustom.ch\/it\/wp-json\/wp\/v2\/product\/586579"}],"collection":[{"href":"https:\/\/shop.kustom.ch\/it\/wp-json\/wp\/v2\/product"}],"about":[{"href":"https:\/\/shop.kustom.ch\/it\/wp-json\/wp\/v2\/types\/product"}],"wp:featuredmedia":[{"embeddable":true,"href":"https:\/\/shop.kustom.ch\/it\/wp-json\/wp\/v2\/media\/586627"}],"wp:attachment":[{"href":"https:\/\/shop.kustom.ch\/it\/wp-json\/wp\/v2\/media?parent=586579"}],"wp:term":[{"taxonomy":"product_brand","embeddable":true,"href":"https:\/\/shop.kustom.ch\/it\/wp-json\/wp\/v2\/product_brand?post=586579"},{"taxonomy":"product_cat","embeddable":true,"href":"https:\/\/shop.kustom.ch\/it\/wp-json\/wp\/v2\/product_cat?post=586579"},{"taxonomy":"product_tag","embeddable":true,"href":"https:\/\/shop.kustom.ch\/it\/wp-json\/wp\/v2\/product_tag?post=586579"}],"curies":[{"name":"wp","href":"https:\/\/api.w.org\/{rel}","templated":true}]}}