{"id":586556,"date":"2025-03-04T22:10:47","date_gmt":"2025-03-04T21:10:47","guid":{"rendered":"https:\/\/shop.kustom.ch\/?post_type=product&#038;p=586556"},"modified":"2026-03-31T08:48:37","modified_gmt":"2026-03-31T07:48:37","slug":"flanellhemd-gefuettert","status":"publish","type":"product","link":"https:\/\/shop.kustom.ch\/it\/prodotto\/flanellhemd-gefuettert\/","title":{"rendered":"Camicia di flanella foderata"},"content":{"rendered":"<p>Un vero lavoratore indossa la flanella. Una camicia da boscaiolo comoda e foderata, con fodera in pile e rivestimento trapuntato nelle maniche. Moderna ed elegante in vari colori.<\/p>\n<p>CHIUSURA: Polsini con polsini. DETTAGLI: Bottoni a pressione in metallo. Spacchi laterali. CARATTERISTICHE PRINCIPALI: Autista. TESSUTO: Uomo. nero. Vento\/umido\/freddo. TASCHE: Tasche sul petto con patta. ISTRUZIONI DI LAVAGGIO: Stiratura - bassa.<\/p>\n<p>100% Cotone, flanella, 150 g\/m\u00b2<\/p>","protected":false},"excerpt":{"rendered":"<p>Ein richtig harter Arbeiter tr\u00e4gt Flannel. Ein komfortables, gef\u00fcttertes Holzf\u00e4llershirt mit Fleece-Innenfutter und Steppfutter im Arm. Modern und stylisch in verschiedenen Farben. ABSCHLUSS: Armabschluss mit B\u00fcndchen. DETAILS: Metall-Druckkn\u00f6pfe. Schlitze an den Seiten. HAUPTEIGENSCHAFTEN: Fahrer. STOFF: Herren. schwarz. Wind \/ N\u00e4sse \/ K\u00e4lte. TASCHEN: Brusttaschen mit Patten. WASCHANLEITUNG: B\u00fcgeln &#8211; niedrig 100% Baumwolle, Flanell, 150 g\/m\u00b2<\/p>","protected":false},"featured_media":586624,"template":"","meta":[],"product_brand":[],"product_cat":[9874],"product_tag":[],"class_list":{"0":"post-586556","1":"product","2":"type-product","3":"status-publish","4":"has-post-thumbnail","6":"product_cat-hemden","7":"pa_brand-blaklaeder","8":"pa_brand-type-workwear","9":"pa_filter-color-grau","10":"pa_filter-color-rot","11":"pa_filter-color-schwarz","13":"first","14":"instock","15":"sale","16":"taxable","17":"shipping-taxable","18":"purchasable","19":"product-type-variable","20":"add-to-wishlist-before_image"},"exclude_global_add_ons":[],"addons":[],"acf":[],"_links":{"self":[{"href":"https:\/\/shop.kustom.ch\/it\/wp-json\/wp\/v2\/product\/586556"}],"collection":[{"href":"https:\/\/shop.kustom.ch\/it\/wp-json\/wp\/v2\/product"}],"about":[{"href":"https:\/\/shop.kustom.ch\/it\/wp-json\/wp\/v2\/types\/product"}],"wp:featuredmedia":[{"embeddable":true,"href":"https:\/\/shop.kustom.ch\/it\/wp-json\/wp\/v2\/media\/586624"}],"wp:attachment":[{"href":"https:\/\/shop.kustom.ch\/it\/wp-json\/wp\/v2\/media?parent=586556"}],"wp:term":[{"taxonomy":"product_brand","embeddable":true,"href":"https:\/\/shop.kustom.ch\/it\/wp-json\/wp\/v2\/product_brand?post=586556"},{"taxonomy":"product_cat","embeddable":true,"href":"https:\/\/shop.kustom.ch\/it\/wp-json\/wp\/v2\/product_cat?post=586556"},{"taxonomy":"product_tag","embeddable":true,"href":"https:\/\/shop.kustom.ch\/it\/wp-json\/wp\/v2\/product_tag?post=586556"}],"curies":[{"name":"wp","href":"https:\/\/api.w.org\/{rel}","templated":true}]}}