{"id":586531,"date":"2025-03-04T22:10:18","date_gmt":"2025-03-04T21:10:18","guid":{"rendered":"https:\/\/shop.kustom.ch\/?post_type=product&#038;p=586531"},"modified":"2026-03-31T08:48:29","modified_gmt":"2026-03-31T07:48:29","slug":"damen-flanell-hemd","status":"publish","type":"product","link":"https:\/\/shop.kustom.ch\/it\/prodotto\/damen-flanell-hemd\/","title":{"rendered":"Camicia di flanella da donna"},"content":{"rendered":"<p>Morbida camicia di flanella dal taglio leggero da donna. Questa camicia ha un motivo a quadri, \u00e8 leggermente ruvida all'interno e presenta 2 tasche sul petto con patta e un'apertura sul lato sinistro per una penna. Il passante all'esterno del colletto facilita l'appensione della camicia.<\/p>\n<p>CHIUSURA: cinturino con bottone per arrotolare le maniche. DETTAGLI: Bottoni in plastica. FUNZIONALIT\u00c0: Taglia donna. CARATTERISTICHE PRINCIPALI: Pescatore. TESSUTO: Donna. bianco. Profilo. TASCHE: Tasca sul petto con patta e tasca portapenne. ISTRUZIONI DI LAVAGGIO: Non centrifugare.<\/p>\n<p>Cotone 74%, poliestere 26%, flanella, spazzolato su un lato, 135g\/m\u00b2.<\/p>","protected":false},"excerpt":{"rendered":"<p>Weiches Flanell Hemd mit einem leichten Damenschnitt. Dieses Hemd hat ein Karomuster, ist leicht aufgerauht an der Innenseite und hat 2 Brusttaschen mit Patten und einer \u00d6ffnung an der linken Seite f\u00fcr einen Stift. Die Schlaufe an der Kragen-Aussenseite macht es einfacher das Hemd aufzuh\u00e4ngen. ABSCHLUSS: Band mit Knopf zum Aufwickeln der \u00c4rmel. DETAILS: Kunststoff-Kn\u00f6pfe. [&hellip;]<\/p>\n","protected":false},"featured_media":586595,"template":"","meta":[],"product_brand":[],"product_cat":[9874],"product_tag":[],"class_list":{"0":"post-586531","1":"product","2":"type-product","3":"status-publish","4":"has-post-thumbnail","6":"product_cat-hemden","7":"pa_brand-blaklaeder","8":"pa_brand-type-workwear","9":"pa_filter-color-blau","10":"pa_filter-color-orange","11":"pa_filter-color-rot","12":"pa_filter-color-schwarz","13":"pa_filter-color-weiss","15":"first","16":"instock","17":"sale","18":"taxable","19":"shipping-taxable","20":"purchasable","21":"product-type-variable","22":"add-to-wishlist-before_image"},"exclude_global_add_ons":[],"addons":[],"acf":[],"_links":{"self":[{"href":"https:\/\/shop.kustom.ch\/it\/wp-json\/wp\/v2\/product\/586531"}],"collection":[{"href":"https:\/\/shop.kustom.ch\/it\/wp-json\/wp\/v2\/product"}],"about":[{"href":"https:\/\/shop.kustom.ch\/it\/wp-json\/wp\/v2\/types\/product"}],"wp:featuredmedia":[{"embeddable":true,"href":"https:\/\/shop.kustom.ch\/it\/wp-json\/wp\/v2\/media\/586595"}],"wp:attachment":[{"href":"https:\/\/shop.kustom.ch\/it\/wp-json\/wp\/v2\/media?parent=586531"}],"wp:term":[{"taxonomy":"product_brand","embeddable":true,"href":"https:\/\/shop.kustom.ch\/it\/wp-json\/wp\/v2\/product_brand?post=586531"},{"taxonomy":"product_cat","embeddable":true,"href":"https:\/\/shop.kustom.ch\/it\/wp-json\/wp\/v2\/product_cat?post=586531"},{"taxonomy":"product_tag","embeddable":true,"href":"https:\/\/shop.kustom.ch\/it\/wp-json\/wp\/v2\/product_tag?post=586531"}],"curies":[{"name":"wp","href":"https:\/\/api.w.org\/{rel}","templated":true}]}}