{"id":586472,"date":"2025-03-04T22:09:05","date_gmt":"2025-03-04T21:09:05","guid":{"rendered":"https:\/\/shop.kustom.ch\/?post_type=product&#038;p=586472"},"modified":"2026-03-31T08:48:26","modified_gmt":"2026-03-31T07:48:26","slug":"montageweste","status":"publish","type":"product","link":"https:\/\/shop.kustom.ch\/it\/prodotto\/montageweste\/","title":{"rendered":"Gilet di montaggio"},"content":{"rendered":"<p>Gilet da lavoro con due tasche sul petto con cinghie di sicurezza, una con tasca per cellulare, una con bottoni brevettati e portacoltelli. Tasche rinforzate con tre chiodi sul davanti e sul retro. Zip metallica nascosta. Dorso allungato. Tasca per carte d'identit\u00e0.<\/p>\n<p>CHIUSURA: dorso allungato. DETTAGLI: tasca per carte d'identit\u00e0. CHIUSURA ANTERIORE: zip metallica nascosta. CARATTERISTICHE PRINCIPALI: Roofer. TESSUTO: Uomo. blu. Tasche a chiodo. Artigianale. TASCHE: Tasche sul petto libere e pendenti con cinghie di sicurezza, una con tasca per cellulare e una con bottoni di brevetto e portacoltelli. Tasche a chiodo - davanti e dietro. ISTRUZIONI DI LAVAGGIO: 70\u00b0 C. RINFORZO: Tasche portachiodi rinforzate. ACCESSORI: Articolo 2129<\/p>\n<p>100% Cotone, twill, 370 g\/m\u00b2<\/p>","protected":false},"excerpt":{"rendered":"<p>Eine Arbeitsweste mit zwei lose h\u00e4ngenden Brusttaschen mit Sicherheitsriemen, eine mit Handytasche, eine mit Patentkn\u00f6pfen und Messerhalter. Verst\u00e4rkte dreiteilige Nageltaschen vorne und hinten. Verdeckter Metallreissverschluss. Verl\u00e4ngerter R\u00fccken. Ausweistasche. ABSCHLUSS: Verl\u00e4ngerter R\u00fccken. DETAILS: Ausweistasche. FRONTVERSCHLUSS: Verdeckter Reissverschluss aus Metall. HAUPTEIGENSCHAFTEN: Dachdecker. STOFF: Herren. blau. Nageltaschen. Handwerk. TASCHEN: Lose h\u00e4ngende Brusttaschen mit Sicherheitsriemen, davon eine mit Handytasche [&hellip;]<\/p>\n","protected":false},"featured_media":586521,"template":"","meta":[],"product_brand":[],"product_cat":[4208],"product_tag":[],"class_list":{"0":"post-586472","1":"product","2":"type-product","3":"status-publish","4":"has-post-thumbnail","6":"product_cat-westen","7":"pa_brand-blaklaeder","8":"pa_brand-type-workwear","9":"pa_filter-color-blau","10":"pa_filter-color-rot","11":"pa_filter-color-schwarz","13":"first","14":"instock","15":"sale","16":"taxable","17":"shipping-taxable","18":"purchasable","19":"product-type-variable","20":"add-to-wishlist-before_image"},"exclude_global_add_ons":[],"addons":[],"acf":[],"_links":{"self":[{"href":"https:\/\/shop.kustom.ch\/it\/wp-json\/wp\/v2\/product\/586472"}],"collection":[{"href":"https:\/\/shop.kustom.ch\/it\/wp-json\/wp\/v2\/product"}],"about":[{"href":"https:\/\/shop.kustom.ch\/it\/wp-json\/wp\/v2\/types\/product"}],"wp:featuredmedia":[{"embeddable":true,"href":"https:\/\/shop.kustom.ch\/it\/wp-json\/wp\/v2\/media\/586521"}],"wp:attachment":[{"href":"https:\/\/shop.kustom.ch\/it\/wp-json\/wp\/v2\/media?parent=586472"}],"wp:term":[{"taxonomy":"product_brand","embeddable":true,"href":"https:\/\/shop.kustom.ch\/it\/wp-json\/wp\/v2\/product_brand?post=586472"},{"taxonomy":"product_cat","embeddable":true,"href":"https:\/\/shop.kustom.ch\/it\/wp-json\/wp\/v2\/product_cat?post=586472"},{"taxonomy":"product_tag","embeddable":true,"href":"https:\/\/shop.kustom.ch\/it\/wp-json\/wp\/v2\/product_tag?post=586472"}],"curies":[{"name":"wp","href":"https:\/\/api.w.org\/{rel}","templated":true}]}}