{"id":586452,"date":"2025-03-04T22:08:34","date_gmt":"2025-03-04T21:08:34","guid":{"rendered":"https:\/\/shop.kustom.ch\/?post_type=product&#038;p=586452"},"modified":"2026-03-31T08:48:19","modified_gmt":"2026-03-31T07:48:19","slug":"110-l-reisetasche","status":"publish","type":"product","link":"https:\/\/shop.kustom.ch\/it\/prodotto\/110-l-reisetasche\/","title":{"rendered":"Borsa da viaggio da 110 L"},"content":{"rendered":"<p>Borsa grande e spaziosa da 110 litri con ruote e base solida. La borsa \u00e8 realizzata in tessuto di poliestere rivestito in TPU, che la rende resistente e idrorepellente. Maniglia telescopica integrata per una facile movimentazione.<\/p>\n<p>DETTAGLI: Spazio per la decorazione sulla tracolla, 3\u00d720 cm. Tasca per carta d'identit\u00e0. Stampa Bl\u00e5kl\u00e4der. Tracolla. CARATTERISTICHE PRINCIPALI: Unisex. DIMENSIONI: 68x37x37 cm. SIMBOLI: Idrorepellente 2. ISTRUZIONI DI LAVAGGIO: Non centrifugare.<\/p>","protected":false},"excerpt":{"rendered":"<p>Grosse, ger\u00e4umige 110-Liter-Tasche mit R\u00e4dern und einem festen Boden. Die Tasche ist aus TPU-beschichtetem Polyestergewebe gefertigt, das sie haltbar und wasserabweisend macht. Integrierter Teleskopgriff f\u00fcr eine einfache Handhabung. DETAILS: Platz f\u00fcr Veredelung am Schulterriemen, 3&#215;20 cm. Ausweistasche. Bl\u00e5kl\u00e4der-Aufdruck. Schulterriemen. HAUPTEIGENSCHAFTEN: Unisex. MASSANGABE: 68x37x37 cm. SYMBOLS: Water repellent 2. WASCHANLEITUNG: Nicht schleudern<\/p>","protected":false},"featured_media":586519,"template":"","meta":[],"product_brand":[],"product_cat":[9643,4209],"product_tag":[],"class_list":{"0":"post-586452","1":"product","2":"type-product","3":"status-publish","4":"has-post-thumbnail","6":"product_cat-equipment","7":"product_cat-zubehoer","8":"pa_brand-blaklaeder","9":"pa_brand-type-workwear","10":"pa_filter-color-schwarz","12":"first","13":"instock","14":"sale","15":"taxable","16":"shipping-taxable","17":"purchasable","18":"product-type-variable","19":"add-to-wishlist-before_image"},"exclude_global_add_ons":[],"addons":[],"acf":[],"_links":{"self":[{"href":"https:\/\/shop.kustom.ch\/it\/wp-json\/wp\/v2\/product\/586452"}],"collection":[{"href":"https:\/\/shop.kustom.ch\/it\/wp-json\/wp\/v2\/product"}],"about":[{"href":"https:\/\/shop.kustom.ch\/it\/wp-json\/wp\/v2\/types\/product"}],"wp:featuredmedia":[{"embeddable":true,"href":"https:\/\/shop.kustom.ch\/it\/wp-json\/wp\/v2\/media\/586519"}],"wp:attachment":[{"href":"https:\/\/shop.kustom.ch\/it\/wp-json\/wp\/v2\/media?parent=586452"}],"wp:term":[{"taxonomy":"product_brand","embeddable":true,"href":"https:\/\/shop.kustom.ch\/it\/wp-json\/wp\/v2\/product_brand?post=586452"},{"taxonomy":"product_cat","embeddable":true,"href":"https:\/\/shop.kustom.ch\/it\/wp-json\/wp\/v2\/product_cat?post=586452"},{"taxonomy":"product_tag","embeddable":true,"href":"https:\/\/shop.kustom.ch\/it\/wp-json\/wp\/v2\/product_tag?post=586452"}],"curies":[{"name":"wp","href":"https:\/\/api.w.org\/{rel}","templated":true}]}}