{"id":586451,"date":"2025-03-04T22:08:34","date_gmt":"2025-03-04T21:08:34","guid":{"rendered":"https:\/\/shop.kustom.ch\/?post_type=product&#038;p=586451"},"modified":"2026-03-31T08:48:17","modified_gmt":"2026-03-31T07:48:17","slug":"multinorm-weste-inhaerent","status":"publish","type":"product","link":"https:\/\/shop.kustom.ch\/it\/prodotto\/multinorm-weste-inhaerent\/","title":{"rendered":"Gilet multinormale Inerente"},"content":{"rendered":"<p>Gilet per attrezzi ignifugo che protegge in condizioni difficili. Il gilet \u00e8 idrorepellente, resistente all'olio e allo sporco ed \u00e8 dotato di pratiche tasche per attrezzi e accessori. Tasche rinforzate per chiodi in tre parti sul davanti e sul retro. Testato e approvato per 50 lavaggi. Certificato secondo le norme EN 1149-5, EN ISO 20471, EN ISO 11612, IEC 61482-2. ATPV: 11 cal\/cm\u00b2. Soddisfa i requisiti della norma EN ISO 15797 per il lavaggio industriale.<\/p>\n<p>DETTAGLI: anello a D. Etichette di certificazione esterne. Passanti. CHIUSURA ANTERIORE: Cerniera nascosta in plastica rinforzata. FUNZIONALIT\u00c0: Senza metallo. CARATTERISTICHE PRINCIPALI: Impiegato di servizio. IEC 61482-2. REFLEX: Strisce riflettenti ignifughe con doppie cuciture. TESSUTO: Uomo. Giallo alta visibilit\u00e0. Tasche per le unghie. Ritardante di fiamma. TASCHE: Tasche sul petto libere e pendenti con cinghie di sicurezza, una con patta e bottoni a pressione in metallo, una aperta con tasche portapenne e cinghia portautensili. Tasche rinforzate per chiodi in tre parti. Tasche anteriori con patta. ISTRUZIONI DI LAVAGGIO: 60\u00b0 C. CERTIFICAZIONE: ATPV Rating: 32 cal\/cm\u00b2, CAT 3. 50 lavaggi max. ATPV - 11 cal\/cm\u00b2. Massimo 50 lavaggi. EN ISO 20471, Classe 2<\/p>\n<p>44% modacrilico, 30% cotone, 20% poliammide FR, 5% aramide, 1% antistatico, ripstop, ignifugo, antistatico, 260 g\/m\u00b2<\/p>","protected":false},"excerpt":{"rendered":"<p>Flammschutz Werkzeug-Weste, die Sie unter fordernden Bedingungen sch\u00fctzt. Die \u00f6l-, schmutz- und wasserabweisende Weste weist praktische Taschen f\u00fcr Werkzeug und Accessoires auf. Verst\u00e4rkte, dreiteilige Nageltaschen vorne und am Ges\u00e4ss. Getestet und zugelassen f\u00fcr 50 Waschg\u00e4nge. Zertifiziert nach EN 1149-5, EN ISO 20471, EN ISO 11612, IEC 61482-2. ATPV: 11 cal\/cm\u00b2. Erf\u00fcllt die EN ISO 15797 [&hellip;]<\/p>\n","protected":false},"featured_media":586489,"template":"","meta":[],"product_brand":[],"product_cat":[4208],"product_tag":[],"class_list":{"0":"post-586451","1":"product","2":"type-product","3":"status-publish","4":"has-post-thumbnail","6":"product_cat-westen","7":"pa_brand-blaklaeder","8":"pa_brand-type-workwear","9":"pa_filter-color-gelb","11":"first","12":"instock","13":"sale","14":"taxable","15":"shipping-taxable","16":"purchasable","17":"product-type-variable","18":"add-to-wishlist-before_image"},"exclude_global_add_ons":[],"addons":[],"acf":[],"_links":{"self":[{"href":"https:\/\/shop.kustom.ch\/it\/wp-json\/wp\/v2\/product\/586451"}],"collection":[{"href":"https:\/\/shop.kustom.ch\/it\/wp-json\/wp\/v2\/product"}],"about":[{"href":"https:\/\/shop.kustom.ch\/it\/wp-json\/wp\/v2\/types\/product"}],"wp:featuredmedia":[{"embeddable":true,"href":"https:\/\/shop.kustom.ch\/it\/wp-json\/wp\/v2\/media\/586489"}],"wp:attachment":[{"href":"https:\/\/shop.kustom.ch\/it\/wp-json\/wp\/v2\/media?parent=586451"}],"wp:term":[{"taxonomy":"product_brand","embeddable":true,"href":"https:\/\/shop.kustom.ch\/it\/wp-json\/wp\/v2\/product_brand?post=586451"},{"taxonomy":"product_cat","embeddable":true,"href":"https:\/\/shop.kustom.ch\/it\/wp-json\/wp\/v2\/product_cat?post=586451"},{"taxonomy":"product_tag","embeddable":true,"href":"https:\/\/shop.kustom.ch\/it\/wp-json\/wp\/v2\/product_tag?post=586451"}],"curies":[{"name":"wp","href":"https:\/\/api.w.org\/{rel}","templated":true}]}}