{"id":586407,"date":"2025-03-04T22:08:00","date_gmt":"2025-03-04T21:08:00","guid":{"rendered":"https:\/\/shop.kustom.ch\/?post_type=product&#038;p=586407"},"modified":"2026-03-31T08:48:06","modified_gmt":"2026-03-31T07:48:06","slug":"schweisser-schuerze","status":"publish","type":"product","link":"https:\/\/shop.kustom.ch\/it\/prodotto\/schweisser-schuerze\/","title":{"rendered":"Grembiule da saldatore"},"content":{"rendered":"<p>Grembiule resistente, perfetto per la saldatura o la molatura, con tessuto rinforzato che respinge il metallo fuso. Protegge da ferro, zinco e alluminio ed \u00e8 lavabile a livello industriale. Certificato secondo le norme EN ISO 11611 e EN ISO 11612.<\/p>\n<p>DETTAGLI: Etichetta esterna. Cintura da legare. FUNZIONALIT\u00c0: I materiali rinforzati resistono a metalli fusi, ferro, zinco e alluminio. CARATTERISTICHE PRINCIPALI: Unisex. EN ISO 11611. TESSUTO: blu. Saldatura. Ritardante di fiamma. ISTRUZIONI DI LAVAGGIO: Adatto al lavaggio industriale. Non lavare a secco. CERTIFICAZIONE: EN ISO 11611 classe 2, A1+A2. EN ISO 11612 A1, A2, B1, C1, D3, E3, F1<\/p>\n<p>79% cotone, 20% poliestere, 1% raso antistatico, ritardante di fiamma antistatico 450g\/m\u00b2<\/p>","protected":false},"excerpt":{"rendered":"<p>Strapazierf\u00e4hige Sch\u00fcrze, die sich perfekt zum Schweissen oder Schleifen eignet, mit verst\u00e4rktem Stoff, der geschmolzenes Metall abweist. Sch\u00fctzt gegen Eisen, Zink und Aluminium und ist industriell waschbar. Zertifiziert nach EN ISO 11611, EN ISO 11612. DETAILS: Etikett aussen. Bindeg\u00fcrtel. FUNKTIONALIT\u00c4T: Verst\u00e4rkte Materialien halten geschmolzenen Metallen, Eisen, Zink und Aluminium stand. HAUPTEIGENSCHAFTEN: Unisex. EN ISO 11611. [&hellip;]<\/p>\n","protected":false},"featured_media":586457,"template":"","meta":[],"product_brand":[],"product_cat":[9643,4209],"product_tag":[],"class_list":{"0":"post-586407","1":"product","2":"type-product","3":"status-publish","4":"has-post-thumbnail","6":"product_cat-equipment","7":"product_cat-zubehoer","8":"pa_brand-blaklaeder","9":"pa_brand-type-workwear","10":"pa_filter-color-blau","12":"first","13":"instock","14":"sale","15":"taxable","16":"shipping-taxable","17":"purchasable","18":"product-type-variable","19":"add-to-wishlist-before_image"},"exclude_global_add_ons":[],"addons":[],"acf":[],"_links":{"self":[{"href":"https:\/\/shop.kustom.ch\/it\/wp-json\/wp\/v2\/product\/586407"}],"collection":[{"href":"https:\/\/shop.kustom.ch\/it\/wp-json\/wp\/v2\/product"}],"about":[{"href":"https:\/\/shop.kustom.ch\/it\/wp-json\/wp\/v2\/types\/product"}],"wp:featuredmedia":[{"embeddable":true,"href":"https:\/\/shop.kustom.ch\/it\/wp-json\/wp\/v2\/media\/586457"}],"wp:attachment":[{"href":"https:\/\/shop.kustom.ch\/it\/wp-json\/wp\/v2\/media?parent=586407"}],"wp:term":[{"taxonomy":"product_brand","embeddable":true,"href":"https:\/\/shop.kustom.ch\/it\/wp-json\/wp\/v2\/product_brand?post=586407"},{"taxonomy":"product_cat","embeddable":true,"href":"https:\/\/shop.kustom.ch\/it\/wp-json\/wp\/v2\/product_cat?post=586407"},{"taxonomy":"product_tag","embeddable":true,"href":"https:\/\/shop.kustom.ch\/it\/wp-json\/wp\/v2\/product_tag?post=586407"}],"curies":[{"name":"wp","href":"https:\/\/api.w.org\/{rel}","templated":true}]}}