{"id":586364,"date":"2025-03-04T22:07:24","date_gmt":"2025-03-04T21:07:24","guid":{"rendered":"https:\/\/shop.kustom.ch\/?post_type=product&#038;p=586364"},"modified":"2026-03-31T08:47:57","modified_gmt":"2026-03-31T07:47:57","slug":"multinorm-sicherheitsweste","status":"publish","type":"product","link":"https:\/\/shop.kustom.ch\/it\/prodotto\/multinorm-sicherheitsweste\/","title":{"rendered":"Gilet di sicurezza Multinorm"},"content":{"rendered":"<p>Gilet leggero ad alta visibilit\u00e0 con propriet\u00e0 antistatiche. Le strisce riflettenti su tutto il gilet, comprese le maniche, assicurano che chi lo indossa sia visibile da tutte le direzioni. Dotato di una cerniera sul davanti e di pratiche aperture laterali che consentono un facile accesso agli indumenti e alle tasche sottostanti. Certificato secondo le norme EN 1149-5, EN ISO 20471, EN ISO 14116.<\/p>\n<p>CHIUSURA: Schienale allungato. DETTAGLI: anello a D. Etichetta esterna. CHIUSURA ANTERIORE: Cerniera in plastica. PROPRIET\u00c0 PRINCIPALI: Lavoratori stradali ed edili. EN 1149-5. REFLEX: strisce riflettenti ignifughe larghe 50 mm. TESSUTO: Uomo. Giallo alta visibilit\u00e0. Ritardante di fiamma. TASCHE: Aperture sul lato per accedere alle tasche sottostanti. ISTRUZIONI DI LAVAGGIO: Non candeggiare. CERTIFICAZIONE: EN 1149-5. EN ISO 14116 Indice 1. EN ISO 20471, Classe 3.<\/p>\n<p>Poliestere 98%, fibra antistatica 2%, maglia indemagliabile, ignifuga, antistatica, 120 g\/m\u00b2.<\/p>","protected":false},"excerpt":{"rendered":"<p>Leichte, High Vis Weste mit antistatischen Eigenschaften. Reflexstreifen um die Weste herum, auch an den \u00c4rmeln, sorgen daf\u00fcr, dass der Tr\u00e4ger aus allen Richtungen sichtbar ist. Mit einem Reissverschluss an der Voderseite und praktischen Seiten\u00f6ffnungen, die einen bequemen Zugang zu Kleidung und darunter liegenden Taschen erm\u00f6glichen. Zertifiziert nach EN 1149-5, EN ISO 20471, EN ISO [&hellip;]<\/p>\n","protected":false},"featured_media":586426,"template":"","meta":[],"product_brand":[],"product_cat":[4208],"product_tag":[],"class_list":{"0":"post-586364","1":"product","2":"type-product","3":"status-publish","4":"has-post-thumbnail","6":"product_cat-westen","7":"pa_brand-blaklaeder","8":"pa_brand-type-workwear","9":"pa_filter-color-gelb","10":"pa_filter-color-orange","12":"first","13":"instock","14":"sale","15":"taxable","16":"shipping-taxable","17":"purchasable","18":"product-type-variable","19":"add-to-wishlist-before_image"},"exclude_global_add_ons":[],"addons":[],"acf":[],"_links":{"self":[{"href":"https:\/\/shop.kustom.ch\/it\/wp-json\/wp\/v2\/product\/586364"}],"collection":[{"href":"https:\/\/shop.kustom.ch\/it\/wp-json\/wp\/v2\/product"}],"about":[{"href":"https:\/\/shop.kustom.ch\/it\/wp-json\/wp\/v2\/types\/product"}],"wp:featuredmedia":[{"embeddable":true,"href":"https:\/\/shop.kustom.ch\/it\/wp-json\/wp\/v2\/media\/586426"}],"wp:attachment":[{"href":"https:\/\/shop.kustom.ch\/it\/wp-json\/wp\/v2\/media?parent=586364"}],"wp:term":[{"taxonomy":"product_brand","embeddable":true,"href":"https:\/\/shop.kustom.ch\/it\/wp-json\/wp\/v2\/product_brand?post=586364"},{"taxonomy":"product_cat","embeddable":true,"href":"https:\/\/shop.kustom.ch\/it\/wp-json\/wp\/v2\/product_cat?post=586364"},{"taxonomy":"product_tag","embeddable":true,"href":"https:\/\/shop.kustom.ch\/it\/wp-json\/wp\/v2\/product_tag?post=586364"}],"curies":[{"name":"wp","href":"https:\/\/api.w.org\/{rel}","templated":true}]}}