{"id":586343,"date":"2025-03-04T22:06:45","date_gmt":"2025-03-04T21:06:45","guid":{"rendered":"https:\/\/shop.kustom.ch\/?post_type=product&#038;p=586343"},"modified":"2026-03-31T08:47:56","modified_gmt":"2026-03-31T07:47:56","slug":"high-vis-werkzeug-weste","status":"publish","type":"product","link":"https:\/\/shop.kustom.ch\/it\/prodotto\/high-vis-werkzeug-weste\/","title":{"rendered":"Gilet da lavoro High Vis"},"content":{"rendered":"<p>Moderno gilet da artigiano con molte pratiche tasche per attrezzi e accessori. Tasche per le unghie staccabili e cintura in vita per alleviare la tensione su spalle e collo. Il gilet \u00e8 dotato anche di doppie cerniere sul davanti per regolare l'ampiezza per una migliore vestibilit\u00e0 e comfort. Gli inserti in rete con materiale elasticizzato rendono il gilet leggero e garantiscono una buona ventilazione. Certificato secondo la norma EN ISO 20471, classe S 1, M-4XL classe 2.<\/p>\n<p>DETTAGLI: Anello a D. Bottoni in metallo. Portacoltelli con bottone. Due passanti con chiusura a velcro sui lati per il portamartello. CHIUSURA ANTERIORE: robusta cerniera in plastica. FUNZIONALIT\u00c0: rete robusta sul davanti, sulle spalle e sulla schiena. PROPRIET\u00c0 PRINCIPALI: Lavoratori stradali ed edili. EN ISO 20471. RIFLESSIONE: Riflettori su spalle e corpo. TESSUTO: Uomo. Giallo alta visibilit\u00e0. Tasche per le unghie. Alta visibilit\u00e0. TASCHE: Tasche sul petto, una con patta, una con bottoni per coltello. Tasca anteriore per documenti. Tasca posteriore porta chiodi - staccabile. Due tasche Napoleone con spazio per formati A4. ISTRUZIONI DI LAVAGGIO: Numero di lavaggi: 50, non lavare a secco. RINFORZO: tasche portachiodi rinforzate in CORDURA\u00ae. CERTIFICAZIONE: Gruppo di certificazione E-&gt;S. ACCESSORI: Fibbia a sgancio rapido<\/p>\n<p>85% poliestere, 15% cotone, raso, 300g\/m\u00b2<\/p>","protected":false},"excerpt":{"rendered":"<p>Moderne Handwerker Weste mit vielen praktischen Taschen f\u00fcr Werkzeug und Zubeh\u00f6r. Abnehmbare Nageltaschen und Taillengurt zur Entlastung von Schultern und Nacken. Die Weste hat sogar Doppelreissverschl\u00fcsse vorne um die Weite einzustellen, was eine bessere Passform und guten Komfort bietet. Mesh Eins\u00e4tze mit Stretch Material machen die Weste leicht und bieten gute Bel\u00fcftung. Zertifiziert nach EN [&hellip;]<\/p>\n","protected":false},"featured_media":586393,"template":"","meta":[],"product_brand":[],"product_cat":[4208],"product_tag":[],"class_list":{"0":"post-586343","1":"product","2":"type-product","3":"status-publish","4":"has-post-thumbnail","6":"product_cat-westen","7":"pa_brand-blaklaeder","8":"pa_brand-type-workwear","9":"pa_filter-color-gelb","10":"pa_filter-color-orange","11":"pa_filter-color-rot","13":"first","14":"instock","15":"sale","16":"taxable","17":"shipping-taxable","18":"purchasable","19":"product-type-variable","20":"add-to-wishlist-before_image"},"exclude_global_add_ons":[],"addons":[],"acf":[],"_links":{"self":[{"href":"https:\/\/shop.kustom.ch\/it\/wp-json\/wp\/v2\/product\/586343"}],"collection":[{"href":"https:\/\/shop.kustom.ch\/it\/wp-json\/wp\/v2\/product"}],"about":[{"href":"https:\/\/shop.kustom.ch\/it\/wp-json\/wp\/v2\/types\/product"}],"wp:featuredmedia":[{"embeddable":true,"href":"https:\/\/shop.kustom.ch\/it\/wp-json\/wp\/v2\/media\/586393"}],"wp:attachment":[{"href":"https:\/\/shop.kustom.ch\/it\/wp-json\/wp\/v2\/media?parent=586343"}],"wp:term":[{"taxonomy":"product_brand","embeddable":true,"href":"https:\/\/shop.kustom.ch\/it\/wp-json\/wp\/v2\/product_brand?post=586343"},{"taxonomy":"product_cat","embeddable":true,"href":"https:\/\/shop.kustom.ch\/it\/wp-json\/wp\/v2\/product_cat?post=586343"},{"taxonomy":"product_tag","embeddable":true,"href":"https:\/\/shop.kustom.ch\/it\/wp-json\/wp\/v2\/product_tag?post=586343"}],"curies":[{"name":"wp","href":"https:\/\/api.w.org\/{rel}","templated":true}]}}