{"id":586076,"date":"2025-03-04T22:01:27","date_gmt":"2025-03-04T21:01:27","guid":{"rendered":"https:\/\/shop.kustom.ch\/?post_type=product&#038;p=586076"},"modified":"2026-03-31T08:46:43","modified_gmt":"2026-03-31T07:46:43","slug":"multinorm-latzhose-inhaerent-2","status":"publish","type":"product","link":"https:\/\/shop.kustom.ch\/it\/prodotto\/multinorm-latzhose-inhaerent-2\/","title":{"rendered":"Salopette multinormale Inerente"},"content":{"rendered":"<p>La salopette \u00e8 realizzata in un tessuto intrinsecamente ignifugo, il che significa che le propriet\u00e0 ignifughe sono naturalmente contenute nelle fibre. Questi pantaloni morbidi offrono libert\u00e0 di movimento e le ginocchia sono rinforzate con un tessuto CORDURA\u00ae\/Kevlar\u00ae\/Protal\u00ae. Sono repellenti all'olio, allo sporco e all'acqua e sono dotati di molte soluzioni di tasche intelligenti che soddisfano le certificazioni e gli standard. Le bretelle elastiche migliorano il comfort. Le tasche che presentano un'usura eccessiva sono doppiamente rinforzate per prolungarne la durata. Il tessuto Ripstop garantisce un'eccellente resistenza agli strappi. Tutte le taglie C possono essere estese alle taglie C-150. Testato e approvato per 50 lavaggi. Il prodotto \u00e8 certificato secondo le norme EN 14404, EN 1149-5, EN ISO 11611, EN 13034, EN ISO 20471, EN ISO 11612, IEC 61482-2, ATPV: 11 cal\/cm\u00b2. Raggiunge la certificazione di Classe 3 in combinazione con la giacca 4089 secondo lo standard EN ISO 20471. Soddisfa i requisiti della norma EN ISO 15797 per il lavaggio industriale.<\/p>\n<p>CHIUSURA: opzione di estensione sull'orlo della gamba. DETTAGLI: Tasca portadocumenti staccabile per indumenti ignifughi. Etichette di certificazione esterne. Bretelle regolabili con coulisse elastica. Bottoni nascosti. Zip in plastica sul cavallo. Passanti, uno con anello a D. Vita regolabile. FUNZIONALIT\u00c0: Repellente all'olio, allo sporco e all'acqua. PROPRIET\u00c0 PRINCIPALI: Artigiano. Uomo. EN 13034. REFLEX: strisce riflettenti ignifughe con doppie cuciture. TESSUTO: Uomo. Giallo alta visibilit\u00e0. Tasche per ginocchiere. Protezione dalle fiamme. TASCHE: Tasca sulla gamba con soffietto, tasca per cellulare e tasca per penna. Tasca sul petto con patta e portapenne. Tasche posteriori rinforzate con soffietto e patta. Tasche esterne per ginocchiere. Tasche anteriori oblique. Tasca rinforzata per regolo pieghevole con portacoltelli e portapenne. ISTRUZIONI DI LAVAGGIO: 60\u00b0 C. RINFORZO: CORDURA\u00ae\/Kevlar\u00ae\/Protal\u00ae - rinforzato sulle ginocchia. CERTIFICAZIONE: ATPV Rating: 32 cal\/cm\u00b2, CAT 3. max. 50 lavaggi. EN 13034 PB (6). EN 14404:2004+A1:2010 insieme alle ginocchiere 4027 e 4057. EN 61482-2, APC 1. max. 50 lavaggi. Max. 50 lavaggi. Gruppo di certificazione Z<\/p>\n<p>44% modacrilico, 30% cotone, 20% poliammide FR, 5% aramide, 1% antistatico, ripstop, ignifugo, antistatico, 260 g\/m\u00b2<\/p>","protected":false},"excerpt":{"rendered":"<p>Die Latzhose besteht aus einem inh\u00e4renten flammhemmenden Stoff, was bedeutet, dass die Flammschutz-Eigenschaften nat\u00fcrlich in den Fasern enthalten sind. Diese weiche Hose bietet Bewegungsfreiheit und die Knie sind mit einem CORDURA\u00ae\/Kevlar\u00ae\/Protal\u00ae Stoff verst\u00e4rkt. Sie ist \u00f6l-, schmutz- und wasserabweisend und mit vielen cleveren Taschenl\u00f6sungen, die die Zertifizierungen und Normen erf\u00fcllen, ausgestattet. Elastische Hosentr\u00e4ger sorgen f\u00fcr [&hellip;]<\/p>\n","protected":false},"featured_media":586104,"template":"","meta":[],"product_brand":[],"product_cat":[10448],"product_tag":[],"class_list":{"0":"post-586076","1":"product","2":"type-product","3":"status-publish","4":"has-post-thumbnail","6":"product_cat-latzhose","7":"pa_brand-blaklaeder","8":"pa_brand-type-workwear","9":"pa_filter-color-blau","10":"pa_filter-color-gelb","11":"pa_filter-color-orange","13":"first","14":"instock","15":"sale","16":"taxable","17":"shipping-taxable","18":"purchasable","19":"product-type-variable","20":"add-to-wishlist-before_image"},"exclude_global_add_ons":[],"addons":[],"acf":[],"_links":{"self":[{"href":"https:\/\/shop.kustom.ch\/it\/wp-json\/wp\/v2\/product\/586076"}],"collection":[{"href":"https:\/\/shop.kustom.ch\/it\/wp-json\/wp\/v2\/product"}],"about":[{"href":"https:\/\/shop.kustom.ch\/it\/wp-json\/wp\/v2\/types\/product"}],"wp:featuredmedia":[{"embeddable":true,"href":"https:\/\/shop.kustom.ch\/it\/wp-json\/wp\/v2\/media\/586104"}],"wp:attachment":[{"href":"https:\/\/shop.kustom.ch\/it\/wp-json\/wp\/v2\/media?parent=586076"}],"wp:term":[{"taxonomy":"product_brand","embeddable":true,"href":"https:\/\/shop.kustom.ch\/it\/wp-json\/wp\/v2\/product_brand?post=586076"},{"taxonomy":"product_cat","embeddable":true,"href":"https:\/\/shop.kustom.ch\/it\/wp-json\/wp\/v2\/product_cat?post=586076"},{"taxonomy":"product_tag","embeddable":true,"href":"https:\/\/shop.kustom.ch\/it\/wp-json\/wp\/v2\/product_tag?post=586076"}],"curies":[{"name":"wp","href":"https:\/\/api.w.org\/{rel}","templated":true}]}}