{"id":585951,"date":"2025-03-04T10:41:13","date_gmt":"2025-03-04T09:41:13","guid":{"rendered":"https:\/\/shop.kustom.ch\/?post_type=product&#038;p=585951"},"modified":"2026-03-31T08:45:52","modified_gmt":"2026-03-31T07:45:52","slug":"flammschutz-latzhose","status":"publish","type":"product","link":"https:\/\/shop.kustom.ch\/it\/prodotto\/flammschutz-latzhose\/","title":{"rendered":"Salopette antifiamma"},"content":{"rendered":"<p>Salopette ignifuga resistente a olio, sporco e acqua, con vita regolabile e bretelle elastiche per un maggiore comfort. Questi robusti pantaloni sono dotati di pratiche tasche con pattina e di una tasca per il righello per le necessit\u00e0 quotidiane sul lavoro. Certificato secondo le norme EN 14404, EN 1149-5, EN ISO 11611, EN 13034, EN ISO 11612, IEC 61482-2. ATPV: 16,0 cal\/cm\u00b2. Soddisfa i requisiti della norma EN ISO 15797 per la lavanderia industriale.<\/p>\n<p>CHIUSURA: possibilit\u00e0 di estensione sull'orlo della gamba. DETTAGLI: anello a D. Etichette di certificazione esterne. Bretelle regolabili con coulisse elastica. Cerniera metallica sul cavallo. Passanti. Vita regolabile. FUNZIONALIT\u00c0: Repellente all'olio, allo sporco e all'acqua. PROPRIET\u00c0 PRINCIPALI: Saldatore. Uomo. EN ISO 11611. TESSUTO: Uomo. blu. Tasche per ginocchiere. Protezione dalle fiamme. TASCHE: Tasca sulla gamba con soffietto e patta. Tasca sul petto con patta. Tasche posteriori con patta e bottone a pressione. Tasche esterne per ginocchiere. Tasche laterali. Tasca per regolo pieghevole con portacoltelli. ISTRUZIONI DI LAVAGGIO: Non candeggiare. LAVAGGIO: lavanderia industriale EN ISO 15797. CERTIFICAZIONE: EN 1149-5. 20 cicli di lavaggio max. EN 14404:2004+A1:2010 insieme alle ginocchiere 4027, 4057, 4058 e 4032. EN ISO 11611, classe 1 A1+A2. EN ISO 11612 A1, A2, B1, C1, E3, F1. IEC 61482-2, APC 1<\/p>\n<p>85% cotone, 14% poliestere, 1% antistatico, twill, ritardante la fiamma, antistatico, 350 g\/m\u00b2<\/p>","protected":false},"excerpt":{"rendered":"<p>\u00d6l-, schmutz- und wasserabweisende Flammschutz Latzhose mit verstellbarer Taille und elastischen Hosentr\u00e4gern f\u00fcr besseren Komfort. Diese robuste Hose hat praktische Taschen mit Patte und eine Zollstocktasche f\u00fcr allt\u00e4gliche Notwendigkeiten bei der Arbeit. Zertifiziert nach EN 14404, EN 1149-5, EN ISO 11611, EN 13034, EN ISO 11612, IEC 61482-2. ATPV: 16,0 cal\/cm\u00b2. Erf\u00fcllt die EN ISO [&hellip;]<\/p>\n","protected":false},"featured_media":585996,"template":"","meta":[],"product_brand":[],"product_cat":[10448],"product_tag":[],"class_list":{"0":"post-585951","1":"product","2":"type-product","3":"status-publish","4":"has-post-thumbnail","6":"product_cat-latzhose","7":"pa_brand-blaklaeder","8":"pa_brand-type-workwear","9":"pa_filter-color-blau","11":"first","12":"instock","13":"sale","14":"taxable","15":"shipping-taxable","16":"purchasable","17":"product-type-variable","18":"add-to-wishlist-before_image"},"exclude_global_add_ons":[],"addons":[],"acf":[],"_links":{"self":[{"href":"https:\/\/shop.kustom.ch\/it\/wp-json\/wp\/v2\/product\/585951"}],"collection":[{"href":"https:\/\/shop.kustom.ch\/it\/wp-json\/wp\/v2\/product"}],"about":[{"href":"https:\/\/shop.kustom.ch\/it\/wp-json\/wp\/v2\/types\/product"}],"wp:featuredmedia":[{"embeddable":true,"href":"https:\/\/shop.kustom.ch\/it\/wp-json\/wp\/v2\/media\/585996"}],"wp:attachment":[{"href":"https:\/\/shop.kustom.ch\/it\/wp-json\/wp\/v2\/media?parent=585951"}],"wp:term":[{"taxonomy":"product_brand","embeddable":true,"href":"https:\/\/shop.kustom.ch\/it\/wp-json\/wp\/v2\/product_brand?post=585951"},{"taxonomy":"product_cat","embeddable":true,"href":"https:\/\/shop.kustom.ch\/it\/wp-json\/wp\/v2\/product_cat?post=585951"},{"taxonomy":"product_tag","embeddable":true,"href":"https:\/\/shop.kustom.ch\/it\/wp-json\/wp\/v2\/product_tag?post=585951"}],"curies":[{"name":"wp","href":"https:\/\/api.w.org\/{rel}","templated":true}]}}