{"id":585777,"date":"2025-03-04T10:39:05","date_gmt":"2025-03-04T09:39:05","guid":{"rendered":"https:\/\/shop.kustom.ch\/?post_type=product&#038;p=585777"},"modified":"2026-03-31T08:45:35","modified_gmt":"2026-03-31T07:45:35","slug":"latzhose-mit-stretch","status":"publish","type":"product","link":"https:\/\/shop.kustom.ch\/it\/prodotto\/latzhose-mit-stretch\/","title":{"rendered":"Salopette con elastico"},"content":{"rendered":"<p>Salopette in ripstop robusta e funzionale. Per una vestibilit\u00e0 e un comfort ottimali, i pantaloni sono dotati di inserti elasticizzati sui polpacci e sull'interno coscia, nonch\u00e9 di tasche per le ginocchia in CORDURA\u00ae stretch che possono essere riempite dall'alto. I dettagli accuratamente selezionati, come i dettagli riflettenti individuali, la tasca per il cellulare in rete, la tasca per il metro pieghevole e il pratico portacoltelli, rendono questi pantaloni adatti agli artigiani. Non adatti a lavori manuali pesanti.<\/p>\n<p>CHIUSURA: Polsini delle gambe regolabili con bottoni. DETTAGLI: passante per martello sul lato. Bretelle regolabili con elastico in vita. Zip in plastica sul cavallo. Fibbia senza metallo. Vita regolabile. FUNZIONALIT\u00c0: Inserti elasticizzati al cavallo, al polpaccio e tasca per ginocchiera. Gambe dei pantaloni particolarmente ergonomiche. PROPRIET\u00c0 PRINCIPALI: Lavoratore di magazzino. Uomo. EN 14004. REFLEX: Dettagli riflettenti. TESSUTO: Uomo. verde. Tasche per ginocchiere. Industria \/ Servizio. TASCHE: Tasca sulla gamba con soffietto, tasca per penna e tasca per cellulare all'interno in rete. Tasca sul petto con patta in colore a contrasto e tasca portapenne. Tasche posteriori. Tasca interna con cerniera. Tasche per ginocchiere - parte superiore con copertura e chiusura a velcro. Materiale elasticizzato all'esterno e all'interno per una migliore vestibilit\u00e0 ergonomica. Tasche laterali. Tasca per regolo pieghevole con portacoltelli e portapenne. ISTRUZIONI DI LAVAGGIO: Non candeggiare. RINFORZO: tasche per ginocchiere in Cordura\u00ae elasticizzato. CERTIFICAZIONE: EN 14404:2004+A1:2010 insieme alle ginocchiere 4027 e 4057.<\/p>\n<p>Cotone 60%, poliestere 40%, ripstop 250g\/m\u00b2<\/p>","protected":false},"excerpt":{"rendered":"<p>Robuste und funktionelle Ripstop Latzhose. F\u00fcr optimalen Sitz und Komfort hat die Hose Stretch-Eins\u00e4tze an den Waden und den Innenseiten der Oberschenkel, so wie von oben zu f\u00fcllende Knietaschen aus CORDURA\u00ae-Stretch. Sorgf\u00e4ltig ausgew\u00e4hlte Details wie einzelne Reflexdetails, Handytasche aus Mesh, Zollstocktasche und praktischer Messerhalter machen die Hose passend f\u00fcr Handwerker. Nicht f\u00fcr schwere Handwerks Arbeiten [&hellip;]<\/p>\n","protected":false},"featured_media":585813,"template":"","meta":[],"product_brand":[],"product_cat":[10448],"product_tag":[],"class_list":{"0":"post-585777","1":"product","2":"type-product","3":"status-publish","4":"has-post-thumbnail","6":"product_cat-latzhose","7":"pa_brand-blaklaeder","8":"pa_brand-type-workwear","9":"pa_filter-color-blau","10":"pa_filter-color-gelb","11":"pa_filter-color-grau","12":"pa_filter-color-gruen","13":"pa_filter-color-rot","14":"pa_filter-color-schwarz","16":"first","17":"instock","18":"sale","19":"taxable","20":"shipping-taxable","21":"purchasable","22":"product-type-variable","23":"add-to-wishlist-before_image"},"exclude_global_add_ons":[],"addons":[],"acf":[],"_links":{"self":[{"href":"https:\/\/shop.kustom.ch\/it\/wp-json\/wp\/v2\/product\/585777"}],"collection":[{"href":"https:\/\/shop.kustom.ch\/it\/wp-json\/wp\/v2\/product"}],"about":[{"href":"https:\/\/shop.kustom.ch\/it\/wp-json\/wp\/v2\/types\/product"}],"wp:featuredmedia":[{"embeddable":true,"href":"https:\/\/shop.kustom.ch\/it\/wp-json\/wp\/v2\/media\/585813"}],"wp:attachment":[{"href":"https:\/\/shop.kustom.ch\/it\/wp-json\/wp\/v2\/media?parent=585777"}],"wp:term":[{"taxonomy":"product_brand","embeddable":true,"href":"https:\/\/shop.kustom.ch\/it\/wp-json\/wp\/v2\/product_brand?post=585777"},{"taxonomy":"product_cat","embeddable":true,"href":"https:\/\/shop.kustom.ch\/it\/wp-json\/wp\/v2\/product_cat?post=585777"},{"taxonomy":"product_tag","embeddable":true,"href":"https:\/\/shop.kustom.ch\/it\/wp-json\/wp\/v2\/product_tag?post=585777"}],"curies":[{"name":"wp","href":"https:\/\/api.w.org\/{rel}","templated":true}]}}