{"id":585625,"date":"2025-03-04T10:37:03","date_gmt":"2025-03-04T09:37:03","guid":{"rendered":"https:\/\/shop.kustom.ch\/?post_type=product&#038;p=585625"},"modified":"2026-03-31T08:45:18","modified_gmt":"2026-03-31T07:45:18","slug":"latzhose-industrie-2","status":"publish","type":"product","link":"https:\/\/shop.kustom.ch\/it\/prodotto\/latzhose-industrie-2\/","title":{"rendered":"Industria della salopette"},"content":{"rendered":"<p>Salopette industriale in twill di cotone 100%. Questa salopette \u00e8 dotata di vita regolabile e bretelle regolabili. Le soluzioni tascabili, come le tasche posteriori con patta, la tasca sulla gamba con tasca per il cellulare, la tasca per il righello, la tasca per la carta d'identit\u00e0, le tasche per le penne e le tasche esterne per le ginocchiere, garantiscono una gamma estremamente ampia di applicazioni.<\/p>\n<p>DETTAGLI: Tasca per carte d'identit\u00e0 staccabile. Bretelle regolabili con coulisse elastica. Fibbia senza metallo. Vita regolabile. CARATTERISTICHE PRINCIPALI: Strato a terra. Uomo. TESSUTO: Uomo. blu. Tasche per ginocchiere. Industria \/ Servizio. TASCHE: Tasca sulla gamba con tasca per cellulare, tasca per carte d'identit\u00e0 e tasche per penne. Tasca sul petto con patta in colore a contrasto e taschino portapenne. Tasche posteriori con patta. Tasca interna con zip. Tasche interne per ginocchiere. Tasche laterali. Tasca porta metro pieghevole. ISTRUZIONI DI LAVAGGIO: 70\u00b0 C. CERTIFICAZIONE: EN 14404:2004+A1:2010 in combinazione con la ginocchiera 4057.<\/p>\n<p>100% Cotone, twill, 320 g\/m\u00b2<\/p>","protected":false},"excerpt":{"rendered":"<p>Industrie Latzhose aus 100% Baumwolle Twill. Diese Latzhose hat einen einstellbaren Bund und verstellbare Tr\u00e4ger. Taschenl\u00f6sungen, wie z.Bsp. Ges\u00e4sstaschen mit Patte, Beintasche mit Handytasche, Zollstocktasche, ID-Kartentasche, Stiftf\u00e4cher und aussenliegende Kniepolstertaschen sorgen f\u00fcr einen extrem weitl\u00e4ufigen Einsatzbereich. DETAILS: Abnehmbare Ausweistasche. Verstellbare Hosentr\u00e4ger mit Gummizug. Metallfreie Schnalle. Verstellbare Taille. HAUPTEIGENSCHAFTEN: Bodenleger. Herren. STOFF: Herren. blau. Kniepolstertaschen. Industrie [&hellip;]<\/p>\n","protected":false},"featured_media":585652,"template":"","meta":[],"product_brand":[],"product_cat":[10448],"product_tag":[],"class_list":{"0":"post-585625","1":"product","2":"type-product","3":"status-publish","4":"has-post-thumbnail","6":"product_cat-latzhose","7":"pa_brand-blaklaeder","8":"pa_brand-type-workwear","9":"pa_filter-color-blau","10":"pa_filter-color-grau","11":"pa_filter-color-schwarz","13":"first","14":"instock","15":"sale","16":"taxable","17":"shipping-taxable","18":"purchasable","19":"product-type-variable","20":"add-to-wishlist-before_image"},"exclude_global_add_ons":[],"addons":[],"acf":[],"_links":{"self":[{"href":"https:\/\/shop.kustom.ch\/it\/wp-json\/wp\/v2\/product\/585625"}],"collection":[{"href":"https:\/\/shop.kustom.ch\/it\/wp-json\/wp\/v2\/product"}],"about":[{"href":"https:\/\/shop.kustom.ch\/it\/wp-json\/wp\/v2\/types\/product"}],"wp:featuredmedia":[{"embeddable":true,"href":"https:\/\/shop.kustom.ch\/it\/wp-json\/wp\/v2\/media\/585652"}],"wp:attachment":[{"href":"https:\/\/shop.kustom.ch\/it\/wp-json\/wp\/v2\/media?parent=585625"}],"wp:term":[{"taxonomy":"product_brand","embeddable":true,"href":"https:\/\/shop.kustom.ch\/it\/wp-json\/wp\/v2\/product_brand?post=585625"},{"taxonomy":"product_cat","embeddable":true,"href":"https:\/\/shop.kustom.ch\/it\/wp-json\/wp\/v2\/product_cat?post=585625"},{"taxonomy":"product_tag","embeddable":true,"href":"https:\/\/shop.kustom.ch\/it\/wp-json\/wp\/v2\/product_tag?post=585625"}],"curies":[{"name":"wp","href":"https:\/\/api.w.org\/{rel}","templated":true}]}}