{"id":585170,"date":"2025-03-04T10:31:48","date_gmt":"2025-03-04T09:31:48","guid":{"rendered":"https:\/\/shop.kustom.ch\/?post_type=product&#038;p=585170"},"modified":"2026-03-31T08:44:57","modified_gmt":"2026-03-31T07:44:57","slug":"kombihose-bodenleger","status":"publish","type":"product","link":"https:\/\/shop.kustom.ch\/it\/prodotto\/kombihose-bodenleger\/","title":{"rendered":"Pantaloni combinati a strato pavimento"},"content":{"rendered":"<p>DETTAGLI: Passante per martello sul lato. Bottoni in metallo. Cucitura interna della gamba con tripla impuntura. Sezione spalla regolabile. CHIUSURA ANTERIORE: Zip in plastica nascosta. FUNZIONALIT\u00c0: elasticizzato sul retro. CARATTERISTICHE PRINCIPALI: Strato a terra. Uomo. EN 14004. TESSUTO: Uomo. grigio. Tasche per ginocchiere. Artigianale. TASCHE: Tasca sulla gamba con portamatite, porta cellulare e porta carta d'identit\u00e0. Tasche sul petto libere e pendenti con bottoni a pressione e cinghie di sicurezza, una con patta e una con tasca portapenne, bottoni di brevetto e portacoltelli. Tasca per cellulare. Tasche per ginocchiere. Tasche posteriori per chiodi. Tasche anteriori a soffietto. Tasca per regolo pieghevole con portacoltelli e portapenne. ISTRUZIONI DI LAVAGGIO: 70\u00b0 C. RINFORZO: ginocchia e tasche posteriori rinforzate in CORDURA\u00ae. CERTIFICAZIONE: EN 14404:2004+A1:2010 insieme alle ginocchiere 4027, 4057, 4058 e 4032.<\/p>\n<p>65% poliestere, 35% cotone, twill, 300g\/m\u00b2<\/p>","protected":false},"excerpt":{"rendered":"<p>DETAILS: Hammerschlaufe an der Seite. Metallkn\u00f6pfe. Innenbeinnaht mit 3-fach-Naht. Verstellbare Schulterpartie. FRONTVERSCHLUSS: Verdeckter Reissverschluss aus Kunststoff. FUNKTIONALIT\u00c4T: Stretch am R\u00fccken. HAUPTEIGENSCHAFTEN: Bodenleger. Herren. EN 14004. STOFF: Herren. grau. Kniepolstertaschen. Handwerk. TASCHEN: Beintasche mit Bleistifttasche, Handytasche und Ausweistasche. Lose h\u00e4ngende Brusttaschen mit Druckkn\u00f6pfen und Sicherheitsriemen, eine mit Patte und eine mit Stifttasche, Patentkn\u00f6pfen und Messerhalter. Handytasche. [&hellip;]<\/p>\n","protected":false},"featured_media":585198,"template":"","meta":[],"product_brand":[],"product_cat":[10454],"product_tag":[],"class_list":{"0":"post-585170","1":"product","2":"type-product","3":"status-publish","4":"has-post-thumbnail","6":"product_cat-overalls","7":"pa_brand-blaklaeder","8":"pa_brand-type-workwear","9":"pa_filter-color-grau","11":"first","12":"instock","13":"sale","14":"taxable","15":"shipping-taxable","16":"purchasable","17":"product-type-variable","18":"add-to-wishlist-before_image"},"exclude_global_add_ons":[],"addons":[],"acf":[],"_links":{"self":[{"href":"https:\/\/shop.kustom.ch\/it\/wp-json\/wp\/v2\/product\/585170"}],"collection":[{"href":"https:\/\/shop.kustom.ch\/it\/wp-json\/wp\/v2\/product"}],"about":[{"href":"https:\/\/shop.kustom.ch\/it\/wp-json\/wp\/v2\/types\/product"}],"wp:featuredmedia":[{"embeddable":true,"href":"https:\/\/shop.kustom.ch\/it\/wp-json\/wp\/v2\/media\/585198"}],"wp:attachment":[{"href":"https:\/\/shop.kustom.ch\/it\/wp-json\/wp\/v2\/media?parent=585170"}],"wp:term":[{"taxonomy":"product_brand","embeddable":true,"href":"https:\/\/shop.kustom.ch\/it\/wp-json\/wp\/v2\/product_brand?post=585170"},{"taxonomy":"product_cat","embeddable":true,"href":"https:\/\/shop.kustom.ch\/it\/wp-json\/wp\/v2\/product_cat?post=585170"},{"taxonomy":"product_tag","embeddable":true,"href":"https:\/\/shop.kustom.ch\/it\/wp-json\/wp\/v2\/product_tag?post=585170"}],"curies":[{"name":"wp","href":"https:\/\/api.w.org\/{rel}","templated":true}]}}