{"id":585097,"date":"2025-03-04T10:31:03","date_gmt":"2025-03-04T09:31:03","guid":{"rendered":"https:\/\/shop.kustom.ch\/?post_type=product&#038;p=585097"},"modified":"2026-03-31T08:44:51","modified_gmt":"2026-03-31T07:44:51","slug":"kombihose-2","status":"publish","type":"product","link":"https:\/\/shop.kustom.ch\/it\/prodotto\/kombihose-2\/","title":{"rendered":"Pantaloni combinati"},"content":{"rendered":"<p>Tasche al ginocchio in CORDURA\u00ae. Due tasche sul petto, una con patta e una con bottoni a pressione e portacoltelli. Porta martello. Due tasche per chiodi libere e rinforzate sul davanti, che possono essere posizionate sopra le tasche a soffietto. Portacacciavite a destra della tasca portachiodi. Due tasche per chiodi libere sul retro. Tasca sulla coscia con tasca per cellulare, tasca per penna e tasca per carta d'identit\u00e0. Tasca per regolo pieghevole con portapenne e portacoltelli. Zip nascosta in plastica sul davanti. Tessuto elasticizzato sulla schiena per un maggiore comfort. Cinghie regolabili. Certificata EN 14404 insieme alle ginocchiere certificate EN 14404, modelli 4000, 4008 e 4018.<\/p>\n<p>DETTAGLI: Passante per martello sul lato. Bottoni in metallo. Cucitura interna della gamba con tripla impuntura. Sezione spalla regolabile. CHIUSURA ANTERIORE: Zip in plastica nascosta. FUNZIONALIT\u00c0: elasticizzato sul retro. CARATTERISTICHE PRINCIPALI: Autista. Uomo. EN 14004. TESSUTO: Uomo. blu. Tasche per ginocchiere. Stretch. TASCHE: Tasca sulla gamba con portamatite, porta cellulare e porta carta d'identit\u00e0. Tasche sul petto libere e pendenti con bottoni a pressione e cinghie di sicurezza, una con patta e una con tasca portapenne, bottoni di brevetto e portacoltelli. Tasca per cellulare. Tasche per ginocchiere. Tasche posteriori per chiodi. Tasche anteriori a soffietto. Tasca per regolo pieghevole con portacoltelli e portapenne. ISTRUZIONI DI LAVAGGIO: Asciugare in asciugatrice - a bassa temperatura. RINFORZO: ginocchia e tasche posteriori rinforzate in CORDURA\u00ae. CERTIFICAZIONE: EN 14404:2004+A1:2010 insieme alle ginocchiere 4027, 4057, 4058 e 4032.<\/p>\n<p>100% Cotone, twill, 370 g\/m\u00b2<\/p>","protected":false},"excerpt":{"rendered":"<p>Knietaschen aus CORDURA\u00ae. Zwei Brusttaschen, eine mit Patte und eine mit Druckkn\u00f6pfen und Messerhalter. Hammerhalter. Zwei lose, verst\u00e4rkte Nageltaschen vorne, die \u00fcber die Balgtaschen gelegt werden k\u00f6nnen. Schraubendreherhalter rechts neben der Nageltasche. Zwei lose Nageltaschen auf der R\u00fcckseite. Oberschenkeltasche mit Handytasche, Stifttasche und Ausweistasche. Zollstocktasche mit Stifttasche und Messerhalter. Verdeckter Kunststoffreissverschluss vorne. Elastischer Stoff auf [&hellip;]<\/p>\n","protected":false},"featured_media":585133,"template":"","meta":[],"product_brand":[],"product_cat":[10454],"product_tag":[],"class_list":{"0":"post-585097","1":"product","2":"type-product","3":"status-publish","4":"has-post-thumbnail","6":"product_cat-overalls","7":"pa_brand-blaklaeder","8":"pa_brand-type-workwear","9":"pa_filter-color-blau","10":"pa_filter-color-schwarz","12":"first","13":"instock","14":"sale","15":"taxable","16":"shipping-taxable","17":"purchasable","18":"product-type-variable","19":"add-to-wishlist-before_image"},"exclude_global_add_ons":[],"addons":[],"acf":[],"_links":{"self":[{"href":"https:\/\/shop.kustom.ch\/it\/wp-json\/wp\/v2\/product\/585097"}],"collection":[{"href":"https:\/\/shop.kustom.ch\/it\/wp-json\/wp\/v2\/product"}],"about":[{"href":"https:\/\/shop.kustom.ch\/it\/wp-json\/wp\/v2\/types\/product"}],"wp:featuredmedia":[{"embeddable":true,"href":"https:\/\/shop.kustom.ch\/it\/wp-json\/wp\/v2\/media\/585133"}],"wp:attachment":[{"href":"https:\/\/shop.kustom.ch\/it\/wp-json\/wp\/v2\/media?parent=585097"}],"wp:term":[{"taxonomy":"product_brand","embeddable":true,"href":"https:\/\/shop.kustom.ch\/it\/wp-json\/wp\/v2\/product_brand?post=585097"},{"taxonomy":"product_cat","embeddable":true,"href":"https:\/\/shop.kustom.ch\/it\/wp-json\/wp\/v2\/product_cat?post=585097"},{"taxonomy":"product_tag","embeddable":true,"href":"https:\/\/shop.kustom.ch\/it\/wp-json\/wp\/v2\/product_tag?post=585097"}],"curies":[{"name":"wp","href":"https:\/\/api.w.org\/{rel}","templated":true}]}}