{"id":585021,"date":"2025-03-04T10:30:18","date_gmt":"2025-03-04T09:30:18","guid":{"rendered":"https:\/\/shop.kustom.ch\/?post_type=product&#038;p=585021"},"modified":"2026-03-31T08:44:47","modified_gmt":"2026-03-31T07:44:47","slug":"industrie-latzhose","status":"publish","type":"product","link":"https:\/\/shop.kustom.ch\/it\/prodotto\/industrie-latzhose\/","title":{"rendered":"Salopette industriale"},"content":{"rendered":"<p>La salopette \u00e8 adatta al lavaggio industriale. Questi pantaloni antigraffio sono realizzati interamente in comodo materiale elasticizzato a 2 vie. Le caratteristiche nascoste, tra cui una tasca interna per il righello e i bottoni a pressione, li rendono estremamente affidabili quando si lavora in ambienti con superfici sensibili. Le strisce riflettenti forniscono ulteriore visibilit\u00e0 quando necessario.<\/p>\n<p>CHIUSURA: possibilit\u00e0 di estensione sull'orlo della gamba. DETTAGLI: Anello a D. Bretelle regolabili con elastico in vita. Bottoni a pressione in metallo. Cucitura interna della gamba con tripla impuntura. Zip in plastica sul cavallo. Fibbia senza metallo. FUNZIONALIT\u00c0: elasticizzato a 2 vie. Gambe dei pantaloni particolarmente ergonomiche. PROPRIET\u00c0 PRINCIPALI: Meccanico. Uomo. REFLEX: Dettagli riflettenti sulla gamba. TESSUTO: Uomo. grigio. Antigraffio. Stretch. TASCHE: Tasche sulle gambe con soffietto e patta, bottoni metallici nascosti. Tasca sul petto con patta. Tasca posteriore, una con patta. Tasca interna per cellulare. Tasca interna con zip nascosta. Tasca interna porta metro pieghevole. ISTRUZIONI DI LAVAGGIO: 70\u00b0 C. LAVAGGIO: lavanderia industriale EN ISO 15797<\/p>\n<p>63% poliestere, 33% cotone, 4% elastofin, twill, elasticizzato, 260 g\/m\u00b2<\/p>","protected":false},"excerpt":{"rendered":"<p>Die Latzhose ist geeignet f\u00fcr die Industriew\u00e4sche. Diese kratzerresistente Hose ist komplett aus bequemem 2-Wege-Stretch Material gefertigt. Verdeckte Eigenschaften, darunter eine innenliegende Zollstocktasche und Druckkn\u00f6pfe, machen diese \u00e4usserst zuverl\u00e4ssig bei Arbeiten in Umgebungen mit empfindlichen Oberfl\u00e4chen. Reflexstreifen sorgen bei Bedarf f\u00fcr zus\u00e4tzliche Sichtbarkeit. ABSCHLUSS: Verl\u00e4ngerungsm\u00f6glichkeit am Beinsaum. DETAILS: D-Ring. Verstellbare Hosentr\u00e4ger mit Gummizug. Metall-Druckkn\u00f6pfe. Innenbeinnaht [&hellip;]<\/p>\n","protected":false},"featured_media":585069,"template":"","meta":[],"product_brand":[],"product_cat":[10448],"product_tag":[],"class_list":{"0":"post-585021","1":"product","2":"type-product","3":"status-publish","4":"has-post-thumbnail","6":"product_cat-latzhose","7":"pa_brand-blaklaeder","8":"pa_brand-type-workwear","9":"pa_filter-color-grau","10":"pa_filter-color-schwarz","12":"first","13":"instock","14":"sale","15":"taxable","16":"shipping-taxable","17":"purchasable","18":"product-type-variable","19":"add-to-wishlist-before_image"},"exclude_global_add_ons":[],"addons":[],"acf":[],"_links":{"self":[{"href":"https:\/\/shop.kustom.ch\/it\/wp-json\/wp\/v2\/product\/585021"}],"collection":[{"href":"https:\/\/shop.kustom.ch\/it\/wp-json\/wp\/v2\/product"}],"about":[{"href":"https:\/\/shop.kustom.ch\/it\/wp-json\/wp\/v2\/types\/product"}],"wp:featuredmedia":[{"embeddable":true,"href":"https:\/\/shop.kustom.ch\/it\/wp-json\/wp\/v2\/media\/585069"}],"wp:attachment":[{"href":"https:\/\/shop.kustom.ch\/it\/wp-json\/wp\/v2\/media?parent=585021"}],"wp:term":[{"taxonomy":"product_brand","embeddable":true,"href":"https:\/\/shop.kustom.ch\/it\/wp-json\/wp\/v2\/product_brand?post=585021"},{"taxonomy":"product_cat","embeddable":true,"href":"https:\/\/shop.kustom.ch\/it\/wp-json\/wp\/v2\/product_cat?post=585021"},{"taxonomy":"product_tag","embeddable":true,"href":"https:\/\/shop.kustom.ch\/it\/wp-json\/wp\/v2\/product_tag?post=585021"}],"curies":[{"name":"wp","href":"https:\/\/api.w.org\/{rel}","templated":true}]}}