{"id":584980,"date":"2025-03-04T10:29:38","date_gmt":"2025-03-04T09:29:38","guid":{"rendered":"https:\/\/shop.kustom.ch\/?post_type=product&#038;p=584980"},"modified":"2026-03-31T08:44:28","modified_gmt":"2026-03-31T07:44:28","slug":"maler-latzhose","status":"publish","type":"product","link":"https:\/\/shop.kustom.ch\/it\/prodotto\/maler-latzhose\/","title":{"rendered":"Salopette da imbianchino"},"content":{"rendered":"<p>Salopette classica dalla vestibilit\u00e0 comoda che vi piacer\u00e0 a lungo. La salopette \u00e8 realizzata in twill di cotone 100% a due strati, che assorbe la vernice dal tessuto e mantiene l'utilizzatore asciutto e pulito. I pantaloni proteggono dagli schizzi di vernice fino al corpo.<\/p>\n<p>DETTAGLI: Tasca per carte d'identit\u00e0 staccabile. Passante per martello sul lato. Ampie bretelle con elastico resistente e chiusura rapida. Bottoni in metallo. Cucitura interna della gamba con tripla impuntura. Zip in plastica sul cavallo. Vita regolabile. CARATTERISTICHE PRINCIPALI: Pittori. Uomo. EN 14004. TESSUTO: Uomo. bianco. Tasche per ginocchiere. Pittore. TASCHE: Tasca sul petto con patta e portapenne. Tasca posteriore con soffietto. Tasca interna con cerniera. Tasche per ginocchiere. Tasche oblique. ISTRUZIONI DI LAVAGGIO: Lavaggio a secco - P normale. RINFORZO: Tasca posteriore rinforzata in CORDURA\u00ae. CERTIFICAZIONE: EN 14404:2004+A1:2010 insieme alle ginocchiere 4027, 4057, 4058 e 4032.<\/p>\n<p>100% Cotone, twill, 320 g\/m\u00b2<\/p>","protected":false},"excerpt":{"rendered":"<p>Eine klassische Latzhose mit angenehmer Passform, an der man lange seine Freude hat. Die Latzhose besteht aus 100% Baumwollk\u00f6per in zwei Schichten, wodurch die Farbe vom Stoff aufgesaugt wird und der Tr\u00e4ger trocken und sauber bleibt. Die Hose sch\u00fctzt bis zum K\u00f6rper vor Farbspritzern. DETAILS: Abnehmbare Ausweistasche. Hammerschlaufe an der Seite. Breite Hosentr\u00e4ger mit starkem [&hellip;]<\/p>\n","protected":false},"featured_media":585006,"template":"","meta":[],"product_brand":[],"product_cat":[10448],"product_tag":[],"class_list":{"0":"post-584980","1":"product","2":"type-product","3":"status-publish","4":"has-post-thumbnail","6":"product_cat-latzhose","7":"pa_brand-blaklaeder","8":"pa_brand-type-workwear","9":"pa_filter-color-grau","10":"pa_filter-color-weiss","12":"first","13":"instock","14":"sale","15":"taxable","16":"shipping-taxable","17":"purchasable","18":"product-type-variable","19":"add-to-wishlist-before_image"},"exclude_global_add_ons":[],"addons":[],"acf":[],"_links":{"self":[{"href":"https:\/\/shop.kustom.ch\/it\/wp-json\/wp\/v2\/product\/584980"}],"collection":[{"href":"https:\/\/shop.kustom.ch\/it\/wp-json\/wp\/v2\/product"}],"about":[{"href":"https:\/\/shop.kustom.ch\/it\/wp-json\/wp\/v2\/types\/product"}],"wp:featuredmedia":[{"embeddable":true,"href":"https:\/\/shop.kustom.ch\/it\/wp-json\/wp\/v2\/media\/585006"}],"wp:attachment":[{"href":"https:\/\/shop.kustom.ch\/it\/wp-json\/wp\/v2\/media?parent=584980"}],"wp:term":[{"taxonomy":"product_brand","embeddable":true,"href":"https:\/\/shop.kustom.ch\/it\/wp-json\/wp\/v2\/product_brand?post=584980"},{"taxonomy":"product_cat","embeddable":true,"href":"https:\/\/shop.kustom.ch\/it\/wp-json\/wp\/v2\/product_cat?post=584980"},{"taxonomy":"product_tag","embeddable":true,"href":"https:\/\/shop.kustom.ch\/it\/wp-json\/wp\/v2\/product_tag?post=584980"}],"curies":[{"name":"wp","href":"https:\/\/api.w.org\/{rel}","templated":true}]}}