{"id":584941,"date":"2025-03-04T10:28:54","date_gmt":"2025-03-04T09:28:54","guid":{"rendered":"https:\/\/shop.kustom.ch\/?post_type=product&#038;p=584941"},"modified":"2026-03-31T08:44:27","modified_gmt":"2026-03-31T07:44:27","slug":"latzhose-2","status":"publish","type":"product","link":"https:\/\/shop.kustom.ch\/it\/prodotto\/latzhose-2\/","title":{"rendered":"Salopette"},"content":{"rendered":"<p>Salopette classica con un'ampia gamma di utilizzi e molte soluzioni intelligenti per le tasche, come il taschino interno al petto con zip, il taschino portapenne e la tasca posteriore con patta cucita.<\/p>\n<p>DETTAGLI: Passante per martello sul lato. Bottoni in metallo. Zip in plastica sul cavallo. Fibbia senza metallo. Vita regolabile. CARATTERISTICHE PRINCIPALI: Autista. Uomo. TESSUTO: Uomo. blu. Industria \/ Servizio. TASCHE: Tasca sul petto con patta e portapenne. Tasca posteriore con patta. Tasca interna con zip. Tasche laterali. Tasca a soffietto con tasca portapenne. ISTRUZIONI DI LAVAGGIO: Lavaggio a secco - normale P<\/p>\n<p>65% poliestere, 35% cotone, twill, 240 g\/m\u00b2<\/p>","protected":false},"excerpt":{"rendered":"<p>Klassische Latzhose mit vielf\u00e4ltigen Einsatzm\u00f6glichkeiten und vielen cleveren Taschenl\u00f6sungen, wie einer Brustinnentasche mit Reissverschluss, einer Stifttasche und einer Ges\u00e4sstasche mit aufgen\u00e4hter Patte. DETAILS: Hammerschlaufe an der Seite. Metallkn\u00f6pfe. Kunststoff-Reissverschluss im Schritt. Metallfreie Schnalle. Verstellbare Taille. HAUPTEIGENSCHAFTEN: Fahrer. Herren. STOFF: Herren. blau. Industrie \/ Service. TASCHEN: Brusttasche mit Patte und Stifttasche. Ges\u00e4sstasche mit Patte. Innentasche mit [&hellip;]<\/p>\n","protected":false},"featured_media":584953,"template":"","meta":[],"product_brand":[],"product_cat":[10448],"product_tag":[],"class_list":{"0":"post-584941","1":"product","2":"type-product","3":"status-publish","4":"has-post-thumbnail","6":"product_cat-latzhose","7":"pa_brand-blaklaeder","8":"pa_brand-type-workwear","9":"pa_filter-color-blau","10":"pa_filter-color-grau","11":"pa_filter-color-schwarz","13":"first","14":"instock","15":"sale","16":"taxable","17":"shipping-taxable","18":"purchasable","19":"product-type-variable","20":"add-to-wishlist-before_image"},"exclude_global_add_ons":[],"addons":[],"acf":[],"_links":{"self":[{"href":"https:\/\/shop.kustom.ch\/it\/wp-json\/wp\/v2\/product\/584941"}],"collection":[{"href":"https:\/\/shop.kustom.ch\/it\/wp-json\/wp\/v2\/product"}],"about":[{"href":"https:\/\/shop.kustom.ch\/it\/wp-json\/wp\/v2\/types\/product"}],"wp:featuredmedia":[{"embeddable":true,"href":"https:\/\/shop.kustom.ch\/it\/wp-json\/wp\/v2\/media\/584953"}],"wp:attachment":[{"href":"https:\/\/shop.kustom.ch\/it\/wp-json\/wp\/v2\/media?parent=584941"}],"wp:term":[{"taxonomy":"product_brand","embeddable":true,"href":"https:\/\/shop.kustom.ch\/it\/wp-json\/wp\/v2\/product_brand?post=584941"},{"taxonomy":"product_cat","embeddable":true,"href":"https:\/\/shop.kustom.ch\/it\/wp-json\/wp\/v2\/product_cat?post=584941"},{"taxonomy":"product_tag","embeddable":true,"href":"https:\/\/shop.kustom.ch\/it\/wp-json\/wp\/v2\/product_tag?post=584941"}],"curies":[{"name":"wp","href":"https:\/\/api.w.org\/{rel}","templated":true}]}}