{"id":584827,"date":"2025-03-04T10:27:23","date_gmt":"2025-03-04T09:27:23","guid":{"rendered":"https:\/\/shop.kustom.ch\/?post_type=product&#038;p=584827"},"modified":"2026-03-31T08:44:16","modified_gmt":"2026-03-31T07:44:16","slug":"schweisser-latzhose","status":"publish","type":"product","link":"https:\/\/shop.kustom.ch\/it\/prodotto\/schweisser-latzhose\/","title":{"rendered":"Salopette da saldatore"},"content":{"rendered":"<p>Salopette adatta per lavori di saldatura e simili. I pantaloni possono essere regolati in vita con bottoni e sono dotati di una tasca sul petto, tasche esterne per le ginocchiere, una tasca sulla gamba sinistra, una tasca per il righello sulla destra e dettagli riflettenti sulla schiena, sulla parte inferiore della gamba e sul passante posteriore della cintura. Testati per il lavaggio industriale. Certificato secondo le norme EN 1149-5, EN ISO 11612, EN ISO 11611, IEC 61482-2, EN 14404.<\/p>\n<p>DETTAGLI: Etichette esterne di certificazione. Bretelle regolabili con elastico in vita. Cerniera metallica al cavallo. Passanti, uno con anello a D. Vita regolabile. CARATTERISTICHE PRINCIPALI: Personale di servizio. Uomo. EN ISO 11612. REFLEX: Dettagli riflettenti sul polpaccio. TESSUTO: Uomo. giallo. Tasche per ginocchiere. Protezione dalle fiamme. TASCHE: Tasca sul petto con patta e bottoni a pressione nascosti. Tasche esterne per ginocchiere. Tasche interne con apertura. Tasca rinforzata per righello con portacoltelli e portapenne. ISTRUZIONI DI LAVAGGIO: Non lavare a secco. CERTIFICAZIONE: EN 1149-5. EN 14404:2004+A1:2010 insieme alle ginocchiere 4027, 4057, 4058 e 4032. EN ISO 11611 classe 2, A1+A2. EN ISO 11612 A1, A2, B1, C1, E3, F1. IEC 61482-2, APC 1<\/p>\n<p>79% cotone, 20% poliestere, 1% raso antistatico, ritardante di fiamma antistatico 450g\/m\u00b2<\/p>","protected":false},"excerpt":{"rendered":"<p>Eine Latzhose, die f\u00fcr das Schweissen und \u00e4hnliche Arbeiten geeignet ist. Die Hose kann in der Taille mit Kn\u00f6pfen verstellt werden und verf\u00fcgt \u00fcber eine Brusttasche, externe Kniepolstertaschen, eine Beintasche links, eine Zollstocktasche rechts und reflektierende Details am R\u00fccken, dem Unterschenkel und der hinteren G\u00fcrtelschlaufe. Getestet f\u00fcr Industriew\u00e4sche. Zertifiziert nach EN 1149-5, EN ISO 11612, [&hellip;]<\/p>\n","protected":false},"featured_media":584861,"template":"","meta":[],"product_brand":[],"product_cat":[10448],"product_tag":[],"class_list":{"0":"post-584827","1":"product","2":"type-product","3":"status-publish","4":"has-post-thumbnail","6":"product_cat-latzhose","7":"pa_brand-blaklaeder","8":"pa_brand-type-workwear","9":"pa_filter-color-blau","10":"pa_filter-color-gelb","12":"first","13":"instock","14":"sale","15":"taxable","16":"shipping-taxable","17":"purchasable","18":"product-type-variable","19":"add-to-wishlist-before_image"},"exclude_global_add_ons":[],"addons":[],"acf":[],"_links":{"self":[{"href":"https:\/\/shop.kustom.ch\/it\/wp-json\/wp\/v2\/product\/584827"}],"collection":[{"href":"https:\/\/shop.kustom.ch\/it\/wp-json\/wp\/v2\/product"}],"about":[{"href":"https:\/\/shop.kustom.ch\/it\/wp-json\/wp\/v2\/types\/product"}],"wp:featuredmedia":[{"embeddable":true,"href":"https:\/\/shop.kustom.ch\/it\/wp-json\/wp\/v2\/media\/584861"}],"wp:attachment":[{"href":"https:\/\/shop.kustom.ch\/it\/wp-json\/wp\/v2\/media?parent=584827"}],"wp:term":[{"taxonomy":"product_brand","embeddable":true,"href":"https:\/\/shop.kustom.ch\/it\/wp-json\/wp\/v2\/product_brand?post=584827"},{"taxonomy":"product_cat","embeddable":true,"href":"https:\/\/shop.kustom.ch\/it\/wp-json\/wp\/v2\/product_cat?post=584827"},{"taxonomy":"product_tag","embeddable":true,"href":"https:\/\/shop.kustom.ch\/it\/wp-json\/wp\/v2\/product_tag?post=584827"}],"curies":[{"name":"wp","href":"https:\/\/api.w.org\/{rel}","templated":true}]}}