{"id":584733,"date":"2025-03-04T10:25:56","date_gmt":"2025-03-04T09:25:56","guid":{"rendered":"https:\/\/shop.kustom.ch\/?post_type=product&#038;p=584733"},"modified":"2026-03-31T08:44:01","modified_gmt":"2026-03-31T07:44:01","slug":"kombihose","status":"publish","type":"product","link":"https:\/\/shop.kustom.ch\/it\/prodotto\/kombihose\/","title":{"rendered":"Pantaloni combinati"},"content":{"rendered":"<p>Aspettatevi il meglio e sarete ancora sorpresi dal comfort e dalla funzionalit\u00e0 di questa tuta senza maniche. La schiena elasticizzata garantisce libert\u00e0 di movimento e le numerose tasche nei pantaloni offrono spazio per spazzole e altri oggetti utili. Quattro tasche rinforzate per le unghie e una tasca per le spazzole. Due tasche fisse con soffietto sul davanti, sotto le tasche per le unghie libere. Regolazione sulle cuciture delle spalle.<\/p>\n<p>DETTAGLI: Passante per martello sul lato. Cucitura interna alla gamba con tripla impuntura. Sezione spalla regolabile. CHIUSURA ANTERIORE: Zip bidirezionale nascosta in metallo. FUNZIONALIT\u00c0: Stretch sul retro. CARATTERISTICHE PRINCIPALI: Painter. Uomo. EN 14004. TESSUTO: Uomo. grigio. Tasche a chiodo. Verniciatore. TASCHE: Portacoltelli rinforzati. Tasche pettorali libere con bottoni a pressione e cinghie di sicurezza, una con patta e una con tasca portapenne, bottoni di brevetto e portacoltelli. Tasche per ginocchiere. Tasche per chiodi - con scomparti per cacciaviti e passanti per attrezzi che possono essere inseriti nelle tasche anteriori con soffietto. Tasche anteriori con soffietto. ISTRUZIONI DI LAVAGGIO: Asciugatrice - bassa. RINFORZO: CORDURA\u00ae rinforzato sulle ginocchia. CERTIFICAZIONE: EN 14404:2004+A1:2010 insieme alle ginocchiere 4027, 4057, 4058 e 4032.<\/p>\n<p>100% Cotone, twill, 320 g\/m\u00b2<\/p>","protected":false},"excerpt":{"rendered":"<p>Erwarten Sie das Beste und Sie werden immer noch von dem Komfort und der Funktionalit\u00e4t dieses \u00e4rmellosen Overall \u00fcberrascht sein. Der elastische R\u00fccken sorgt f\u00fcr Bewegungsfreiheit und die vielen Taschenl\u00f6sungen in der Hose bieten Platz f\u00fcr Pinsel und andere n\u00fctzliche Dinge. Vier verst\u00e4rkte lose Nageltaschen und eine Pinseltasche. Zwei feste Taschen mit Balg vorne unter [&hellip;]<\/p>\n","protected":false},"featured_media":584750,"template":"","meta":[],"product_brand":[],"product_cat":[10454],"product_tag":[],"class_list":{"0":"post-584733","1":"product","2":"type-product","3":"status-publish","4":"has-post-thumbnail","6":"product_cat-overalls","7":"pa_brand-blaklaeder","8":"pa_brand-type-workwear","9":"pa_filter-color-grau","10":"pa_filter-color-weiss","12":"first","13":"instock","14":"sale","15":"taxable","16":"shipping-taxable","17":"purchasable","18":"product-type-variable","19":"add-to-wishlist-before_image"},"exclude_global_add_ons":[],"addons":[],"acf":[],"_links":{"self":[{"href":"https:\/\/shop.kustom.ch\/it\/wp-json\/wp\/v2\/product\/584733"}],"collection":[{"href":"https:\/\/shop.kustom.ch\/it\/wp-json\/wp\/v2\/product"}],"about":[{"href":"https:\/\/shop.kustom.ch\/it\/wp-json\/wp\/v2\/types\/product"}],"wp:featuredmedia":[{"embeddable":true,"href":"https:\/\/shop.kustom.ch\/it\/wp-json\/wp\/v2\/media\/584750"}],"wp:attachment":[{"href":"https:\/\/shop.kustom.ch\/it\/wp-json\/wp\/v2\/media?parent=584733"}],"wp:term":[{"taxonomy":"product_brand","embeddable":true,"href":"https:\/\/shop.kustom.ch\/it\/wp-json\/wp\/v2\/product_brand?post=584733"},{"taxonomy":"product_cat","embeddable":true,"href":"https:\/\/shop.kustom.ch\/it\/wp-json\/wp\/v2\/product_cat?post=584733"},{"taxonomy":"product_tag","embeddable":true,"href":"https:\/\/shop.kustom.ch\/it\/wp-json\/wp\/v2\/product_tag?post=584733"}],"curies":[{"name":"wp","href":"https:\/\/api.w.org\/{rel}","templated":true}]}}