{"id":584696,"date":"2025-03-04T10:25:19","date_gmt":"2025-03-04T09:25:19","guid":{"rendered":"https:\/\/shop.kustom.ch\/?post_type=product&#038;p=584696"},"modified":"2026-03-31T08:42:48","modified_gmt":"2026-03-31T07:42:48","slug":"gecko-sicherheitsschuh-5","status":"publish","type":"product","link":"https:\/\/shop.kustom.ch\/it\/prodotto\/gecko-sicherheitsschuh-5\/","title":{"rendered":"Scarpa di sicurezza Gecko"},"content":{"rendered":"<p>Una scarpa di qualit\u00e0 priva di metallo, realizzata in microfibra resistente e confortevole, dotata anche di una protezione integrale in KPU per resistere agli ambienti pi\u00f9 difficili. La suola \u00e8 in gomma nitrilica per la massima durata e la protezione contro la penetrazione del tessuto soddisfa i severi requisiti della norma EN 22568-4 per chiodi da 3 mm. Il puntale protettivo \u00e8 in materiale composito. La soletta anatomica \u00e8 realizzata in morbido materiale PU per un comfort ottimale e ha una tomaia in tessuto con un buon assorbimento dell'umidit\u00e0. Queste scarpe sono particolarmente adatte per i lavori all'aperto nei settori dell'edilizia, dei trasporti, della manutenzione, della riparazione e del funzionamento delle macchine. Forma da donna nelle taglie 35-39.<\/p>\n<p>MATERIALE DEL PANNELLO: Tessuto PS. FUNZIONALIT\u00c0: Suola resistente al calore. FODERA: Poliestere. MATERIALE INTERNO: Tessile, morbido PU. TOMAIA: Microfibra. Vestibilit\u00e0: ampia. TESSUTO: giallo. Senza metallo. MATERIALE DELLA CALZATURA: Composito. CERTIFICAZIONE: EN ISO 20345:2011 S3 SRC HRO ESD<\/p>","protected":false},"excerpt":{"rendered":"<p>Ein metallfreier Qualit\u00e4tsschuh aus strapazierf\u00e4higer, bequemer Mikrofaser, der zus\u00e4tzlich mit einem Rundumschutz aus KPU ausgestattet ist, um harten Umgebungen standzuhalten. Die Laufsohle besteht aus Nitrilkautschuk f\u00fcr maximale Haltbarkeit und der textile Durchtrittsschutz erf\u00fcllt die strengen Anforderungen der EN 22568-4 f\u00fcr 3 mm N\u00e4gel. Die Zehenschutzkappe ist aus Komposit gefertigt. Die, f\u00fcr optimalen Komfort, anatomisch geformte [&hellip;]<\/p>\n","protected":false},"featured_media":584748,"template":"","meta":[],"product_brand":[],"product_cat":[9643,4197],"product_tag":[],"class_list":{"0":"post-584696","1":"product","2":"type-product","3":"status-publish","4":"has-post-thumbnail","6":"product_cat-equipment","7":"product_cat-schuhe-sandalen","8":"pa_brand-blaklaeder","9":"pa_brand-type-workwear","10":"pa_filter-color-gelb","11":"pa_filter-color-rot","12":"pa_filter-color-schwarz","14":"first","15":"instock","16":"sale","17":"taxable","18":"shipping-taxable","19":"purchasable","20":"product-type-variable","21":"add-to-wishlist-before_image"},"exclude_global_add_ons":[],"addons":[],"acf":[],"_links":{"self":[{"href":"https:\/\/shop.kustom.ch\/it\/wp-json\/wp\/v2\/product\/584696"}],"collection":[{"href":"https:\/\/shop.kustom.ch\/it\/wp-json\/wp\/v2\/product"}],"about":[{"href":"https:\/\/shop.kustom.ch\/it\/wp-json\/wp\/v2\/types\/product"}],"wp:featuredmedia":[{"embeddable":true,"href":"https:\/\/shop.kustom.ch\/it\/wp-json\/wp\/v2\/media\/584748"}],"wp:attachment":[{"href":"https:\/\/shop.kustom.ch\/it\/wp-json\/wp\/v2\/media?parent=584696"}],"wp:term":[{"taxonomy":"product_brand","embeddable":true,"href":"https:\/\/shop.kustom.ch\/it\/wp-json\/wp\/v2\/product_brand?post=584696"},{"taxonomy":"product_cat","embeddable":true,"href":"https:\/\/shop.kustom.ch\/it\/wp-json\/wp\/v2\/product_cat?post=584696"},{"taxonomy":"product_tag","embeddable":true,"href":"https:\/\/shop.kustom.ch\/it\/wp-json\/wp\/v2\/product_tag?post=584696"}],"curies":[{"name":"wp","href":"https:\/\/api.w.org\/{rel}","templated":true}]}}