{"id":584657,"date":"2025-03-04T10:25:10","date_gmt":"2025-03-04T09:25:10","guid":{"rendered":"https:\/\/shop.kustom.ch\/?post_type=product&#038;p=584657"},"modified":"2026-03-31T08:42:47","modified_gmt":"2026-03-31T07:42:47","slug":"gecko-sicherheitsstiefel","status":"publish","type":"product","link":"https:\/\/shop.kustom.ch\/it\/prodotto\/gecko-sicherheitsstiefel\/","title":{"rendered":"Stivali di sicurezza Gecko"},"content":{"rendered":"<p>Uno stivale di qualit\u00e0 realizzato in microfibra resistente e confortevole con protezione KPU a 360\u00b0 per resistere agli ambienti pi\u00f9 difficili. La soluzione Freelock rende lo stivale facile e comodo da indossare e togliere. La suola \u00e8 in gomma nitrilica per la massima durata e la protezione contro la penetrazione del tessuto soddisfa i severi requisiti della norma EN 22568-4 per chiodi da 3 mm. Il puntale \u00e8 in materiale composito. La soletta anatomica \u00e8 realizzata in morbido materiale PU per un comfort ottimale e ha una tomaia in tessuto con un buon assorbimento dell'umidit\u00e0. Questi stivali sono particolarmente adatti per i lavori all'aperto nei settori dell'edilizia, dei trasporti, della manutenzione, della riparazione e dell'utilizzo di macchinari. Le forme da donna sono disponibili nelle taglie 35-39.<\/p>\n<p>MATERIALE DI PROTEZIONE PASSANTE: Tessuto PS. FUNZIONALIT\u00c0: Freelock. FODERA: Poliestere. MATERIALE SUOLA INTERNA: Tessile, PU morbido. TOMAIA: Microfibra. Vestibilit\u00e0: Ampia. TESSUTO: Unisex. nero. ESD. MATERIALE COPPIA DEL PIEDE: Composito. CERTIFICAZIONE: EN ISO 20345:2011 S3 SRC HRO ESD<\/p>","protected":false},"excerpt":{"rendered":"<p>Ein Qualit\u00e4tsstiefel aus strapazierf\u00e4higer, bequemer Mikrofaser mit einem Rundumschutz aus KPU, der in rauen Umgebungen standh\u00e4lt. Die Freelock-L\u00f6sung macht das An- und Ausziehen des Stiefels einfach und bequem. Die Laufsohle besteht aus Nitrilkautschuk f\u00fcr maximale Haltbarkeit, und der textile Durchtrittschutz erf\u00fcllt die strengen Anforderungen der EN 22568-4 f\u00fcr 3 mm N\u00e4gel. Die Zehenschutzkappe ist aus [&hellip;]<\/p>\n","protected":false},"featured_media":584706,"template":"","meta":[],"product_brand":[],"product_cat":[9643,4197],"product_tag":[],"class_list":{"0":"post-584657","1":"product","2":"type-product","3":"status-publish","4":"has-post-thumbnail","6":"product_cat-equipment","7":"product_cat-schuhe-sandalen","8":"pa_brand-blaklaeder","9":"pa_brand-type-workwear","10":"pa_filter-color-gelb","11":"pa_filter-color-rot","12":"pa_filter-color-schwarz","14":"first","15":"instock","16":"sale","17":"taxable","18":"shipping-taxable","19":"purchasable","20":"product-type-variable","21":"add-to-wishlist-before_image"},"exclude_global_add_ons":[],"addons":[],"acf":[],"_links":{"self":[{"href":"https:\/\/shop.kustom.ch\/it\/wp-json\/wp\/v2\/product\/584657"}],"collection":[{"href":"https:\/\/shop.kustom.ch\/it\/wp-json\/wp\/v2\/product"}],"about":[{"href":"https:\/\/shop.kustom.ch\/it\/wp-json\/wp\/v2\/types\/product"}],"wp:featuredmedia":[{"embeddable":true,"href":"https:\/\/shop.kustom.ch\/it\/wp-json\/wp\/v2\/media\/584706"}],"wp:attachment":[{"href":"https:\/\/shop.kustom.ch\/it\/wp-json\/wp\/v2\/media?parent=584657"}],"wp:term":[{"taxonomy":"product_brand","embeddable":true,"href":"https:\/\/shop.kustom.ch\/it\/wp-json\/wp\/v2\/product_brand?post=584657"},{"taxonomy":"product_cat","embeddable":true,"href":"https:\/\/shop.kustom.ch\/it\/wp-json\/wp\/v2\/product_cat?post=584657"},{"taxonomy":"product_tag","embeddable":true,"href":"https:\/\/shop.kustom.ch\/it\/wp-json\/wp\/v2\/product_tag?post=584657"}],"curies":[{"name":"wp","href":"https:\/\/api.w.org\/{rel}","templated":true}]}}