{"id":584617,"date":"2025-03-04T10:23:57","date_gmt":"2025-03-04T09:23:57","guid":{"rendered":"https:\/\/shop.kustom.ch\/?post_type=product&#038;p=584617"},"modified":"2026-03-31T08:42:41","modified_gmt":"2026-03-31T07:42:41","slug":"gecko-sicherheitsschuh-3","status":"publish","type":"product","link":"https:\/\/shop.kustom.ch\/it\/prodotto\/gecko-sicherheitsschuh-3\/","title":{"rendered":"Scarpa di sicurezza Gecko"},"content":{"rendered":"<p>Una scarpa di sicurezza ariosa con inserti in rete sui lati per mantenere i piedi freschi in condizioni climatiche calde e asciutte o in ambienti chiusi. La tomaia \u00e8 realizzata in tessuto resistente ed \u00e8 dotata di protezione KPU a 360\u00b0 per resistere agli ambienti pi\u00f9 difficili. La soluzione Freelock rende le scarpe facili e comode da indossare e togliere. Il puntale protettivo \u00e8 in materiale composito. La suola \u00e8 in gomma nitrilica per la massima durata e la protezione contro la penetrazione del tessuto soddisfa i severi requisiti della norma EN 22568-4 per i chiodi da 3 mm. La soletta anatomica \u00e8 realizzata in morbido materiale PU per un comfort ottimale e ha una tomaia in tessuto con un buon assorbimento dell'umidit\u00e0. Queste scarpe sono particolarmente adatte per lavori nei settori dell'edilizia, dei trasporti, della manutenzione, della riparazione e dell'utilizzo di macchinari. Forma da donna nelle taglie 35-39.<\/p>\n<p>MATERIALE DI PROTEZIONE: Tessile PS. FUNZIONALIT\u00c0: Soletta traspirante. FODERA: Poliestere. MATERIALE DELLA SUOLA: Tessile, morbido PU. TOMAIA: Tessuto. Vestibilit\u00e0: Ampia. TESSUTO: Unisex. giallo. ESD. MATERIALE COPPIA DEL PIEDE: Composito. CERTIFICAZIONE: EN ISO 20345:2011 S1 P SRC HRO ESD<\/p>","protected":false},"excerpt":{"rendered":"<p>Ein luftiger Sicherheitsschuh mit Mesh-Eins\u00e4tzen an den Seiten, um die F\u00fcsse bei warmen und trockenen Wetterbedingungen oder in Innenr\u00e4umen k\u00fchl zu halten. Das Obermaterial besteht aus strapazierf\u00e4higem Textil und ist mit einem Rundumschutz aus KPU versehen, um harten Umgebungen standzuhalten. Die Freelock-L\u00f6sung macht das An- und Ausziehen der Schuhe einfach und bequem. Die Zehenschutzkappe ist [&hellip;]<\/p>\n","protected":false},"featured_media":584650,"template":"","meta":[],"product_brand":[],"product_cat":[9643,4197],"product_tag":[],"class_list":{"0":"post-584617","1":"product","2":"type-product","3":"status-publish","4":"has-post-thumbnail","6":"product_cat-equipment","7":"product_cat-schuhe-sandalen","8":"pa_brand-blaklaeder","9":"pa_brand-type-workwear","10":"pa_filter-color-gelb","11":"pa_filter-color-rot","12":"pa_filter-color-schwarz","14":"first","15":"instock","16":"sale","17":"taxable","18":"shipping-taxable","19":"purchasable","20":"product-type-variable","21":"add-to-wishlist-before_image"},"exclude_global_add_ons":[],"addons":[],"acf":[],"_links":{"self":[{"href":"https:\/\/shop.kustom.ch\/it\/wp-json\/wp\/v2\/product\/584617"}],"collection":[{"href":"https:\/\/shop.kustom.ch\/it\/wp-json\/wp\/v2\/product"}],"about":[{"href":"https:\/\/shop.kustom.ch\/it\/wp-json\/wp\/v2\/types\/product"}],"wp:featuredmedia":[{"embeddable":true,"href":"https:\/\/shop.kustom.ch\/it\/wp-json\/wp\/v2\/media\/584650"}],"wp:attachment":[{"href":"https:\/\/shop.kustom.ch\/it\/wp-json\/wp\/v2\/media?parent=584617"}],"wp:term":[{"taxonomy":"product_brand","embeddable":true,"href":"https:\/\/shop.kustom.ch\/it\/wp-json\/wp\/v2\/product_brand?post=584617"},{"taxonomy":"product_cat","embeddable":true,"href":"https:\/\/shop.kustom.ch\/it\/wp-json\/wp\/v2\/product_cat?post=584617"},{"taxonomy":"product_tag","embeddable":true,"href":"https:\/\/shop.kustom.ch\/it\/wp-json\/wp\/v2\/product_tag?post=584617"}],"curies":[{"name":"wp","href":"https:\/\/api.w.org\/{rel}","templated":true}]}}