{"id":584581,"date":"2025-03-04T10:23:17","date_gmt":"2025-03-04T09:23:17","guid":{"rendered":"https:\/\/shop.kustom.ch\/?post_type=product&#038;p=584581"},"modified":"2026-03-31T08:42:40","modified_gmt":"2026-03-31T07:42:40","slug":"gecko-sicherheitsschuh-2","status":"publish","type":"product","link":"https:\/\/shop.kustom.ch\/it\/prodotto\/gecko-sicherheitsschuh-2\/","title":{"rendered":"Scarpa di sicurezza GECKO"},"content":{"rendered":"<p>Una scarpa in microfibra di qualit\u00e0 con protezione aggiuntiva intorno alla superficie con KPU per resistere agli ambienti pi\u00f9 difficili. L'allacciatura Freelock rende pi\u00f9 facile e semplice indossare e togliere le scarpe. La suola \u00e8 in gomma nitrilica per una durata ottimale e la protezione contro la penetrazione del tessuto soddisfa anche i severi requisiti della norma EN 22568-4 con chiodi da 3 mm. Il puntale protettivo \u00e8 in materiale composito. La soletta, sviluppata anatomicamente per garantire il massimo comfort, \u00e8 realizzata in morbido materiale PU e presenta una superficie tessile con un buon assorbimento dell'umidit\u00e0. La scarpa \u00e8 particolarmente indicata per gli artigiani dei settori edilizia, trasporti, manutenzione, riparazione e servizi. Forma da donna nelle taglie 35-39.<\/p>\n<p>MATERIALE DI PROTEZIONE DEL TALLONE: Tessuto PS. FUNZIONALIT\u00c0: rinforzo del tallone. FODERA: Poliestere. MATERIALE DELLA SUOLA: Tessile, morbido PU. TOMAIA: Microfibra. Vestibilit\u00e0: Ampia. TESSUTO: Unisex. giallo. ESD. MATERIALE COPPIA DEL PIEDE: Composito. CERTIFICAZIONE: EN ISO 20345:2011 S3 SRC HRO ESD<\/p>","protected":false},"excerpt":{"rendered":"<p>Ein Qualit\u00e4tsschuh aus Mikrofaser, der zus\u00e4tzlich einen Schutz um die Oberfl\u00e4che herum mit KPU hat, um rauen Umgebungen Stand zu halten. Der Freelock-Verschluss erleichtert und vereinfacht das An- und Ausziehen der Schuhe. Die Laufsohle besteht aus Nitrilkautschuk f\u00fcr beste Haltbarkeit und der textile Durchtrittschutz erf\u00fcllt auch die harten Anforderungen der EN 22568-4 Norm mit 3 [&hellip;]<\/p>\n","protected":false},"featured_media":584628,"template":"","meta":[],"product_brand":[],"product_cat":[9643,4197],"product_tag":[],"class_list":{"0":"post-584581","1":"product","2":"type-product","3":"status-publish","4":"has-post-thumbnail","6":"product_cat-equipment","7":"product_cat-schuhe-sandalen","8":"pa_brand-blaklaeder","9":"pa_brand-type-workwear","10":"pa_filter-color-gelb","11":"pa_filter-color-orange","12":"pa_filter-color-rot","13":"pa_filter-color-schwarz","15":"first","16":"instock","17":"sale","18":"taxable","19":"shipping-taxable","20":"purchasable","21":"product-type-variable","22":"add-to-wishlist-before_image"},"exclude_global_add_ons":[],"addons":[],"acf":[],"_links":{"self":[{"href":"https:\/\/shop.kustom.ch\/it\/wp-json\/wp\/v2\/product\/584581"}],"collection":[{"href":"https:\/\/shop.kustom.ch\/it\/wp-json\/wp\/v2\/product"}],"about":[{"href":"https:\/\/shop.kustom.ch\/it\/wp-json\/wp\/v2\/types\/product"}],"wp:featuredmedia":[{"embeddable":true,"href":"https:\/\/shop.kustom.ch\/it\/wp-json\/wp\/v2\/media\/584628"}],"wp:attachment":[{"href":"https:\/\/shop.kustom.ch\/it\/wp-json\/wp\/v2\/media?parent=584581"}],"wp:term":[{"taxonomy":"product_brand","embeddable":true,"href":"https:\/\/shop.kustom.ch\/it\/wp-json\/wp\/v2\/product_brand?post=584581"},{"taxonomy":"product_cat","embeddable":true,"href":"https:\/\/shop.kustom.ch\/it\/wp-json\/wp\/v2\/product_cat?post=584581"},{"taxonomy":"product_tag","embeddable":true,"href":"https:\/\/shop.kustom.ch\/it\/wp-json\/wp\/v2\/product_tag?post=584581"}],"curies":[{"name":"wp","href":"https:\/\/api.w.org\/{rel}","templated":true}]}}