{"id":584564,"date":"2025-03-04T10:23:13","date_gmt":"2025-03-04T09:23:13","guid":{"rendered":"https:\/\/shop.kustom.ch\/?post_type=product&#038;p=584564"},"modified":"2026-03-31T08:42:35","modified_gmt":"2026-03-31T07:42:35","slug":"gecko-sicherheitsschuh","status":"publish","type":"product","link":"https:\/\/shop.kustom.ch\/it\/prodotto\/gecko-sicherheitsschuh\/","title":{"rendered":"Scarpa di sicurezza GECKO"},"content":{"rendered":"<p>Una scarpa di qualit\u00e0 realizzata con una tomaia in tessuto molto resistente con fili riflettenti e aree della punta e del tallone rinforzate in KPU. L'allacciatura Freelock rende la scarpa pi\u00f9 facile e semplice da indossare e togliere. La suola \u00e8 in gomma nitrilica per una durata ottimale e la protezione contro la penetrazione del tessuto soddisfa anche i severi requisiti della norma EN 22568-4 con chiodi da 3 mm. Il puntale protettivo \u00e8 in materiale composito. La soletta, sviluppata anatomicamente per garantire il massimo comfort, \u00e8 realizzata in morbido materiale PU e presenta una superficie tessile con un buon assorbimento dell'umidit\u00e0. La scarpa \u00e8 ideale per i lavori all'aperto nei settori dell'edilizia, dei trasporti, della manutenzione, della riparazione e dei servizi. Forma da donna nelle taglie 35-39.<\/p>\n<p>MATERIALE DI PROTEZIONE PASSAGGIO: Tessuto PS. FUNZIONALIT\u00c0: testato ESD (approvato secondo la norma IEC 61340-5-1). FODERA: Poliestere. MATERIALE SUOLA INTERNA: Tessile, PU morbido. TOMAIA: Tessuto. Vestibilit\u00e0: Ampia. TESSUTO: Unisex. nero. idrorepellente. MATERIALE TAPPO DEL PIEDE: Composito. CERTIFICAZIONE: EN ISO 20345:2011 S3 SRC HRO ESD<\/p>","protected":false},"excerpt":{"rendered":"<p>Ein Qualit\u00e4tsschuh aus einem sehr starken textilen Obermaterial mit reflektierenden F\u00e4den und KPU-verst\u00e4rkten Zehen- und Fersenbereichen. Der Freelock-Verschluss erleichtert und vereinfacht das An- und Ausziehen des Schuhs. Die Laufsohle besteht aus Nitrilkautschuk f\u00fcr beste Haltbarkeit und der textile Durchtrittschutz erf\u00fcllt auch die harten Anforderungen der EN 22568-4 Norm mit 3 mm N\u00e4geln. Die Zehenschutzkappe besteht [&hellip;]<\/p>\n","protected":false},"featured_media":584627,"template":"","meta":[],"product_brand":[],"product_cat":[9643,4197],"product_tag":[],"class_list":{"0":"post-584564","1":"product","2":"type-product","3":"status-publish","4":"has-post-thumbnail","6":"product_cat-equipment","7":"product_cat-schuhe-sandalen","8":"pa_brand-blaklaeder","9":"pa_brand-type-workwear","10":"pa_filter-color-schwarz","12":"first","13":"instock","14":"sale","15":"taxable","16":"shipping-taxable","17":"purchasable","18":"product-type-variable","19":"add-to-wishlist-before_image"},"exclude_global_add_ons":[],"addons":[],"acf":[],"_links":{"self":[{"href":"https:\/\/shop.kustom.ch\/it\/wp-json\/wp\/v2\/product\/584564"}],"collection":[{"href":"https:\/\/shop.kustom.ch\/it\/wp-json\/wp\/v2\/product"}],"about":[{"href":"https:\/\/shop.kustom.ch\/it\/wp-json\/wp\/v2\/types\/product"}],"wp:featuredmedia":[{"embeddable":true,"href":"https:\/\/shop.kustom.ch\/it\/wp-json\/wp\/v2\/media\/584627"}],"wp:attachment":[{"href":"https:\/\/shop.kustom.ch\/it\/wp-json\/wp\/v2\/media?parent=584564"}],"wp:term":[{"taxonomy":"product_brand","embeddable":true,"href":"https:\/\/shop.kustom.ch\/it\/wp-json\/wp\/v2\/product_brand?post=584564"},{"taxonomy":"product_cat","embeddable":true,"href":"https:\/\/shop.kustom.ch\/it\/wp-json\/wp\/v2\/product_cat?post=584564"},{"taxonomy":"product_tag","embeddable":true,"href":"https:\/\/shop.kustom.ch\/it\/wp-json\/wp\/v2\/product_tag?post=584564"}],"curies":[{"name":"wp","href":"https:\/\/api.w.org\/{rel}","templated":true}]}}