{"id":584541,"date":"2025-03-04T10:22:37","date_gmt":"2025-03-04T09:22:37","guid":{"rendered":"https:\/\/shop.kustom.ch\/?post_type=product&#038;p=584541"},"modified":"2026-03-31T08:42:25","modified_gmt":"2026-03-31T07:42:25","slug":"asphalt-sicherheitsstiefel","status":"publish","type":"product","link":"https:\/\/shop.kustom.ch\/it\/prodotto\/asphalt-sicherheitsstiefel\/","title":{"rendered":"Stivali di sicurezza ASPHALT"},"content":{"rendered":"<p>Uno stivale appositamente realizzato per lavorare con l'asfalto. \u00c8 realizzato in pelle robusta e resistente con una suola in gomma nitrilica liscia che pu\u00f2 resistere a temperature fino a 300\u00b0C. All'interno della suola \u00e8 presente una pellicola di protezione dal calore e la protezione dalla penetrazione \u00e8 realizzata in morbido tessuto. All'interno della suola \u00e8 presente una pellicola di protezione dal calore e la protezione dalla penetrazione \u00e8 realizzata in morbido tessuto. La soletta con supporto anatomico \u00e8 realizzata in materiale PU liscio ricoperto da una superficie tessile con un buon assorbimento dell'umidit\u00e0. L'allacciatura Freelock, coperta da una linguetta in pelle e fissata con due cinghie in velcro, facilita l'entrata e l'uscita dalle scarpe. Forma da donna nelle taglie 35-39. <\/p>\n<p>MATERIALE DI PROTEZIONE PASSANTE: PL tessile. FUNZIONALIT\u00c0: Freelock. FODERA: Poliestere. MATERIALE SUOLA INTERNA: Tessile, morbido PU. TOMAIA: Pelle intera. Vestibilit\u00e0: Ampia. TESSUTO: Unisex. nero. idrorepellente. MATERIALE TAPPO DEL PIEDE: Composito. CERTIFICAZIONE: EN ISO 20345:2011 S2 P HRO HI SRA<\/p>","protected":false},"excerpt":{"rendered":"<p>Ein speziell f\u00fcr die Arbeit mit Asphalt gefertigter Stiefel. Er besteht aus einem starken, haltbaren Leder mit einer glatten Aussensohle aus Nitrilkautschuk, die Temperaturen bis zu 300\u00b0C aushalten kann. Im Inneren der Sohle befindet sich eine Hitzeschutzfolie und der Durchtrittschutz ist aus weichem Textil. Die Innensohle mit anatomischer Unterst\u00fctzung besteht aus einem glatten PU-Material, das [&hellip;]<\/p>\n","protected":false},"featured_media":584587,"template":"","meta":[],"product_brand":[],"product_cat":[9643,4197],"product_tag":[],"class_list":{"0":"post-584541","1":"product","2":"type-product","3":"status-publish","4":"has-post-thumbnail","6":"product_cat-equipment","7":"product_cat-schuhe-sandalen","8":"pa_brand-blaklaeder","9":"pa_brand-type-workwear","10":"pa_filter-color-schwarz","12":"first","13":"instock","14":"sale","15":"taxable","16":"shipping-taxable","17":"purchasable","18":"product-type-variable","19":"add-to-wishlist-before_image"},"exclude_global_add_ons":[],"addons":[],"acf":[],"_links":{"self":[{"href":"https:\/\/shop.kustom.ch\/it\/wp-json\/wp\/v2\/product\/584541"}],"collection":[{"href":"https:\/\/shop.kustom.ch\/it\/wp-json\/wp\/v2\/product"}],"about":[{"href":"https:\/\/shop.kustom.ch\/it\/wp-json\/wp\/v2\/types\/product"}],"wp:featuredmedia":[{"embeddable":true,"href":"https:\/\/shop.kustom.ch\/it\/wp-json\/wp\/v2\/media\/584587"}],"wp:attachment":[{"href":"https:\/\/shop.kustom.ch\/it\/wp-json\/wp\/v2\/media?parent=584541"}],"wp:term":[{"taxonomy":"product_brand","embeddable":true,"href":"https:\/\/shop.kustom.ch\/it\/wp-json\/wp\/v2\/product_brand?post=584541"},{"taxonomy":"product_cat","embeddable":true,"href":"https:\/\/shop.kustom.ch\/it\/wp-json\/wp\/v2\/product_cat?post=584541"},{"taxonomy":"product_tag","embeddable":true,"href":"https:\/\/shop.kustom.ch\/it\/wp-json\/wp\/v2\/product_tag?post=584541"}],"curies":[{"name":"wp","href":"https:\/\/api.w.org\/{rel}","templated":true}]}}