{"id":584524,"date":"2025-03-04T10:22:33","date_gmt":"2025-03-04T09:22:33","guid":{"rendered":"https:\/\/shop.kustom.ch\/?post_type=product&#038;p=584524"},"modified":"2026-03-31T08:42:24","modified_gmt":"2026-03-31T07:42:24","slug":"schweisser-sicherheitsstiefel","status":"publish","type":"product","link":"https:\/\/shop.kustom.ch\/it\/prodotto\/schweisser-sicherheitsstiefel\/","title":{"rendered":"Stivali di sicurezza per saldatori"},"content":{"rendered":"<p>Stivale da saldatore in pelle resistente con suola in gomma nitrilica in grado di resistere a temperature fino a 300 \u00b0C. Nella struttura della suola \u00e8 integrato uno scudo termico in lamina. Nella struttura della suola \u00e8 integrato uno scudo termico in lamina. Il puntale di protezione \u00e8 in materiale composito e la protezione contro la penetrazione \u00e8 in materiale tessile. La soluzione Freelock rende lo stivale pi\u00f9 facile da indossare e da togliere ed \u00e8 coperta e protetta da una linguetta rivestita in pelle con chiusura a velcro. La soletta anatomica \u00e8 realizzata in morbido materiale PU per un comfort ottimale e ha una tomaia in tessuto con un buon assorbimento dell'umidit\u00e0. Forma da donna nelle taglie 35-39.<\/p>\n<p>MATERIALE PROTETTIVO: Tessuto PL. FUNZIONALIT\u00c0: bordo dell'albero imbottito. FODERA: Poliestere. MATERIALE SUOLA INTERNA: Tessile, morbido PU. TOMAIA: Pelle intera. Vestibilit\u00e0: Ampia. TESSUTO: Unisex. nero. idrorepellente. MATERIALE TAPPO DEL PIEDE: Composito. CERTIFICAZIONE: EN ISO 20345:2011 S3 SRC HRO HI WG<\/p>","protected":false},"excerpt":{"rendered":"<p>Ein Schweisserstiefel aus strapazierf\u00e4higem Leder mit einer Laufsohle aus Nitrilkautschuk, die Temperaturen bis zu 300 \u00b0C standh\u00e4lt. Ein Folienhitzeschild ist in die Sohlenkonstruktion integriert. Die Zehenschutzkappe ist aus Komposit und der Durchtrittschutz aus einem Textilmaterial. Die Freelock-L\u00f6sung erleichtert das An- und Ausziehen des Stiefels und wird durch eine lederbezogene Zunge mit Klettverschluss abgedeckt und gesch\u00fctzt. [&hellip;]<\/p>\n","protected":false},"featured_media":584550,"template":"","meta":[],"product_brand":[],"product_cat":[9643,4197],"product_tag":[],"class_list":{"0":"post-584524","1":"product","2":"type-product","3":"status-publish","4":"has-post-thumbnail","6":"product_cat-equipment","7":"product_cat-schuhe-sandalen","8":"pa_brand-blaklaeder","9":"pa_brand-type-workwear","10":"pa_filter-color-schwarz","12":"first","13":"instock","14":"sale","15":"taxable","16":"shipping-taxable","17":"purchasable","18":"product-type-variable","19":"add-to-wishlist-before_image"},"exclude_global_add_ons":[],"addons":[],"acf":[],"_links":{"self":[{"href":"https:\/\/shop.kustom.ch\/it\/wp-json\/wp\/v2\/product\/584524"}],"collection":[{"href":"https:\/\/shop.kustom.ch\/it\/wp-json\/wp\/v2\/product"}],"about":[{"href":"https:\/\/shop.kustom.ch\/it\/wp-json\/wp\/v2\/types\/product"}],"wp:featuredmedia":[{"embeddable":true,"href":"https:\/\/shop.kustom.ch\/it\/wp-json\/wp\/v2\/media\/584550"}],"wp:attachment":[{"href":"https:\/\/shop.kustom.ch\/it\/wp-json\/wp\/v2\/media?parent=584524"}],"wp:term":[{"taxonomy":"product_brand","embeddable":true,"href":"https:\/\/shop.kustom.ch\/it\/wp-json\/wp\/v2\/product_brand?post=584524"},{"taxonomy":"product_cat","embeddable":true,"href":"https:\/\/shop.kustom.ch\/it\/wp-json\/wp\/v2\/product_cat?post=584524"},{"taxonomy":"product_tag","embeddable":true,"href":"https:\/\/shop.kustom.ch\/it\/wp-json\/wp\/v2\/product_tag?post=584524"}],"curies":[{"name":"wp","href":"https:\/\/api.w.org\/{rel}","templated":true}]}}