{"id":584503,"date":"2025-03-04T10:21:55","date_gmt":"2025-03-04T09:21:55","guid":{"rendered":"https:\/\/shop.kustom.ch\/?post_type=product&#038;p=584503"},"modified":"2026-03-31T08:42:23","modified_gmt":"2026-03-31T07:42:23","slug":"elite-winterstiefel-2","status":"publish","type":"product","link":"https:\/\/shop.kustom.ch\/it\/prodotto\/elite-winterstiefel-2\/","title":{"rendered":"Stivali invernali Elite"},"content":{"rendered":"<p>Stivale invernale alto in pelle di alta qualit\u00e0 con membrana che mantiene i piedi caldi e asciutti nelle fredde giornate invernali. Grazie alla protezione contro la penetrazione del tessuto, al puntale in alluminio e alla punta e al tallone rinforzati in TPU, questo stivale \u00e8 in grado di resistere in ambienti difficili. La suola in gomma nitrilica garantisce la massima durata. Il sottopiede, progettato anatomicamente per il massimo comfort, \u00e8 realizzato in morbido materiale PU. Ideale per i lavori all'aperto nei settori dell'edilizia, dei trasporti, della manutenzione, della riparazione e dell'utilizzo di macchinari. Forma da donna nelle taglie 35-39.<\/p>\n<p>MATERIALE DI PROTEZIONE DELLA DURATA: PL tessile. FUNZIONALIT\u00c0: Soletta traspirante. FODERA: Poliestere. MATERIALE DELLA SUOLA: Tessile, morbido PU. TOMAIA: Pelle intera. Vestibilit\u00e0: Ampia. TESSUTO: Unisex. nero. ESD. SIMBOLI: Impermeabile 3. MATERIALE TAPPO: Alluminio. CERTIFICAZIONE: EN ISO 20345:2011 S3 SRC HRO WR CI ESD<\/p>","protected":false},"excerpt":{"rendered":"<p>Ein hoher Winterstiefel aus hochwertigem Leder mit einer Membran, die Ihre F\u00fcsse an kalten Wintertagen warm und trocken h\u00e4lt. Mit einem textilen Durchtrittschutz, einer Zehenschutzkappe aus Aluminium und TPU-verst\u00e4rktem Zehen- und Fersenbereich \u00fcbersteht dieser Schuh herausfordernde Umgebungen. Er hat eine Laufsohle aus Nitrilkautschuk f\u00fcr maximale Haltbarkeit. Die Innensohle, die anatomisch f\u00fcr den besten Komfort entwickelt [&hellip;]<\/p>\n","protected":false},"featured_media":584549,"template":"","meta":[],"product_brand":[],"product_cat":[9643,4197],"product_tag":[],"class_list":{"0":"post-584503","1":"product","2":"type-product","3":"status-publish","4":"has-post-thumbnail","6":"product_cat-equipment","7":"product_cat-schuhe-sandalen","8":"pa_brand-blaklaeder","9":"pa_brand-type-workwear","10":"pa_filter-color-schwarz","12":"first","13":"instock","14":"sale","15":"taxable","16":"shipping-taxable","17":"purchasable","18":"product-type-variable","19":"add-to-wishlist-before_image"},"exclude_global_add_ons":[],"addons":[],"acf":[],"_links":{"self":[{"href":"https:\/\/shop.kustom.ch\/it\/wp-json\/wp\/v2\/product\/584503"}],"collection":[{"href":"https:\/\/shop.kustom.ch\/it\/wp-json\/wp\/v2\/product"}],"about":[{"href":"https:\/\/shop.kustom.ch\/it\/wp-json\/wp\/v2\/types\/product"}],"wp:featuredmedia":[{"embeddable":true,"href":"https:\/\/shop.kustom.ch\/it\/wp-json\/wp\/v2\/media\/584549"}],"wp:attachment":[{"href":"https:\/\/shop.kustom.ch\/it\/wp-json\/wp\/v2\/media?parent=584503"}],"wp:term":[{"taxonomy":"product_brand","embeddable":true,"href":"https:\/\/shop.kustom.ch\/it\/wp-json\/wp\/v2\/product_brand?post=584503"},{"taxonomy":"product_cat","embeddable":true,"href":"https:\/\/shop.kustom.ch\/it\/wp-json\/wp\/v2\/product_cat?post=584503"},{"taxonomy":"product_tag","embeddable":true,"href":"https:\/\/shop.kustom.ch\/it\/wp-json\/wp\/v2\/product_tag?post=584503"}],"curies":[{"name":"wp","href":"https:\/\/api.w.org\/{rel}","templated":true}]}}