{"id":584486,"date":"2025-03-04T10:21:51","date_gmt":"2025-03-04T09:21:51","guid":{"rendered":"https:\/\/shop.kustom.ch\/?post_type=product&#038;p=584486"},"modified":"2026-03-31T08:42:22","modified_gmt":"2026-03-31T07:42:22","slug":"elite-winterstiefel","status":"publish","type":"product","link":"https:\/\/shop.kustom.ch\/it\/prodotto\/elite-winterstiefel\/","title":{"rendered":"Stivali invernali ELITE"},"content":{"rendered":"<p>Uno stivale invernale alto con fodera in lana\/poliestere, pelle di alta qualit\u00e0 e membrana per mantenere i piedi caldi e asciutti nelle fredde giornate invernali. Grazie alla protezione contro la penetrazione del tessuto, al puntale in alluminio e alle coperture in TPU rinforzate su punta e tallone, questo stivale \u00e8 in grado di affrontare con facilit\u00e0 gli ambienti pi\u00f9 difficili. La suola \u00e8 in gomma nitrilica per la massima durata. Il sottopiede, progettato anatomicamente per il massimo comfort, \u00e8 realizzato in morbido materiale PU e rivestito da una calda fodera. Questa scarpa \u00e8 ideale per i lavori all'aperto nei settori dell'edilizia, dei trasporti, della manutenzione, della riparazione e dell'utilizzo di macchinari. Forma da donna nelle taglie 35-39.<\/p>\n<p>MATERIALE PROTETTIVO: PL tessile. FUNZIONALIT\u00c0: rinforzo del tallone. FODERA: Lana\/poliestere. MATERIALE DELLA SUOLA: Tessile, morbido PU. TOMAIA: Pelle intera. Vestibilit\u00e0: Ampia. TESSUTO: Unisex. nero. impermeabile. SIMBOLI: Impermeabile 3. MATERIALE DEL TAPPO: Alluminio. CERTIFICAZIONE: EN ISO 20345:2011 S3 SRC HRO WR CI ESD<\/p>","protected":false},"excerpt":{"rendered":"<p>Ein hoher Winterstiefel mit einem Futter aus Wolle\/Polyester, Leder der besten Qualit\u00e4t und einer Membran, damit Ihre F\u00fcsse an kalten Wintertagen warm und trocken bleiben. Mit einem textilen Durchtrittschutz, einer Zehenschutzkappe aus Aluminium und TPU-verst\u00e4rkter Zehen- und Fersenabdeckung, bew\u00e4ltigt dieser Schuh harte Umgebungen problemlos. Die Laufsohle besteht aus Nitrilkautschuk f\u00fcr maximale Haltbarkeit. Die Innensohle, die [&hellip;]<\/p>\n","protected":false},"featured_media":584512,"template":"","meta":[],"product_brand":[],"product_cat":[9643,4197],"product_tag":[],"class_list":{"0":"post-584486","1":"product","2":"type-product","3":"status-publish","4":"has-post-thumbnail","6":"product_cat-equipment","7":"product_cat-schuhe-sandalen","8":"pa_brand-blaklaeder","9":"pa_brand-type-workwear","10":"pa_filter-color-schwarz","12":"first","13":"instock","14":"sale","15":"taxable","16":"shipping-taxable","17":"purchasable","18":"product-type-variable","19":"add-to-wishlist-before_image"},"exclude_global_add_ons":[],"addons":[],"acf":[],"_links":{"self":[{"href":"https:\/\/shop.kustom.ch\/it\/wp-json\/wp\/v2\/product\/584486"}],"collection":[{"href":"https:\/\/shop.kustom.ch\/it\/wp-json\/wp\/v2\/product"}],"about":[{"href":"https:\/\/shop.kustom.ch\/it\/wp-json\/wp\/v2\/types\/product"}],"wp:featuredmedia":[{"embeddable":true,"href":"https:\/\/shop.kustom.ch\/it\/wp-json\/wp\/v2\/media\/584512"}],"wp:attachment":[{"href":"https:\/\/shop.kustom.ch\/it\/wp-json\/wp\/v2\/media?parent=584486"}],"wp:term":[{"taxonomy":"product_brand","embeddable":true,"href":"https:\/\/shop.kustom.ch\/it\/wp-json\/wp\/v2\/product_brand?post=584486"},{"taxonomy":"product_cat","embeddable":true,"href":"https:\/\/shop.kustom.ch\/it\/wp-json\/wp\/v2\/product_cat?post=584486"},{"taxonomy":"product_tag","embeddable":true,"href":"https:\/\/shop.kustom.ch\/it\/wp-json\/wp\/v2\/product_tag?post=584486"}],"curies":[{"name":"wp","href":"https:\/\/api.w.org\/{rel}","templated":true}]}}