{"id":584408,"date":"2025-03-04T10:20:26","date_gmt":"2025-03-04T09:20:26","guid":{"rendered":"https:\/\/shop.kustom.ch\/?post_type=product&#038;p=584408"},"modified":"2026-03-31T08:42:05","modified_gmt":"2026-03-31T07:42:05","slug":"elite-sicherheitsschuh-s3","status":"publish","type":"product","link":"https:\/\/shop.kustom.ch\/it\/prodotto\/elite-sicherheitsschuh-s3\/","title":{"rendered":"Scarpa di sicurezza ELITE, S3"},"content":{"rendered":"<p>Scarpa di sicurezza ad alte prestazioni e ad altissima durata della collezione Elite di Bl\u00e5kl\u00e4der. Questa scarpa \u00e8 realizzata in pelle naturale estremamente resistente e offre una protezione ottimale per il piede grazie a un puntale in alluminio, a una morbida intersuola antiperforazione e a una protezione aggiuntiva in TPU nella zona della punta e del tallone. I dettagli riflettenti sul lato e sul tallone rendono visibili voi e le vostre scarpe quando necessario. La soletta offre un supporto anatomico ed \u00e8 realizzata in morbido materiale PU rivestito in tessuto, con un buon assorbimento dell'umidit\u00e0 che, unito alla buona traspirabilit\u00e0 della scarpa, fornisce un'impressione generale imbattibile. Ideale per i lavori all'aperto nei settori dell'edilizia, dei trasporti, della manutenzione, della riparazione e dell'utilizzo di macchinari. Forma da donna nelle taglie 35-39.<\/p>\n<p>MATERIALE DI PROTEZIONE PASSAGGIO: PL tessile. FUNZIONALIT\u00c0: Propriet\u00e0 antistatiche. FODERA: Poliestere. MATERIALE SUOLA INTERNA: Tessile, morbido PU. TOMAIA: Pelle trattata con olio. Vestibilit\u00e0: Ampia. TESSUTO: Unisex. nero. ESD. MATERIALE COPPIA DEL PIEDE: Alluminio. CERTIFICAZIONE: EN ISO 20345:2011 S3 SRC ESD<\/p>","protected":false},"excerpt":{"rendered":"<p>Hochleistungs-Sicherheitsschuh mit sehr hoher Haltbarkeit aus der Elite Kollektion von Bl\u00e5kl\u00e4der. Dieser Schuh ist aus extrem strapazierf\u00e4higem Naturleder gefertigt und sch\u00fctzt den Fuss durch eine Aluminium-Zehenkappe, eine weiche durchtrittsichere Zwischensohle und zus\u00e4tzlichen TPU-Schutz im Zehen- und Fersenbereich optimal. Reflektierende Details an der Seite sowie an der Ferse machen Sie und Ihre Schuhe bei Bedarf sichtbar. [&hellip;]<\/p>\n","protected":false},"featured_media":584436,"template":"","meta":[],"product_brand":[],"product_cat":[9643,4197],"product_tag":[],"class_list":{"0":"post-584408","1":"product","2":"type-product","3":"status-publish","4":"has-post-thumbnail","6":"product_cat-equipment","7":"product_cat-schuhe-sandalen","8":"pa_brand-blaklaeder","9":"pa_brand-type-workwear","10":"pa_filter-color-schwarz","12":"first","13":"instock","14":"sale","15":"taxable","16":"shipping-taxable","17":"purchasable","18":"product-type-variable","19":"add-to-wishlist-before_image"},"exclude_global_add_ons":[],"addons":[],"acf":[],"_links":{"self":[{"href":"https:\/\/shop.kustom.ch\/it\/wp-json\/wp\/v2\/product\/584408"}],"collection":[{"href":"https:\/\/shop.kustom.ch\/it\/wp-json\/wp\/v2\/product"}],"about":[{"href":"https:\/\/shop.kustom.ch\/it\/wp-json\/wp\/v2\/types\/product"}],"wp:featuredmedia":[{"embeddable":true,"href":"https:\/\/shop.kustom.ch\/it\/wp-json\/wp\/v2\/media\/584436"}],"wp:attachment":[{"href":"https:\/\/shop.kustom.ch\/it\/wp-json\/wp\/v2\/media?parent=584408"}],"wp:term":[{"taxonomy":"product_brand","embeddable":true,"href":"https:\/\/shop.kustom.ch\/it\/wp-json\/wp\/v2\/product_brand?post=584408"},{"taxonomy":"product_cat","embeddable":true,"href":"https:\/\/shop.kustom.ch\/it\/wp-json\/wp\/v2\/product_cat?post=584408"},{"taxonomy":"product_tag","embeddable":true,"href":"https:\/\/shop.kustom.ch\/it\/wp-json\/wp\/v2\/product_tag?post=584408"}],"curies":[{"name":"wp","href":"https:\/\/api.w.org\/{rel}","templated":true}]}}