{"id":584387,"date":"2025-03-04T10:19:52","date_gmt":"2025-03-04T09:19:52","guid":{"rendered":"https:\/\/shop.kustom.ch\/?post_type=product&#038;p=584387"},"modified":"2026-03-31T08:42:04","modified_gmt":"2026-03-31T07:42:04","slug":"elite-sicherheitssandale","status":"publish","type":"product","link":"https:\/\/shop.kustom.ch\/it\/prodotto\/elite-sicherheitssandale\/","title":{"rendered":"Sandalo di sicurezza ELITE"},"content":{"rendered":"<p>Sandalo aperto con buona capacit\u00e0 protettiva della collezione Elite di Bl\u00e5kl\u00e4der. Il sottopiede \u00e8 realizzato in pelle PU anatomicamente morbida con un buon assorbimento dell'umidit\u00e0, che in combinazione con il suo design rende il sandalo particolarmente adatto per i lavori al chiuso e all'aperto in estate. Il sandalo pu\u00f2 essere aperto e chiuso con una chiusura in velcro, ha un puntale in alluminio e un'intersuola morbida e resistente alle forature, che lo rende particolarmente flessibile. Il sandalo di sicurezza \u00e8 particolarmente indicato per i lavori nei settori dell'edilizia, dei trasporti, della manutenzione, della riparazione e del funzionamento delle macchine. Le forme da donna sono disponibili nelle taglie 35-39.<\/p>\n<p>MATERIALE DI PROTEZIONE PASSAGGIO: PL tessile. FUNZIONALIT\u00c0: propriet\u00e0 antistatiche. FODERA: Poliestere. MATERIALE SUOLA INTERNA: Tessile, morbido PU. TOMAIA: Pelle trattata con olio. Vestibilit\u00e0: Ampia. TESSUTO: Unisex. nero. ESD. MATERIALE COPPIA DEL PIEDE: Alluminio. CERTIFICAZIONE: EN ISO 20345:2011 S1 P SRC ESD<\/p>","protected":false},"excerpt":{"rendered":"<p>Offene Sandale mit guter Schutzkapazit\u00e4t aus Bl\u00e5kl\u00e4ders Elite Kollektion. Die Innensohle besteht aus anatomisch weichem PU-Leder mit guter Feuchtigkeitsaufnahme, was die Sandale in Kombination mit ihrem Design besonders geeignet f\u00fcr die Arbeit im Innen- und Aussenbereich im Sommer macht. Die Sandale l\u00e4sst sich mit einem Klettverschluss \u00f6ffnen und schliessen, sie hat eine Zehenschutzkappe aus Aluminium [&hellip;]<\/p>\n","protected":false},"featured_media":584434,"template":"","meta":[],"product_brand":[],"product_cat":[9643,4197],"product_tag":[],"class_list":{"0":"post-584387","1":"product","2":"type-product","3":"status-publish","4":"has-post-thumbnail","6":"product_cat-equipment","7":"product_cat-schuhe-sandalen","8":"pa_brand-blaklaeder","9":"pa_brand-type-workwear","10":"pa_filter-color-schwarz","12":"first","13":"instock","14":"sale","15":"taxable","16":"shipping-taxable","17":"purchasable","18":"product-type-variable","19":"add-to-wishlist-before_image"},"exclude_global_add_ons":[],"addons":[],"acf":[],"_links":{"self":[{"href":"https:\/\/shop.kustom.ch\/it\/wp-json\/wp\/v2\/product\/584387"}],"collection":[{"href":"https:\/\/shop.kustom.ch\/it\/wp-json\/wp\/v2\/product"}],"about":[{"href":"https:\/\/shop.kustom.ch\/it\/wp-json\/wp\/v2\/types\/product"}],"wp:featuredmedia":[{"embeddable":true,"href":"https:\/\/shop.kustom.ch\/it\/wp-json\/wp\/v2\/media\/584434"}],"wp:attachment":[{"href":"https:\/\/shop.kustom.ch\/it\/wp-json\/wp\/v2\/media?parent=584387"}],"wp:term":[{"taxonomy":"product_brand","embeddable":true,"href":"https:\/\/shop.kustom.ch\/it\/wp-json\/wp\/v2\/product_brand?post=584387"},{"taxonomy":"product_cat","embeddable":true,"href":"https:\/\/shop.kustom.ch\/it\/wp-json\/wp\/v2\/product_cat?post=584387"},{"taxonomy":"product_tag","embeddable":true,"href":"https:\/\/shop.kustom.ch\/it\/wp-json\/wp\/v2\/product_tag?post=584387"}],"curies":[{"name":"wp","href":"https:\/\/api.w.org\/{rel}","templated":true}]}}