{"id":584333,"date":"2025-03-04T10:19:05","date_gmt":"2025-03-04T09:19:05","guid":{"rendered":"https:\/\/shop.kustom.ch\/?post_type=product&#038;p=584333"},"modified":"2026-03-31T08:41:53","modified_gmt":"2026-03-31T07:41:53","slug":"cradle-sicherheitsschuh-2","status":"publish","type":"product","link":"https:\/\/shop.kustom.ch\/it\/prodotto\/cradle-sicherheitsschuh-2\/","title":{"rendered":"Scarpa di sicurezza a culla"},"content":{"rendered":"<p>Una scarpa di sicurezza comoda e priva di metallo con tomaia in tessuto. Il puntale protettivo \u00e8 realizzato in materiale composito e rinforzato con KPU. La protezione contro la penetrazione \u00e8 in materiale tessile e la suola \u00e8 in gomma. La soletta anatomica \u00e8 realizzata in morbido materiale PU per un comfort ottimale e ha una tomaia in tessuto con un buon assorbimento dell'umidit\u00e0. Questa scarpa \u00e8 ideale per lavori di magazzino, di servizio, di logistica e industriali. Forma da donna nelle taglie 35-39.<\/p>\n<p>MATERIALE DI PROTEZIONE PASSAGGIO: PL tessile. FUNZIONALIT\u00c0: Senza metallo. FODERA: Poliestere. MATERIALE SUOLA INTERNA: Tessile, morbido PU. TOMAIA: Tessuto. Vestibilit\u00e0: Ampia. TESSUTO: Giallo alta visibilit\u00e0. ESD. MATERIALE COPPIA DEL PIEDE: Composito. CERTIFICAZIONE: EN ISO 20345:2011 S1 P SRC ESD<\/p>","protected":false},"excerpt":{"rendered":"<p>Ein bequemer, metallfreier Sicherheitsschuh mit einem Obermaterial aus Textil. Die Zehenschutzkappe ist aus Komposit und mit KPU verst\u00e4rkt. Der Durchtrittschutz besteht aus einem Textilmaterial und die Laufsohle aus Gummi. Die, f\u00fcr optimalen Komfort, anatomisch geformte Innensohle besteht aus weichem PU-Material und hat ein Obermaterial aus Textil mit guter Feuchtigkeitsaufnahme. Dieser Schuh ist ideal f\u00fcr Lager-, [&hellip;]<\/p>\n","protected":false},"featured_media":584390,"template":"","meta":[],"product_brand":[],"product_cat":[9643,4197],"product_tag":[],"class_list":{"0":"post-584333","1":"product","2":"type-product","3":"status-publish","4":"has-post-thumbnail","6":"product_cat-equipment","7":"product_cat-schuhe-sandalen","8":"pa_brand-blaklaeder","9":"pa_brand-type-workwear","10":"pa_filter-color-gelb","11":"pa_filter-color-grau","12":"pa_filter-color-schwarz","14":"first","15":"instock","16":"sale","17":"taxable","18":"shipping-taxable","19":"purchasable","20":"product-type-variable","21":"add-to-wishlist-before_image"},"exclude_global_add_ons":[],"addons":[],"acf":[],"_links":{"self":[{"href":"https:\/\/shop.kustom.ch\/it\/wp-json\/wp\/v2\/product\/584333"}],"collection":[{"href":"https:\/\/shop.kustom.ch\/it\/wp-json\/wp\/v2\/product"}],"about":[{"href":"https:\/\/shop.kustom.ch\/it\/wp-json\/wp\/v2\/types\/product"}],"wp:featuredmedia":[{"embeddable":true,"href":"https:\/\/shop.kustom.ch\/it\/wp-json\/wp\/v2\/media\/584390"}],"wp:attachment":[{"href":"https:\/\/shop.kustom.ch\/it\/wp-json\/wp\/v2\/media?parent=584333"}],"wp:term":[{"taxonomy":"product_brand","embeddable":true,"href":"https:\/\/shop.kustom.ch\/it\/wp-json\/wp\/v2\/product_brand?post=584333"},{"taxonomy":"product_cat","embeddable":true,"href":"https:\/\/shop.kustom.ch\/it\/wp-json\/wp\/v2\/product_cat?post=584333"},{"taxonomy":"product_tag","embeddable":true,"href":"https:\/\/shop.kustom.ch\/it\/wp-json\/wp\/v2\/product_tag?post=584333"}],"curies":[{"name":"wp","href":"https:\/\/api.w.org\/{rel}","templated":true}]}}