{"id":584274,"date":"2025-03-04T10:17:39","date_gmt":"2025-03-04T09:17:39","guid":{"rendered":"https:\/\/shop.kustom.ch\/?post_type=product&#038;p=584274"},"modified":"2026-03-31T08:41:40","modified_gmt":"2026-03-31T07:41:40","slug":"retro-sicherheitsstiefel","status":"publish","type":"product","link":"https:\/\/shop.kustom.ch\/it\/prodotto\/retro-sicherheitsstiefel\/","title":{"rendered":"Stivali di sicurezza RETRO"},"content":{"rendered":"<p>Un ottimo stivale di sicurezza dal look classico della collezione RETRO di Bl\u00e5kl\u00e4der. Uno stivale versatile per l'outdoor, con una durata e una resistenza di prim'ordine combinate con il comfort necessario. Lo stivale \u00e8 dotato di un puntale in alluminio e di un'intersuola in acciaio resistente alle forature, che fornisce a chi lo indossa la protezione necessaria per i lavori pi\u00f9 duri. I dettagli riflettenti sul lato rendono visibili voi e le vostre scarpe quando necessario. La soletta offre un supporto anatomico ed \u00e8 realizzata in morbido materiale PU rivestito in tessuto, con un buon assorbimento dell'umidit\u00e0. Lo stivale di sicurezza \u00e8 ideale per i lavori leggeri nei settori dell'edilizia, dei trasporti, della manutenzione, della riparazione e del funzionamento delle macchine. Forma da donna nelle taglie 35-39. <\/p>\n<p>MATERIALE DI PROTEZIONE DEI PUNTI: Acciaio. FUNZIONALIT\u00c0: suola oleorepellente. FODERA: Poliestere. MATERIALE SUOLA INTERNA: Tessile, PU morbido. TOMAIA: Pelle rivestita in PU. Vestibilit\u00e0: Normale. TESSUTO: Unisex. nero. idrorepellente. MATERIALE TAPPO DEL PIEDE: Alluminio. CERTIFICAZIONE: EN ISO 20345:2011 S3 SRC ESD<\/p>","protected":false},"excerpt":{"rendered":"<p>Ein wirklich guter Sicherheitsstiefel mit klassischem Look aus der RETRO-Kollektion von Bl\u00e5kl\u00e4der. Ein vielseitiger Outdoor-Stiefel, dessen Haltbarkeit und Festigkeit von h\u00f6chster Klasse sind, kombiniert mit dem dringend ben\u00f6tigten Komfort. Der Stiefel hat eine Zehenkappe aus Aluminium und eine durchtrittsichere Zwischensohle aus Stahl, die dem Tr\u00e4ger den f\u00fcr die h\u00e4rtesten Arbeiten erforderlichen Schutz bietet. Reflexdetails an [&hellip;]<\/p>\n","protected":false},"featured_media":584320,"template":"","meta":[],"product_brand":[],"product_cat":[9643,4197],"product_tag":[],"class_list":{"0":"post-584274","1":"product","2":"type-product","3":"status-publish","4":"has-post-thumbnail","6":"product_cat-equipment","7":"product_cat-schuhe-sandalen","8":"pa_brand-blaklaeder","9":"pa_brand-type-workwear","10":"pa_filter-color-schwarz","12":"first","13":"instock","14":"sale","15":"taxable","16":"shipping-taxable","17":"purchasable","18":"product-type-variable","19":"add-to-wishlist-before_image"},"exclude_global_add_ons":[],"addons":[],"acf":[],"_links":{"self":[{"href":"https:\/\/shop.kustom.ch\/it\/wp-json\/wp\/v2\/product\/584274"}],"collection":[{"href":"https:\/\/shop.kustom.ch\/it\/wp-json\/wp\/v2\/product"}],"about":[{"href":"https:\/\/shop.kustom.ch\/it\/wp-json\/wp\/v2\/types\/product"}],"wp:featuredmedia":[{"embeddable":true,"href":"https:\/\/shop.kustom.ch\/it\/wp-json\/wp\/v2\/media\/584320"}],"wp:attachment":[{"href":"https:\/\/shop.kustom.ch\/it\/wp-json\/wp\/v2\/media?parent=584274"}],"wp:term":[{"taxonomy":"product_brand","embeddable":true,"href":"https:\/\/shop.kustom.ch\/it\/wp-json\/wp\/v2\/product_brand?post=584274"},{"taxonomy":"product_cat","embeddable":true,"href":"https:\/\/shop.kustom.ch\/it\/wp-json\/wp\/v2\/product_cat?post=584274"},{"taxonomy":"product_tag","embeddable":true,"href":"https:\/\/shop.kustom.ch\/it\/wp-json\/wp\/v2\/product_tag?post=584274"}],"curies":[{"name":"wp","href":"https:\/\/api.w.org\/{rel}","templated":true}]}}