{"id":584273,"date":"2025-03-04T10:17:39","date_gmt":"2025-03-04T09:17:39","guid":{"rendered":"https:\/\/shop.kustom.ch\/?post_type=product&#038;p=584273"},"modified":"2026-03-31T08:41:35","modified_gmt":"2026-03-31T07:41:35","slug":"retro-sicherheitsschuh-2","status":"publish","type":"product","link":"https:\/\/shop.kustom.ch\/it\/prodotto\/retro-sicherheitsschuh-2\/","title":{"rendered":"Scarpa di sicurezza RETRO"},"content":{"rendered":"<p>Una scarpa di sicurezza dal look classico della collezione RETRO di Bl\u00e5kl\u00e4der. Una scarpa da esterno a tutto tondo con elevata durata, resistenza all'usura e comfort. I dettagli riflettenti sul lato rendono visibili voi e le vostre scarpe quando necessario. La soletta \u00e8 progettata anatomicamente per fornire un supporto ottimale al piede. \u00c8 realizzata in morbido materiale PU rivestito in tessuto e ha buone propriet\u00e0 di assorbimento dell'umidit\u00e0. Il puntale protettivo \u00e8 in alluminio e l'intersuola antiperforazione \u00e8 in acciaio per garantire la sicurezza. Questa scarpa di sicurezza \u00e8 particolarmente adatta per lavori leggeri nei settori dell'edilizia, dei trasporti, della manutenzione, della riparazione e del funzionamento delle macchine. Forma da donna nelle taglie 35-39.<\/p>\n<p>MATERIALE DI PROTEZIONE DEI PUNTI: Acciaio. FUNZIONALIT\u00c0: bordo dell'albero imbottito. FODERA: Poliestere. MATERIALE SUOLA INTERNA: Tessile, morbido PU. TOMAIA: Pelle rivestita in PU. Vestibilit\u00e0: regolare. TESSUTO: Uomo. nero. ESD. MATERIALE COPPIA DEL PUNTO: Alluminio. CERTIFICAZIONE: EN ISO 20345:2011 S3 SRC ESD<\/p>","protected":false},"excerpt":{"rendered":"<p>Ein Sicherheitsschuh mit klassischem Look aus der RETRO Kollektion von Bl\u00e5kl\u00e4der. Ein Allroundschuh f\u00fcr den Aussenbereich mit hoher Haltbarkeit, Strapazierf\u00e4higkeit und Komfort. Reflexdetails an der Seite machen Sie und Ihre Schuhe wenn n\u00f6tig sichtbar. Die Innensohle ist anatomisch so gestaltet, dass sie den Fuss optimal st\u00fctzt. Sie besteht aus einem weichen PU-Material, das mit Textil [&hellip;]<\/p>\n","protected":false},"featured_media":584319,"template":"","meta":[],"product_brand":[],"product_cat":[9643,4197],"product_tag":[],"class_list":{"0":"post-584273","1":"product","2":"type-product","3":"status-publish","4":"has-post-thumbnail","6":"product_cat-equipment","7":"product_cat-schuhe-sandalen","8":"pa_brand-blaklaeder","9":"pa_brand-type-workwear","10":"pa_filter-color-schwarz","12":"first","13":"instock","14":"sale","15":"taxable","16":"shipping-taxable","17":"purchasable","18":"product-type-variable","19":"add-to-wishlist-before_image"},"exclude_global_add_ons":[],"addons":[],"acf":[],"_links":{"self":[{"href":"https:\/\/shop.kustom.ch\/it\/wp-json\/wp\/v2\/product\/584273"}],"collection":[{"href":"https:\/\/shop.kustom.ch\/it\/wp-json\/wp\/v2\/product"}],"about":[{"href":"https:\/\/shop.kustom.ch\/it\/wp-json\/wp\/v2\/types\/product"}],"wp:featuredmedia":[{"embeddable":true,"href":"https:\/\/shop.kustom.ch\/it\/wp-json\/wp\/v2\/media\/584319"}],"wp:attachment":[{"href":"https:\/\/shop.kustom.ch\/it\/wp-json\/wp\/v2\/media?parent=584273"}],"wp:term":[{"taxonomy":"product_brand","embeddable":true,"href":"https:\/\/shop.kustom.ch\/it\/wp-json\/wp\/v2\/product_brand?post=584273"},{"taxonomy":"product_cat","embeddable":true,"href":"https:\/\/shop.kustom.ch\/it\/wp-json\/wp\/v2\/product_cat?post=584273"},{"taxonomy":"product_tag","embeddable":true,"href":"https:\/\/shop.kustom.ch\/it\/wp-json\/wp\/v2\/product_tag?post=584273"}],"curies":[{"name":"wp","href":"https:\/\/api.w.org\/{rel}","templated":true}]}}