{"id":584252,"date":"2025-03-04T10:16:58","date_gmt":"2025-03-04T09:16:58","guid":{"rendered":"https:\/\/shop.kustom.ch\/?post_type=product&#038;p=584252"},"modified":"2026-03-31T08:41:34","modified_gmt":"2026-03-31T07:41:34","slug":"retro-sicherheitsschuh","status":"publish","type":"product","link":"https:\/\/shop.kustom.ch\/it\/prodotto\/retro-sicherheitsschuh\/","title":{"rendered":"Scarpa di sicurezza retr\u00f2"},"content":{"rendered":"<p>Una scarpa di sicurezza dal look classico della collezione RETRO di Bl\u00e5kl\u00e4der. Una scarpa comoda con tomaia in tessuto. Il puntale \u00e8 in alluminio ed \u00e8 rinforzato con KPU. La protezione contro la penetrazione \u00e8 in acciaio e la suola \u00e8 in gomma. Il sottopiede ha una forma anatomica che offre un sostegno ottimale al piede ed \u00e8 realizzato in PU con un materiale superficiale che assorbe l'umidit\u00e0. Ideale per i settori dei trasporti, del magazzino, dei servizi, della logistica e dell'industria. Forma da donna nelle taglie 35-39.<\/p>\n<p>MATERIALE DI PROTEZIONE PASSAGGIO: Acciaio. FUNZIONALIT\u00c0: testato ESD (approvato secondo la norma IEC 61340-5-1). FODERA: Poliestere. MATERIALE SUOLA INTERNA: Tessile, PU morbido. TOMAIA: Tessuto. Vestibilit\u00e0: Normale. TESSUTO: Unisex. nero. ESD. MATERIALE COPPIA DEL PIEDE: Alluminio. CERTIFICAZIONE: EN ISO 20345:2011 S1 P SRC ESD<\/p>","protected":false},"excerpt":{"rendered":"<p>Ein Sicherheitsschuh im klassischen Look aus Bl\u00e5kl\u00e4ders RETRO Kollektion. Ein bequemer Schuh mit einem Obermaterial aus Textil. Die Zehenschutzkappe besteht aus Aluminium und ist mit KPU verst\u00e4rkt. Der Durchtrittschutz ist aus Stahl und die Laufsohle aus Gummi. Die Innensohle ist anatomisch geformt, um den Fuss optimal zu unterst\u00fctzen und besteht aus PU mit einem feuchtigkeitsabsorbierenden [&hellip;]<\/p>\n","protected":false},"featured_media":584318,"template":"","meta":[],"product_brand":[],"product_cat":[9643,4197],"product_tag":[],"class_list":{"0":"post-584252","1":"product","2":"type-product","3":"status-publish","4":"has-post-thumbnail","6":"product_cat-equipment","7":"product_cat-schuhe-sandalen","8":"pa_brand-blaklaeder","9":"pa_brand-type-workwear","10":"pa_filter-color-schwarz","12":"first","13":"instock","14":"sale","15":"taxable","16":"shipping-taxable","17":"purchasable","18":"product-type-variable","19":"add-to-wishlist-before_image"},"exclude_global_add_ons":[],"addons":[],"acf":[],"_links":{"self":[{"href":"https:\/\/shop.kustom.ch\/it\/wp-json\/wp\/v2\/product\/584252"}],"collection":[{"href":"https:\/\/shop.kustom.ch\/it\/wp-json\/wp\/v2\/product"}],"about":[{"href":"https:\/\/shop.kustom.ch\/it\/wp-json\/wp\/v2\/types\/product"}],"wp:featuredmedia":[{"embeddable":true,"href":"https:\/\/shop.kustom.ch\/it\/wp-json\/wp\/v2\/media\/584318"}],"wp:attachment":[{"href":"https:\/\/shop.kustom.ch\/it\/wp-json\/wp\/v2\/media?parent=584252"}],"wp:term":[{"taxonomy":"product_brand","embeddable":true,"href":"https:\/\/shop.kustom.ch\/it\/wp-json\/wp\/v2\/product_brand?post=584252"},{"taxonomy":"product_cat","embeddable":true,"href":"https:\/\/shop.kustom.ch\/it\/wp-json\/wp\/v2\/product_cat?post=584252"},{"taxonomy":"product_tag","embeddable":true,"href":"https:\/\/shop.kustom.ch\/it\/wp-json\/wp\/v2\/product_tag?post=584252"}],"curies":[{"name":"wp","href":"https:\/\/api.w.org\/{rel}","templated":true}]}}