{"id":584212,"date":"2025-03-04T10:16:11","date_gmt":"2025-03-04T09:16:11","guid":{"rendered":"https:\/\/shop.kustom.ch\/?post_type=product&#038;p=584212"},"modified":"2026-03-31T08:41:31","modified_gmt":"2026-03-31T07:41:31","slug":"sicherheitsstiefel-s5-2","status":"publish","type":"product","link":"https:\/\/shop.kustom.ch\/it\/prodotto\/sicherheitsstiefel-s5-2\/","title":{"rendered":"Stivali di sicurezza S5"},"content":{"rendered":"<p>Stivale in poliuretano molto confortevole e leggero, adatto a condizioni fresche, fredde, umide e sporche. Puntale senza metallo 100% e protezione dalla penetrazione che rende lo stivale privo di metallo. La suola in PU e TPU autodrenante impedisce a sporco e argilla di rimanere incastrati nel disegno della suola. La suola offre un'ottima aderenza e ammortizzazione su tutti i pavimenti per evitare l'affaticamento dei piedi. Gli stivali sono stati testati e certificati in conformit\u00e0 alla norma EN ISO 20345:2011.<\/p>\n<p>MATERIALE DI PROTEZIONE PASSANTE: Tessile. FUNZIONALIT\u00c0: Senza metallo. FODERA: Poliammide. MATERIALE DELLA SUOLA: Soletta in schiuma di PU. TOMAIA: PU. Vestibilit\u00e0: regolare. MATERIALE DELLA CALZATURA: Composito. CERTIFICAZIONE: EN ISO 20345:2011 S5 CI SRC<\/p>\n<p>100% PU<\/p>","protected":false},"excerpt":{"rendered":"<p>Sehr bequemer und leichter Polyurethan-Stiefel, geeignet f\u00fcr k\u00fchle, kalte, nasse und schmutzige Bedingungen. 100% metallfreie Zehenkappe und Durchtrittschutz, der den Schuh metallfrei macht. Eine selbstentleerende Aussensohle aus PU und TPU verhindert, dass Schmutz und Ton im Sohlenmuster stecken bleiben. Die Sohle bietet einen sehr guten Grip und D\u00e4mpfung auf allen B\u00f6den, um m\u00fcde F\u00fcsse zu [&hellip;]<\/p>\n","protected":false},"featured_media":584279,"template":"","meta":[],"product_brand":[],"product_cat":[9643,4197],"product_tag":[],"class_list":{"0":"post-584212","1":"product","2":"type-product","3":"status-publish","4":"has-post-thumbnail","6":"product_cat-equipment","7":"product_cat-schuhe-sandalen","8":"pa_brand-blaklaeder","9":"pa_brand-type-workwear","10":"pa_filter-color-gruen","11":"pa_filter-color-schwarz","13":"first","14":"instock","15":"sale","16":"taxable","17":"shipping-taxable","18":"purchasable","19":"product-type-variable","20":"add-to-wishlist-before_image"},"exclude_global_add_ons":[],"addons":[],"acf":[],"_links":{"self":[{"href":"https:\/\/shop.kustom.ch\/it\/wp-json\/wp\/v2\/product\/584212"}],"collection":[{"href":"https:\/\/shop.kustom.ch\/it\/wp-json\/wp\/v2\/product"}],"about":[{"href":"https:\/\/shop.kustom.ch\/it\/wp-json\/wp\/v2\/types\/product"}],"wp:featuredmedia":[{"embeddable":true,"href":"https:\/\/shop.kustom.ch\/it\/wp-json\/wp\/v2\/media\/584279"}],"wp:attachment":[{"href":"https:\/\/shop.kustom.ch\/it\/wp-json\/wp\/v2\/media?parent=584212"}],"wp:term":[{"taxonomy":"product_brand","embeddable":true,"href":"https:\/\/shop.kustom.ch\/it\/wp-json\/wp\/v2\/product_brand?post=584212"},{"taxonomy":"product_cat","embeddable":true,"href":"https:\/\/shop.kustom.ch\/it\/wp-json\/wp\/v2\/product_cat?post=584212"},{"taxonomy":"product_tag","embeddable":true,"href":"https:\/\/shop.kustom.ch\/it\/wp-json\/wp\/v2\/product_tag?post=584212"}],"curies":[{"name":"wp","href":"https:\/\/api.w.org\/{rel}","templated":true}]}}