{"id":584127,"date":"2025-03-04T10:13:30","date_gmt":"2025-03-04T09:13:30","guid":{"rendered":"https:\/\/shop.kustom.ch\/?post_type=product&#038;p=584127"},"modified":"2025-03-04T10:15:15","modified_gmt":"2025-03-04T09:15:15","slug":"sicherheitsstiefel-pelz-gefuettert-s3-standard-leisten","status":"publish","type":"product","link":"https:\/\/shop.kustom.ch\/it\/prodotto\/sicherheitsstiefel-pelz-gefuettert-s3-standard-leisten\/","title":{"rendered":"Stivali di sicurezza - Foderati di pelliccia S3 (forme standard)"},"content":{"rendered":"<p>Lunghe giornate di lavoro in ambienti difficili? - Allora questi stivali fanno al caso vostro! Lo stivale ha una calzata normale. Il puntale e la protezione contro la penetrazione sono in acciaio e la fodera \u00e8 in pelliccia sintetica. La tomaia \u00e8 in pelle di carbonio e la suola \u00e8 in TPU per una buona aderenza e resistenza all'acqua e all'olio. Lo stivale \u00e8 dotato di un plantare ammortizzante e stabile per una maggiore stabilit\u00e0 e un corretto punto di flessione. Classe di sicurezza EN ISO 20345 S3 SRC. Temperatura di comfort tra +5 e -15 gradi.<\/p>\n<p>MATERIALE PROTETTIVO: Acciaio. FUNZIONALIT\u00c0: gambale imbottito. FODERA: Pelliccia sintetica. MATERIALE SUOLA INTERNA: Tessuto, PU morbido, filo conduttore a base di poliestere. TOMAIA: Pelle intera. Vestibilit\u00e0: regolare. CONFEZIONE: Fornito in paia. MATERIALE DELLA CALZATURA: Acciaio. CERTIFICAZIONE: EN ISO 20345:2011 S3 SRC<\/p>","protected":false},"excerpt":{"rendered":"<p>Lange Arbeitstage in harten Umgebungen? &#8211; Dann ist dieser Stiefel genau richtig! Der Stiefel hat eine normale Passform. Die Zehenschutzkappe und der Durchtrittschutz bestehen aus Stahl und das Futter aus Kunstpelz. Das Obermaterial besteht aus Carbonleder und die Laufsohle aus TPU f\u00fcr guten Halt und Wasser- und \u00d6lbest\u00e4ndigkeit. Der Stiefel besitzt ein stossd\u00e4mpfendes und stabiles [&hellip;]<\/p>\n","protected":false},"featured_media":530465,"template":"","meta":[],"product_brand":[],"product_cat":[9643,4197],"product_tag":[],"class_list":{"0":"post-584127","1":"product","2":"type-product","3":"status-publish","4":"has-post-thumbnail","6":"product_cat-equipment","7":"product_cat-schuhe-sandalen","8":"pa_brand-blaklaeder","9":"pa_brand-type-workwear","10":"pa_filter-color-schwarz","12":"first","13":"outofstock","14":"sale","15":"taxable","16":"shipping-taxable","17":"product-type-variable","18":"add-to-wishlist-before_image"},"exclude_global_add_ons":[],"addons":[],"acf":[],"_links":{"self":[{"href":"https:\/\/shop.kustom.ch\/it\/wp-json\/wp\/v2\/product\/584127"}],"collection":[{"href":"https:\/\/shop.kustom.ch\/it\/wp-json\/wp\/v2\/product"}],"about":[{"href":"https:\/\/shop.kustom.ch\/it\/wp-json\/wp\/v2\/types\/product"}],"wp:featuredmedia":[{"embeddable":true,"href":"https:\/\/shop.kustom.ch\/it\/wp-json\/wp\/v2\/media\/530465"}],"wp:attachment":[{"href":"https:\/\/shop.kustom.ch\/it\/wp-json\/wp\/v2\/media?parent=584127"}],"wp:term":[{"taxonomy":"product_brand","embeddable":true,"href":"https:\/\/shop.kustom.ch\/it\/wp-json\/wp\/v2\/product_brand?post=584127"},{"taxonomy":"product_cat","embeddable":true,"href":"https:\/\/shop.kustom.ch\/it\/wp-json\/wp\/v2\/product_cat?post=584127"},{"taxonomy":"product_tag","embeddable":true,"href":"https:\/\/shop.kustom.ch\/it\/wp-json\/wp\/v2\/product_tag?post=584127"}],"curies":[{"name":"wp","href":"https:\/\/api.w.org\/{rel}","templated":true}]}}