{"id":583977,"date":"2025-03-04T10:08:10","date_gmt":"2025-03-04T09:08:10","guid":{"rendered":"https:\/\/shop.kustom.ch\/?post_type=product&#038;p=583977"},"modified":"2025-05-09T11:27:33","modified_gmt":"2025-05-09T10:27:33","slug":"kurze-baumwoll-socken-5er-pack","status":"publish","type":"product","link":"https:\/\/shop.kustom.ch\/it\/prodotto\/kurze-baumwoll-socken-5er-pack\/","title":{"rendered":"Calzini corti in cotone confezione da 5"},"content":{"rendered":"<p>Calzini bassi alla caviglia in cotone. Venduti in confezioni da 5 pezzi.<\/p>\n<p>FUNZIONALIT\u00c0: Calzini alla caviglia. CARATTERISTICHE PRINCIPALI: Unisex. TESSUTO: nero. ISTRUZIONI DI LAVAGGIO: ferro da stiro - basso. CONFEZIONE: confezione da 5 pezzi<\/p>\n<p>84% cotone, 14% poliammide, 2% elastan<\/p>","protected":false},"excerpt":{"rendered":"<p>Low ankle socks in cotton. Sold in 5-packs. FUNKTIONALIT\u00c4T: Kn\u00f6chellange Socken. HAUPTEIGENSCHAFTEN: Unisex. STOFF: schwarz. WASCHANLEITUNG: B\u00fcgeln &#8211; niedrig. VERPACKUNG: 5er-Pack 84% Baumwolle, 14% Polyamid, 2% Elastan<\/p>","protected":false},"featured_media":584047,"template":"","meta":[],"product_brand":[],"product_cat":[4199],"product_tag":[],"class_list":{"0":"post-583977","1":"product","2":"type-product","3":"status-publish","4":"has-post-thumbnail","6":"product_cat-socken","7":"pa_brand-blaklaeder","8":"pa_brand-type-workwear","9":"pa_filter-color-schwarz","11":"first","12":"instock","13":"sale","14":"taxable","15":"shipping-taxable","16":"purchasable","17":"product-type-variable","18":"add-to-wishlist-before_image"},"exclude_global_add_ons":[],"addons":[],"acf":[],"_links":{"self":[{"href":"https:\/\/shop.kustom.ch\/it\/wp-json\/wp\/v2\/product\/583977"}],"collection":[{"href":"https:\/\/shop.kustom.ch\/it\/wp-json\/wp\/v2\/product"}],"about":[{"href":"https:\/\/shop.kustom.ch\/it\/wp-json\/wp\/v2\/types\/product"}],"wp:featuredmedia":[{"embeddable":true,"href":"https:\/\/shop.kustom.ch\/it\/wp-json\/wp\/v2\/media\/584047"}],"wp:attachment":[{"href":"https:\/\/shop.kustom.ch\/it\/wp-json\/wp\/v2\/media?parent=583977"}],"wp:term":[{"taxonomy":"product_brand","embeddable":true,"href":"https:\/\/shop.kustom.ch\/it\/wp-json\/wp\/v2\/product_brand?post=583977"},{"taxonomy":"product_cat","embeddable":true,"href":"https:\/\/shop.kustom.ch\/it\/wp-json\/wp\/v2\/product_cat?post=583977"},{"taxonomy":"product_tag","embeddable":true,"href":"https:\/\/shop.kustom.ch\/it\/wp-json\/wp\/v2\/product_tag?post=583977"}],"curies":[{"name":"wp","href":"https:\/\/api.w.org\/{rel}","templated":true}]}}