{"id":583961,"date":"2025-03-04T10:08:06","date_gmt":"2025-03-04T09:08:06","guid":{"rendered":"https:\/\/shop.kustom.ch\/?post_type=product&#038;p=583961"},"modified":"2025-05-09T11:27:28","modified_gmt":"2025-05-09T10:27:28","slug":"socken-xwarm","status":"publish","type":"product","link":"https:\/\/shop.kustom.ch\/it\/prodotto\/socken-xwarm\/","title":{"rendered":"Calzini XWARM"},"content":{"rendered":"<p>Calze lunghe fino al ginocchio, sviluppate appositamente per condizioni climatiche estremamente fredde. Queste calze controllano il calore, assorbono l'umidit\u00e0 e hanno uno strato d'aria isolante tra la pianta del piede e la scarpa. Gli inserti in elastan nelle aree di maglia tecnica assicurano una vestibilit\u00e0 perfetta.<\/p>\n<p>FUNZIONALIT\u00c0: calore controllato. Fibra di elastan nelle zone di maglia tecnica per una buona vestibilit\u00e0. CARATTERISTICHE PRINCIPALI: Unisex. TESSUTO: rosso ad alta visibilit\u00e0. ISTRUZIONI DI LAVAGGIO: Non centrifugare.<\/p>\n<p>60% lana, 20% poliacrilico, 18% poliammide, 2% elastan<\/p>","protected":false},"excerpt":{"rendered":"<p>Knielange Socken, speziell entwickelt f\u00fcr extrem kalte Wetterbedingungen. Diese Socken kontrollieren die W\u00e4rme, absorbieren die Feuchtigkeit und haben eine isolierende Luftschicht zwischen Fusssohle und Schuh. Elastan-Eins\u00e4tze in technisch gestrickten Bereichen sorgen f\u00fcr einen perfekten Sitz. FUNKTIONALIT\u00c4T: Kontrolliert Hitze. Elasthan-Faser in technisch gestrickten Bereichen f\u00fcr eine gute Passform. HAUPTEIGENSCHAFTEN: Unisex. STOFF: High-Vis Rot. WASCHANLEITUNG: Nicht schleudern [&hellip;]<\/p>\n","protected":false},"featured_media":584032,"template":"","meta":[],"product_brand":[],"product_cat":[4199],"product_tag":[],"class_list":{"0":"post-583961","1":"product","2":"type-product","3":"status-publish","4":"has-post-thumbnail","6":"product_cat-socken","7":"pa_brand-blaklaeder","8":"pa_brand-type-workwear","9":"pa_filter-color-rot","10":"pa_filter-color-schwarz","12":"first","13":"instock","14":"sale","15":"taxable","16":"shipping-taxable","17":"purchasable","18":"product-type-variable","19":"add-to-wishlist-before_image"},"exclude_global_add_ons":[],"addons":[],"acf":[],"_links":{"self":[{"href":"https:\/\/shop.kustom.ch\/it\/wp-json\/wp\/v2\/product\/583961"}],"collection":[{"href":"https:\/\/shop.kustom.ch\/it\/wp-json\/wp\/v2\/product"}],"about":[{"href":"https:\/\/shop.kustom.ch\/it\/wp-json\/wp\/v2\/types\/product"}],"wp:featuredmedia":[{"embeddable":true,"href":"https:\/\/shop.kustom.ch\/it\/wp-json\/wp\/v2\/media\/584032"}],"wp:attachment":[{"href":"https:\/\/shop.kustom.ch\/it\/wp-json\/wp\/v2\/media?parent=583961"}],"wp:term":[{"taxonomy":"product_brand","embeddable":true,"href":"https:\/\/shop.kustom.ch\/it\/wp-json\/wp\/v2\/product_brand?post=583961"},{"taxonomy":"product_cat","embeddable":true,"href":"https:\/\/shop.kustom.ch\/it\/wp-json\/wp\/v2\/product_cat?post=583961"},{"taxonomy":"product_tag","embeddable":true,"href":"https:\/\/shop.kustom.ch\/it\/wp-json\/wp\/v2\/product_tag?post=583961"}],"curies":[{"name":"wp","href":"https:\/\/api.w.org\/{rel}","templated":true}]}}